{"id":16710,"date":"2025-07-29T10:33:58","date_gmt":"2025-07-29T10:33:58","guid":{"rendered":"https:\/\/flytechltd.com\/?post_type=product&#038;p=16710"},"modified":"2026-02-20T17:19:09","modified_gmt":"2026-02-20T17:19:09","slug":"yel-degirmeni-kitapligi-grey","status":"publish","type":"product","link":"https:\/\/flytechltd.com\/en\/p\/yel-degirmeni-kitapligi-grey\/","title":{"rendered":"Yel De\u011firmeni Kitapl\u0131\u011f\u0131 Grey"},"content":{"rendered":"<p>&nbsp;<\/p>\n<table width=\"364\">\n<tbody>\n<tr>\n<td><strong>\u00dcr\u00fcn ad\u0131<\/strong><\/td>\n<td>\u00c7ocuk oyuncak organizat\u00f6r ve depolama raf<\/td>\n<\/tr>\n<tr>\n<td><strong>Malzeme<\/strong><\/td>\n<td>HDPE<\/td>\n<\/tr>\n<tr>\n<td><strong>Renk<\/strong><\/td>\n<td>Beyaz ve gri renk, beyaz ve ye\u015fil renk<\/td>\n<\/tr>\n<tr>\n<td><strong>Sertifikalar<\/strong><\/td>\n<td>CPC\/CE\/EN71\/ASTM\/UKCA\/KC<\/td>\n<\/tr>\n<tr>\n<td><strong>\u00d6zellik<\/strong><\/td>\n<td>Kitap okumak ve almak i\u00e7in \u00e7ocuklar i\u00e7in uygun olan 360 derece d\u00f6nebilir; Ultra b\u00fcy\u00fck kapasite; \u00c7ok say\u0131da bebek kitab\u0131 tutabilir; B\u00fcy\u00fck a\u00e7\u0131k alan, sol ve sa\u011f taraf bir \u015feyler asabilir; Kal\u0131nla\u015ft\u0131r\u0131lm\u0131\u015f 35mm taban plakas\u0131 daha g\u00fc\u00e7l\u00fcd\u00fcr; Alt kardan tekerle\u011fi daha esnektir<\/td>\n<\/tr>\n<tr>\n<td><strong>Uygula<\/strong><\/td>\n<td>Ev, e\u011flence park\u0131, anaokulu, restoran, vb<\/td>\n<\/tr>\n<\/tbody>\n<\/table>\n<p>&nbsp;<\/p>\n<p><img fetchpriority=\"high\" decoding=\"async\" class=\" wp-image-16932 aligncenter\" src=\"https:\/\/flytechltd.com\/wp-content\/uploads\/2025\/07\/01-1-165x300.jpg\" alt=\"\" width=\"300\" height=\"546\" srcset=\"https:\/\/flytechltd.com\/wp-content\/uploads\/2025\/07\/01-1-165x300.jpg 165w, https:\/\/flytechltd.com\/wp-content\/uploads\/2025\/07\/01-1-563x1024.jpg 563w, https:\/\/flytechltd.com\/wp-content\/uploads\/2025\/07\/01-1-150x273.jpg 150w, https:\/\/flytechltd.com\/wp-content\/uploads\/2025\/07\/01-1.jpg 750w\" sizes=\"(max-width: 300px) 100vw, 300px\" \/><\/p>\n<p><img decoding=\"async\" class=\"aligncenter wp-image-16934\" src=\"https:\/\/flytechltd.com\/wp-content\/uploads\/2025\/07\/02-1-231x300.jpg\" alt=\"\" width=\"300\" height=\"390\" srcset=\"https:\/\/flytechltd.com\/wp-content\/uploads\/2025\/07\/02-1-231x300.jpg 231w, https:\/\/flytechltd.com\/wp-content\/uploads\/2025\/07\/02-1-150x195.jpg 150w, https:\/\/flytechltd.com\/wp-content\/uploads\/2025\/07\/02-1.jpg 750w\" sizes=\"(max-width: 300px) 100vw, 300px\" \/><\/p>\n<p><img decoding=\"async\" class=\"aligncenter wp-image-16938\" src=\"https:\/\/flytechltd.com\/wp-content\/uploads\/2025\/07\/04-1-154x300.jpg\" alt=\"\" width=\"300\" height=\"586\" srcset=\"https:\/\/flytechltd.com\/wp-content\/uploads\/2025\/07\/04-1-154x300.jpg 154w, https:\/\/flytechltd.com\/wp-content\/uploads\/2025\/07\/04-1-524x1024.jpg 524w, https:\/\/flytechltd.com\/wp-content\/uploads\/2025\/07\/04-1-150x293.jpg 150w, https:\/\/flytechltd.com\/wp-content\/uploads\/2025\/07\/04-1.jpg 750w\" sizes=\"(max-width: 300px) 100vw, 300px\" \/><\/p>\n<p><img loading=\"lazy\" decoding=\"async\" class=\"aligncenter wp-image-16940\" src=\"https:\/\/flytechltd.com\/wp-content\/uploads\/2025\/07\/05-1-186x300.jpg\" alt=\"\" width=\"300\" height=\"483\" srcset=\"https:\/\/flytechltd.com\/wp-content\/uploads\/2025\/07\/05-1-186x300.jpg 186w, https:\/\/flytechltd.com\/wp-content\/uploads\/2025\/07\/05-1-636x1024.jpg 636w, https:\/\/flytechltd.com\/wp-content\/uploads\/2025\/07\/05-1-150x241.jpg 150w, https:\/\/flytechltd.com\/wp-content\/uploads\/2025\/07\/05-1.jpg 750w\" sizes=\"(max-width: 300px) 100vw, 300px\" \/><\/p>\n<p><img loading=\"lazy\" decoding=\"async\" class=\"aligncenter wp-image-16942\" src=\"https:\/\/flytechltd.com\/wp-content\/uploads\/2025\/07\/06-1-193x300.jpg\" alt=\"\" width=\"300\" height=\"466\" srcset=\"https:\/\/flytechltd.com\/wp-content\/uploads\/2025\/07\/06-1-193x300.jpg 193w, https:\/\/flytechltd.com\/wp-content\/uploads\/2025\/07\/06-1-659x1024.jpg 659w, https:\/\/flytechltd.com\/wp-content\/uploads\/2025\/07\/06-1-150x233.jpg 150w, https:\/\/flytechltd.com\/wp-content\/uploads\/2025\/07\/06-1.jpg 750w\" sizes=\"(max-width: 300px) 100vw, 300px\" \/><\/p>\n<p><img loading=\"lazy\" decoding=\"async\" class=\"aligncenter wp-image-16944\" src=\"https:\/\/flytechltd.com\/wp-content\/uploads\/2025\/07\/07-1-163x300.jpg\" alt=\"\" width=\"300\" height=\"554\" srcset=\"https:\/\/flytechltd.com\/wp-content\/uploads\/2025\/07\/07-1-163x300.jpg 163w, https:\/\/flytechltd.com\/wp-content\/uploads\/2025\/07\/07-1-555x1024.jpg 555w, https:\/\/flytechltd.com\/wp-content\/uploads\/2025\/07\/07-1-150x277.jpg 150w, https:\/\/flytechltd.com\/wp-content\/uploads\/2025\/07\/07-1.jpg 750w\" sizes=\"(max-width: 300px) 100vw, 300px\" \/><\/p>\n<p><img loading=\"lazy\" decoding=\"async\" class=\"aligncenter wp-image-16946\" src=\"https:\/\/flytechltd.com\/wp-content\/uploads\/2025\/07\/08-1-261x300.jpg\" alt=\"\" width=\"300\" height=\"345\" srcset=\"https:\/\/flytechltd.com\/wp-content\/uploads\/2025\/07\/08-1-261x300.jpg 261w, https:\/\/flytechltd.com\/wp-content\/uploads\/2025\/07\/08-1-150x172.jpg 150w, https:\/\/flytechltd.com\/wp-content\/uploads\/2025\/07\/08-1.jpg 750w\" sizes=\"(max-width: 300px) 100vw, 300px\" \/><\/p>\n<p>Sertifikalar: Cpc\/astm\/ce\/en71\/sni\/gcc\/iso9001\/ccc\/ukca\/kc\/sni\/ukca<\/p>\n<p>&nbsp;<\/p>\n<p>CPC (\u00c7ocuk \u00dcr\u00fcnleri Sertifikas\u0131), ABD&#8217;de sat\u0131lan \u00e7ocuk \u00fcr\u00fcnlerinin T\u00fcketici \u00dcr\u00fcn G\u00fcvenli\u011fi Komisyonu (CPSC) taraf\u0131ndan belirlenen g\u00fcvenlik standartlar\u0131na uygunlu\u011funu kan\u0131tlamak i\u00e7in \u00fcretici veya ithalat\u00e7\u0131lar taraf\u0131ndan d\u00fczenlenen zorunlu bir uyumluluk belgesidir. Bu belge, \u00fcr\u00fcnlerin T\u00fcketici \u00dcr\u00fcn G\u00fcvenli\u011fi \u0130yile\u015ftirme Yasas\u0131 (CPSIA) gibi d\u00fczenlemelere uygun oldu\u011funu, zararl\u0131 materyaller i\u00e7ermedi\u011fini ve mekanik riskler ta\u015f\u0131mad\u0131\u011f\u0131n\u0131 teyit eder. Oyuncaklar, giyim \u00fcr\u00fcnleri, bak\u0131m \u00fcr\u00fcnleri gibi t\u00fcm \u00e7ocuk \u00fcr\u00fcnleri bu sertifikasyona tabidir. CPC, tedarik\u00e7ilerin \u00e7ocuk g\u00fcvenli\u011fini \u00f6nceliklendirdi\u011fini, yasal piyasa eri\u015fim ko\u015fullar\u0131n\u0131 kar\u015f\u0131lad\u0131\u011f\u0131n\u0131 ve ABD pazar\u0131na sunulan \u00fcr\u00fcnler i\u00e7in ge\u00e7erli sorumlu \u00fcretim standartlar\u0131na uygun oldu\u011funu g\u00f6sterir.<\/p>\n<p>EN 71, Avrupa Standardizasyon Komitesi (CEN) taraf\u0131ndan geli\u015ftirilen ve AB \u00fclkeleri d\u00fczenleyici kurumlar\u0131 taraf\u0131ndan denetlenen bir Avrupa oyuncak g\u00fcvenlik standard\u0131d\u0131r. 14 ya\u015f alt\u0131 \u00e7ocuklar i\u00e7in tasarlanan oyuncaklarda mekanik ve fiziksel g\u00fcvenlik gerekliliklerini belirleyerek bo\u011fulma, keskin kenarlar veya yap\u0131sal dengesizlik gibi riskleri en aza indirmeyi ama\u00e7lar. AB Oyuncak G\u00fcvenli\u011fi Direktifi 2009\/48\/EC kapsam\u0131nda zorunlu olan bu standart, Avrupa Ekonomik Alan\u0131&#8217;nda sat\u0131lan t\u00fcm oyuncaklar i\u00e7in ge\u00e7erlidir. Uyumluluk sertifikas\u0131, \u00fcr\u00fcnlerin \u00e7ocuklar\u0131n fiziksel temas\u0131 i\u00e7in belirlenen kat\u0131 g\u00fcvenlik kriterlerini kar\u015f\u0131lad\u0131\u011f\u0131n\u0131 g\u00f6sterir. Bu belgelendirme, sorumluluk risklerini azalt\u0131rken 31 Avrupa \u00fclkesini kapsayan pazara yasal giri\u015f imkan\u0131 sa\u011flar.<\/p>\n","protected":false},"excerpt":{"rendered":"<p>&nbsp; \u00dcr\u00fcn ad\u0131 \u00c7ocuk oyuncak organizat\u00f6r ve depolama raf Malzeme HDPE Renk Beyaz ve gri renk, beyaz ve ye\u015fil renk<\/p>\n","protected":false},"featured_media":16711,"comment_status":"open","ping_status":"closed","template":"","meta":[],"product_brand":[],"product_cat":[782,787],"product_tag":[],"class_list":{"0":"post-16710","1":"product","2":"type-product","3":"status-publish","4":"has-post-thumbnail","6":"product_cat-bebek-cocuk","7":"product_cat-cocuk-odasi-duzenleyici-mobilya","9":"first","10":"instock","11":"sale","12":"shipping-taxable","13":"purchasable","14":"product-type-simple"},"aioseo_notices":[],"_links":{"self":[{"href":"https:\/\/flytechltd.com\/en\/wp-json\/wp\/v2\/product\/16710","targetHints":{"allow":["GET"]}}],"collection":[{"href":"https:\/\/flytechltd.com\/en\/wp-json\/wp\/v2\/product"}],"about":[{"href":"https:\/\/flytechltd.com\/en\/wp-json\/wp\/v2\/types\/product"}],"replies":[{"embeddable":true,"href":"https:\/\/flytechltd.com\/en\/wp-json\/wp\/v2\/comments?post=16710"}],"version-history":[{"count":0,"href":"https:\/\/flytechltd.com\/en\/wp-json\/wp\/v2\/product\/16710\/revisions"}],"wp:featuredmedia":[{"embeddable":true,"href":"https:\/\/flytechltd.com\/en\/wp-json\/wp\/v2\/media\/16711"}],"wp:attachment":[{"href":"https:\/\/flytechltd.com\/en\/wp-json\/wp\/v2\/media?parent=16710"}],"wp:term":[{"taxonomy":"product_brand","embeddable":true,"href":"https:\/\/flytechltd.com\/en\/wp-json\/wp\/v2\/product_brand?post=16710"},{"taxonomy":"product_cat","embeddable":true,"href":"https:\/\/flytechltd.com\/en\/wp-json\/wp\/v2\/product_cat?post=16710"},{"taxonomy":"product_tag","embeddable":true,"href":"https:\/\/flytechltd.com\/en\/wp-json\/wp\/v2\/product_tag?post=16710"}],"curies":[{"name":"wp","href":"https:\/\/api.w.org\/{rel}","templated":true}]}}