{"id":16749,"date":"2025-07-29T10:45:38","date_gmt":"2025-07-29T10:45:38","guid":{"rendered":"https:\/\/flytechltd.com\/?post_type=product&#038;p=16749"},"modified":"2026-04-05T14:06:51","modified_gmt":"2026-04-05T14:06:51","slug":"sallanan-sovalye-araba-cocuklar-ve-yetiskinler-icin-sari","status":"publish","type":"product","link":"https:\/\/flytechltd.com\/en\/p\/sallanan-sovalye-araba-cocuklar-ve-yetiskinler-icin-sari\/","title":{"rendered":"Sallanan \u015e\u00f6valye Araba \u00c7ocuklar Ve Yeti\u015fkinler \u0130\u00e7in Sar\u0131"},"content":{"rendered":"<table width=\"364\">\n<tbody>\n<tr>\n<td><strong>\u00dcr\u00fcn ad\u0131<\/strong><\/td>\n<td>Bebek \u00e7ok fonksiyonlu sallanan at<\/td>\n<\/tr>\n<tr>\n<td><strong>Malzeme<\/strong><\/td>\n<td>HDPE<\/td>\n<\/tr>\n<tr>\n<td><strong>Renk<\/strong><\/td>\n<td>Gri<\/td>\n<\/tr>\n<tr>\n<td><strong>\u00d6zelli\u011fi<\/strong><\/td>\n<td>1. \u00c7ok fonksiyonlu<\/p>\n<p>2. Dayan\u0131kl\u0131<\/p>\n<p>3. Kullan\u0131m-dostu tasar\u0131m<\/td>\n<\/tr>\n<tr>\n<td><strong>Belgesi<\/strong><\/td>\n<td>CE\/ASTM\/EN70\/tbm\/KC<\/td>\n<\/tr>\n<\/tbody>\n<\/table>\n<p>&nbsp;<\/p>\n<p><img fetchpriority=\"high\" decoding=\"async\" class=\"alignnone wp-image-16881\" src=\"https:\/\/flytechltd.com\/wp-content\/uploads\/2025\/07\/01-151x300.jpg\" alt=\"\" width=\"354\" height=\"703\" srcset=\"https:\/\/flytechltd.com\/wp-content\/uploads\/2025\/07\/01-151x300.jpg 151w, https:\/\/flytechltd.com\/wp-content\/uploads\/2025\/07\/01-515x1024.jpg 515w, https:\/\/flytechltd.com\/wp-content\/uploads\/2025\/07\/01-150x298.jpg 150w, https:\/\/flytechltd.com\/wp-content\/uploads\/2025\/07\/01.jpg 750w\" sizes=\"(max-width: 354px) 100vw, 354px\" \/><\/p>\n<p><img decoding=\"async\" class=\"alignnone wp-image-16885\" src=\"https:\/\/flytechltd.com\/wp-content\/uploads\/2025\/07\/03-1-208x300.jpg\" alt=\"\" width=\"336\" height=\"484\" srcset=\"https:\/\/flytechltd.com\/wp-content\/uploads\/2025\/07\/03-1-208x300.jpg 208w, https:\/\/flytechltd.com\/wp-content\/uploads\/2025\/07\/03-1-150x217.jpg 150w\" sizes=\"(max-width: 336px) 100vw, 336px\" \/><\/p>\n<p><img decoding=\"async\" class=\"alignnone wp-image-16891\" src=\"https:\/\/flytechltd.com\/wp-content\/uploads\/2025\/07\/06-215x300.jpg\" alt=\"\" width=\"338\" height=\"472\" srcset=\"https:\/\/flytechltd.com\/wp-content\/uploads\/2025\/07\/06-215x300.jpg 215w, https:\/\/flytechltd.com\/wp-content\/uploads\/2025\/07\/06-734x1024.jpg 734w, https:\/\/flytechltd.com\/wp-content\/uploads\/2025\/07\/06-150x209.jpg 150w, https:\/\/flytechltd.com\/wp-content\/uploads\/2025\/07\/06.jpg 750w\" sizes=\"(max-width: 338px) 100vw, 338px\" \/><\/p>\n<p><img loading=\"lazy\" decoding=\"async\" class=\"alignnone wp-image-16887\" src=\"https:\/\/flytechltd.com\/wp-content\/uploads\/2025\/07\/04-229x300.jpg\" alt=\"\" width=\"339\" height=\"444\" srcset=\"https:\/\/flytechltd.com\/wp-content\/uploads\/2025\/07\/04-229x300.jpg 229w, https:\/\/flytechltd.com\/wp-content\/uploads\/2025\/07\/04-150x197.jpg 150w, https:\/\/flytechltd.com\/wp-content\/uploads\/2025\/07\/04.jpg 750w\" sizes=\"(max-width: 339px) 100vw, 339px\" \/><\/p>\n<p><img loading=\"lazy\" decoding=\"async\" class=\"alignnone wp-image-16893\" src=\"https:\/\/flytechltd.com\/wp-content\/uploads\/2025\/07\/07-209x300.jpg\" alt=\"\" width=\"337\" height=\"484\" srcset=\"https:\/\/flytechltd.com\/wp-content\/uploads\/2025\/07\/07-209x300.jpg 209w, https:\/\/flytechltd.com\/wp-content\/uploads\/2025\/07\/07-712x1024.jpg 712w, https:\/\/flytechltd.com\/wp-content\/uploads\/2025\/07\/07-150x216.jpg 150w, https:\/\/flytechltd.com\/wp-content\/uploads\/2025\/07\/07.jpg 750w\" sizes=\"(max-width: 337px) 100vw, 337px\" \/><\/p>\n<p><img loading=\"lazy\" decoding=\"async\" class=\"alignnone wp-image-16895\" src=\"https:\/\/flytechltd.com\/wp-content\/uploads\/2025\/07\/08-172x300.jpg\" alt=\"\" width=\"336\" height=\"586\" srcset=\"https:\/\/flytechltd.com\/wp-content\/uploads\/2025\/07\/08-172x300.jpg 172w, https:\/\/flytechltd.com\/wp-content\/uploads\/2025\/07\/08-587x1024.jpg 587w, https:\/\/flytechltd.com\/wp-content\/uploads\/2025\/07\/08-150x262.jpg 150w, https:\/\/flytechltd.com\/wp-content\/uploads\/2025\/07\/08.jpg 750w\" sizes=\"(max-width: 336px) 100vw, 336px\" \/><\/p>\n<p><img loading=\"lazy\" decoding=\"async\" class=\"alignnone wp-image-16897\" src=\"https:\/\/flytechltd.com\/wp-content\/uploads\/2025\/07\/09-242x300.jpg\" alt=\"\" width=\"319\" height=\"395\" srcset=\"https:\/\/flytechltd.com\/wp-content\/uploads\/2025\/07\/09-242x300.jpg 242w, https:\/\/flytechltd.com\/wp-content\/uploads\/2025\/07\/09-150x186.jpg 150w, https:\/\/flytechltd.com\/wp-content\/uploads\/2025\/07\/09.jpg 750w\" sizes=\"(max-width: 319px) 100vw, 319px\" \/><\/p>\n<p>&nbsp;<\/p>\n<p>&nbsp;<\/p>\n<p>&nbsp;<\/p>\n","protected":false},"excerpt":{"rendered":"<p>\u00dcr\u00fcn ad\u0131 Bebek \u00e7ok fonksiyonlu sallanan at Malzeme HDPE Renk Gri \u00d6zelli\u011fi 1. \u00c7ok fonksiyonlu 2. Dayan\u0131kl\u0131 3. Kullan\u0131m-dostu tasar\u0131m<\/p>\n","protected":false},"featured_media":16760,"comment_status":"open","ping_status":"closed","template":"","meta":[],"product_brand":[],"product_cat":[782,783],"product_tag":[],"class_list":{"0":"post-16749","1":"product","2":"type-product","3":"status-publish","4":"has-post-thumbnail","6":"product_cat-bebek-cocuk","7":"product_cat-bebek-cocuk-aktivite-gerecleri","9":"first","10":"instock","11":"shipping-taxable","12":"purchasable","13":"product-type-simple"},"aioseo_notices":[],"_links":{"self":[{"href":"https:\/\/flytechltd.com\/en\/wp-json\/wp\/v2\/product\/16749","targetHints":{"allow":["GET"]}}],"collection":[{"href":"https:\/\/flytechltd.com\/en\/wp-json\/wp\/v2\/product"}],"about":[{"href":"https:\/\/flytechltd.com\/en\/wp-json\/wp\/v2\/types\/product"}],"replies":[{"embeddable":true,"href":"https:\/\/flytechltd.com\/en\/wp-json\/wp\/v2\/comments?post=16749"}],"version-history":[{"count":0,"href":"https:\/\/flytechltd.com\/en\/wp-json\/wp\/v2\/product\/16749\/revisions"}],"wp:featuredmedia":[{"embeddable":true,"href":"https:\/\/flytechltd.com\/en\/wp-json\/wp\/v2\/media\/16760"}],"wp:attachment":[{"href":"https:\/\/flytechltd.com\/en\/wp-json\/wp\/v2\/media?parent=16749"}],"wp:term":[{"taxonomy":"product_brand","embeddable":true,"href":"https:\/\/flytechltd.com\/en\/wp-json\/wp\/v2\/product_brand?post=16749"},{"taxonomy":"product_cat","embeddable":true,"href":"https:\/\/flytechltd.com\/en\/wp-json\/wp\/v2\/product_cat?post=16749"},{"taxonomy":"product_tag","embeddable":true,"href":"https:\/\/flytechltd.com\/en\/wp-json\/wp\/v2\/product_tag?post=16749"}],"curies":[{"name":"wp","href":"https:\/\/api.w.org\/{rel}","templated":true}]}}