{"id":16832,"date":"2025-07-29T13:08:48","date_gmt":"2025-07-29T13:08:48","guid":{"rendered":"https:\/\/flytechltd.com\/?post_type=product&#038;p=16832"},"modified":"2026-02-20T17:10:53","modified_gmt":"2026-02-20T17:10:53","slug":"cocuklar-icin-masa-sandalye-grey","status":"publish","type":"product","link":"https:\/\/flytechltd.com\/en\/p\/cocuklar-icin-masa-sandalye-grey\/","title":{"rendered":"\u00c7ocuklar \u0130\u00e7in Masa Sandalye Grey"},"content":{"rendered":"<p>Masa ve sandalye, Y\u00fcksek sandalye, Mama sandalyesi<\/p>\n<table width=\"364\">\n<tbody>\n<tr>\n<td><strong>Sertifikalar<\/strong><\/td>\n<td>CPC\/CE\/EN71\/ASTM\/UKCA\/KC<\/td>\n<\/tr>\n<tr>\n<td><strong>\u00d6zellik<\/strong><\/td>\n<td>\u00c7ok y\u00f6nl\u00fc yemek sandalyesi, 8 ya\u015f\u0131na kadar kullan\u0131m\u0131 kolay. B\u00fcy\u00fcme yemek sandalyesi, \u00e7ocuklu\u011funda bebe\u011finizle kalmak; Oturmak i\u00e7in sandalyeler \u00f6\u011frenmek, b\u00fcy\u00fcmek i\u00e7in e\u015flik etmek; Yemek sandalyesi, ebeveyn-\u00e7ocuk yeme\u011fi; \u00c7al\u0131\u015fma masas\u0131, \u00e7izim \u3001 film izleme; yap\u0131 blok tablosu, \u00e7alma s\u00fcresi<\/td>\n<\/tr>\n<tr>\n<td><strong>Uygula<\/strong><\/td>\n<td>Ev, e\u011flence park\u0131, anaokulu, restoran, vb<\/td>\n<\/tr>\n<\/tbody>\n<\/table>\n<p><img fetchpriority=\"high\" decoding=\"async\" class=\"alignnone wp-image-16905\" src=\"https:\/\/flytechltd.com\/wp-content\/uploads\/2025\/07\/3-2-1-197x300.jpg\" alt=\"\" width=\"363\" height=\"553\" srcset=\"https:\/\/flytechltd.com\/wp-content\/uploads\/2025\/07\/3-2-1-197x300.jpg 197w, https:\/\/flytechltd.com\/wp-content\/uploads\/2025\/07\/3-2-1-674x1024.jpg 674w, https:\/\/flytechltd.com\/wp-content\/uploads\/2025\/07\/3-2-1-150x228.jpg 150w, https:\/\/flytechltd.com\/wp-content\/uploads\/2025\/07\/3-2-1.jpg 750w\" sizes=\"(max-width: 363px) 100vw, 363px\" \/><\/p>\n<p><img decoding=\"async\" class=\"alignnone wp-image-16901\" src=\"https:\/\/flytechltd.com\/wp-content\/uploads\/2025\/07\/1-2-1-197x300.jpg\" alt=\"\" width=\"363\" height=\"553\" srcset=\"https:\/\/flytechltd.com\/wp-content\/uploads\/2025\/07\/1-2-1-197x300.jpg 197w, https:\/\/flytechltd.com\/wp-content\/uploads\/2025\/07\/1-2-1-673x1024.jpg 673w, https:\/\/flytechltd.com\/wp-content\/uploads\/2025\/07\/1-2-1-150x228.jpg 150w, https:\/\/flytechltd.com\/wp-content\/uploads\/2025\/07\/1-2-1.jpg 750w\" sizes=\"(max-width: 363px) 100vw, 363px\" \/><\/p>\n<p><img decoding=\"async\" class=\"alignnone wp-image-16903\" src=\"https:\/\/flytechltd.com\/wp-content\/uploads\/2025\/07\/2-2-1-180x300.jpg\" alt=\"\" width=\"363\" height=\"605\" srcset=\"https:\/\/flytechltd.com\/wp-content\/uploads\/2025\/07\/2-2-1-180x300.jpg 180w, https:\/\/flytechltd.com\/wp-content\/uploads\/2025\/07\/2-2-1-615x1024.jpg 615w, https:\/\/flytechltd.com\/wp-content\/uploads\/2025\/07\/2-2-1-150x250.jpg 150w, https:\/\/flytechltd.com\/wp-content\/uploads\/2025\/07\/2-2-1.jpg 750w\" sizes=\"(max-width: 363px) 100vw, 363px\" \/><\/p>\n<p><img loading=\"lazy\" decoding=\"async\" class=\"alignnone wp-image-16907\" src=\"https:\/\/flytechltd.com\/wp-content\/uploads\/2025\/07\/4-2-2-300x300.jpg\" alt=\"\" width=\"363\" height=\"363\" srcset=\"https:\/\/flytechltd.com\/wp-content\/uploads\/2025\/07\/4-2-2-300x300.jpg 300w, https:\/\/flytechltd.com\/wp-content\/uploads\/2025\/07\/4-2-2-150x150.jpg 150w, https:\/\/flytechltd.com\/wp-content\/uploads\/2025\/07\/4-2-2-768x768.jpg 768w, https:\/\/flytechltd.com\/wp-content\/uploads\/2025\/07\/4-2-2-600x600.jpg 600w, https:\/\/flytechltd.com\/wp-content\/uploads\/2025\/07\/4-2-2.jpg 1000w\" sizes=\"(max-width: 363px) 100vw, 363px\" \/><\/p>\n<p><img loading=\"lazy\" decoding=\"async\" class=\"alignnone wp-image-16911\" src=\"https:\/\/flytechltd.com\/wp-content\/uploads\/2025\/07\/5-2-2-300x300.jpg\" alt=\"\" width=\"363\" height=\"363\" srcset=\"https:\/\/flytechltd.com\/wp-content\/uploads\/2025\/07\/5-2-2-300x300.jpg 300w, https:\/\/flytechltd.com\/wp-content\/uploads\/2025\/07\/5-2-2-150x150.jpg 150w, https:\/\/flytechltd.com\/wp-content\/uploads\/2025\/07\/5-2-2-768x768.jpg 768w, https:\/\/flytechltd.com\/wp-content\/uploads\/2025\/07\/5-2-2-600x600.jpg 600w, https:\/\/flytechltd.com\/wp-content\/uploads\/2025\/07\/5-2-2.jpg 1000w\" sizes=\"(max-width: 363px) 100vw, 363px\" \/><\/p>\n<p>&nbsp;<\/p>\n<p><img loading=\"lazy\" decoding=\"async\" class=\"alignnone wp-image-16917\" src=\"https:\/\/flytechltd.com\/wp-content\/uploads\/2025\/07\/6-3-158x300.jpg\" alt=\"\" width=\"169\" height=\"321\" srcset=\"https:\/\/flytechltd.com\/wp-content\/uploads\/2025\/07\/6-3-158x300.jpg 158w, https:\/\/flytechltd.com\/wp-content\/uploads\/2025\/07\/6-3-539x1024.jpg 539w, https:\/\/flytechltd.com\/wp-content\/uploads\/2025\/07\/6-3-150x285.jpg 150w, https:\/\/flytechltd.com\/wp-content\/uploads\/2025\/07\/6-3.jpg 750w\" sizes=\"(max-width: 169px) 100vw, 169px\" \/>\u00a0<img loading=\"lazy\" decoding=\"async\" class=\"alignnone wp-image-16909\" src=\"https:\/\/flytechltd.com\/wp-content\/uploads\/2025\/07\/4-10-122x300.jpg\" alt=\"\" width=\"130\" height=\"319\" srcset=\"https:\/\/flytechltd.com\/wp-content\/uploads\/2025\/07\/4-10-122x300.jpg 122w, https:\/\/flytechltd.com\/wp-content\/uploads\/2025\/07\/4-10.jpg 750w\" sizes=\"(max-width: 130px) 100vw, 130px\" \/><\/p>\n<p>&nbsp;<\/p>\n","protected":false},"excerpt":{"rendered":"<p>Masa ve sandalye, Y\u00fcksek sandalye, Mama sandalyesi Sertifikalar CPC\/CE\/EN71\/ASTM\/UKCA\/KC \u00d6zellik \u00c7ok y\u00f6nl\u00fc yemek sandalyesi, 8 ya\u015f\u0131na kadar kullan\u0131m\u0131 kolay. B\u00fcy\u00fcme<\/p>\n","protected":false},"featured_media":16839,"comment_status":"open","ping_status":"closed","template":"","meta":[],"product_brand":[],"product_cat":[782,787],"product_tag":[],"class_list":{"0":"post-16832","1":"product","2":"type-product","3":"status-publish","4":"has-post-thumbnail","6":"product_cat-bebek-cocuk","7":"product_cat-cocuk-odasi-duzenleyici-mobilya","9":"first","10":"instock","11":"sale","12":"shipping-taxable","13":"purchasable","14":"product-type-simple"},"aioseo_notices":[],"_links":{"self":[{"href":"https:\/\/flytechltd.com\/en\/wp-json\/wp\/v2\/product\/16832","targetHints":{"allow":["GET"]}}],"collection":[{"href":"https:\/\/flytechltd.com\/en\/wp-json\/wp\/v2\/product"}],"about":[{"href":"https:\/\/flytechltd.com\/en\/wp-json\/wp\/v2\/types\/product"}],"replies":[{"embeddable":true,"href":"https:\/\/flytechltd.com\/en\/wp-json\/wp\/v2\/comments?post=16832"}],"version-history":[{"count":0,"href":"https:\/\/flytechltd.com\/en\/wp-json\/wp\/v2\/product\/16832\/revisions"}],"wp:featuredmedia":[{"embeddable":true,"href":"https:\/\/flytechltd.com\/en\/wp-json\/wp\/v2\/media\/16839"}],"wp:attachment":[{"href":"https:\/\/flytechltd.com\/en\/wp-json\/wp\/v2\/media?parent=16832"}],"wp:term":[{"taxonomy":"product_brand","embeddable":true,"href":"https:\/\/flytechltd.com\/en\/wp-json\/wp\/v2\/product_brand?post=16832"},{"taxonomy":"product_cat","embeddable":true,"href":"https:\/\/flytechltd.com\/en\/wp-json\/wp\/v2\/product_cat?post=16832"},{"taxonomy":"product_tag","embeddable":true,"href":"https:\/\/flytechltd.com\/en\/wp-json\/wp\/v2\/product_tag?post=16832"}],"curies":[{"name":"wp","href":"https:\/\/api.w.org\/{rel}","templated":true}]}}