{"id":16864,"date":"2025-07-29T13:15:38","date_gmt":"2025-07-29T13:15:38","guid":{"rendered":"https:\/\/flytechltd.com\/?post_type=product&#038;p=16864"},"modified":"2026-04-05T14:00:52","modified_gmt":"2026-04-05T14:00:52","slug":"katlanabilir-oyun-kaydirak-yesil-kahverengi","status":"publish","type":"product","link":"https:\/\/flytechltd.com\/en\/p\/katlanabilir-oyun-kaydirak-yesil-kahverengi\/","title":{"rendered":"Katlanabilir Oyun Kayd\u0131rak Ye\u015fil Kahverengi"},"content":{"rendered":"<table style=\"font-weight: 400; height: 257px;\" width=\"372\">\n<tbody>\n<tr>\n<td style=\"font-weight: 400;\" colspan=\"1\" rowspan=\"1\"><b><strong>Sertifika<\/strong><\/b><\/td>\n<td style=\"font-weight: 400;\" colspan=\"1\" rowspan=\"1\">\n<p data-spm-anchor-id=\"a2700.details-description.0.i3.101an8PJn8PJR0\">EN71,CE,ASTM,SGS, t\u00fcv<\/p>\n<\/td>\n<\/tr>\n<tr>\n<td style=\"font-weight: 400;\" colspan=\"1\" rowspan=\"1\"><b><strong>\u00d6zellik<\/strong><\/b><\/td>\n<td style=\"font-weight: 400;\" colspan=\"1\" rowspan=\"1\">1.\u00c7ok \u0130\u015flevli<\/p>\n<p>2. G\u00fcvenli ve istikrarl\u0131<\/p>\n<p>3. \u00c7evre dostu malzeme<\/p>\n<p>4. Kolay montaj<\/p>\n<p>5. \u00dc\u00e7 a\u015famal\u0131 tasar\u0131m k\u0131zak<\/p>\n<p>6. Ergonomik tasar\u0131m<\/td>\n<\/tr>\n<tr>\n<td style=\"font-weight: 400;\" colspan=\"1\" rowspan=\"1\"><b><strong>Uygula<\/strong><\/b><\/td>\n<td style=\"font-weight: 400;\" colspan=\"1\" rowspan=\"1\">\n<p data-spm-anchor-id=\"a2700.details-description.0.i2.101an8PJn8PJR0\">Ev, e\u011flence park\u0131, anaokulu, restoran, vb<\/p>\n<\/td>\n<\/tr>\n<\/tbody>\n<\/table>\n<p>&nbsp;<\/p>\n<p><img fetchpriority=\"high\" decoding=\"async\" class=\"aligncenter wp-image-17451\" src=\"https:\/\/flytechltd.com\/wp-content\/uploads\/2025\/07\/525-235x300.jpg\" alt=\"\" width=\"250\" height=\"319\" srcset=\"https:\/\/flytechltd.com\/wp-content\/uploads\/2025\/07\/525-235x300.jpg 235w, https:\/\/flytechltd.com\/wp-content\/uploads\/2025\/07\/525-150x191.jpg 150w, https:\/\/flytechltd.com\/wp-content\/uploads\/2025\/07\/525.jpg 750w\" sizes=\"(max-width: 250px) 100vw, 250px\" \/> <img decoding=\"async\" class=\"aligncenter wp-image-17449\" src=\"https:\/\/flytechltd.com\/wp-content\/uploads\/2025\/07\/5-13-225x300.jpg\" alt=\"\" width=\"250\" height=\"333\" srcset=\"https:\/\/flytechltd.com\/wp-content\/uploads\/2025\/07\/5-13-225x300.jpg 225w, https:\/\/flytechltd.com\/wp-content\/uploads\/2025\/07\/5-13-150x200.jpg 150w, https:\/\/flytechltd.com\/wp-content\/uploads\/2025\/07\/5-13.jpg 750w\" sizes=\"(max-width: 250px) 100vw, 250px\" \/> <img decoding=\"async\" class=\"aligncenter wp-image-17447\" src=\"https:\/\/flytechltd.com\/wp-content\/uploads\/2025\/07\/4-13-225x300.jpg\" alt=\"\" width=\"250\" height=\"333\" srcset=\"https:\/\/flytechltd.com\/wp-content\/uploads\/2025\/07\/4-13-225x300.jpg 225w, https:\/\/flytechltd.com\/wp-content\/uploads\/2025\/07\/4-13-150x200.jpg 150w, https:\/\/flytechltd.com\/wp-content\/uploads\/2025\/07\/4-13.jpg 750w\" sizes=\"(max-width: 250px) 100vw, 250px\" \/> <img loading=\"lazy\" decoding=\"async\" class=\"aligncenter wp-image-17445\" src=\"https:\/\/flytechltd.com\/wp-content\/uploads\/2025\/07\/3-13-225x300.jpg\" alt=\"\" width=\"250\" height=\"333\" srcset=\"https:\/\/flytechltd.com\/wp-content\/uploads\/2025\/07\/3-13-225x300.jpg 225w, https:\/\/flytechltd.com\/wp-content\/uploads\/2025\/07\/3-13-150x200.jpg 150w, https:\/\/flytechltd.com\/wp-content\/uploads\/2025\/07\/3-13.jpg 750w\" sizes=\"(max-width: 250px) 100vw, 250px\" \/> <img loading=\"lazy\" decoding=\"async\" class=\"aligncenter wp-image-17443\" src=\"https:\/\/flytechltd.com\/wp-content\/uploads\/2025\/07\/2-15-300x300.jpg\" alt=\"\" width=\"250\" height=\"250\" srcset=\"https:\/\/flytechltd.com\/wp-content\/uploads\/2025\/07\/2-15-300x300.jpg 300w, https:\/\/flytechltd.com\/wp-content\/uploads\/2025\/07\/2-15-150x150.jpg 150w, https:\/\/flytechltd.com\/wp-content\/uploads\/2025\/07\/2-15-600x600.jpg 600w, https:\/\/flytechltd.com\/wp-content\/uploads\/2025\/07\/2-15.jpg 750w\" sizes=\"(max-width: 250px) 100vw, 250px\" \/><\/p>\n","protected":false},"excerpt":{"rendered":"<p>Sertifika EN71,CE,ASTM,SGS, t\u00fcv \u00d6zellik 1.\u00c7ok \u0130\u015flevli 2. G\u00fcvenli ve istikrarl\u0131 3. \u00c7evre dostu malzeme 4. Kolay montaj 5. \u00dc\u00e7 a\u015famal\u0131<\/p>\n","protected":false},"featured_media":16865,"comment_status":"open","ping_status":"closed","template":"","meta":[],"product_brand":[],"product_cat":[790],"product_tag":[],"class_list":{"0":"post-16864","1":"product","2":"type-product","3":"status-publish","4":"has-post-thumbnail","6":"product_cat-oyun-parklari","8":"first","9":"instock","10":"shipping-taxable","11":"purchasable","12":"product-type-simple"},"aioseo_notices":[],"_links":{"self":[{"href":"https:\/\/flytechltd.com\/en\/wp-json\/wp\/v2\/product\/16864","targetHints":{"allow":["GET"]}}],"collection":[{"href":"https:\/\/flytechltd.com\/en\/wp-json\/wp\/v2\/product"}],"about":[{"href":"https:\/\/flytechltd.com\/en\/wp-json\/wp\/v2\/types\/product"}],"replies":[{"embeddable":true,"href":"https:\/\/flytechltd.com\/en\/wp-json\/wp\/v2\/comments?post=16864"}],"version-history":[{"count":0,"href":"https:\/\/flytechltd.com\/en\/wp-json\/wp\/v2\/product\/16864\/revisions"}],"wp:featuredmedia":[{"embeddable":true,"href":"https:\/\/flytechltd.com\/en\/wp-json\/wp\/v2\/media\/16865"}],"wp:attachment":[{"href":"https:\/\/flytechltd.com\/en\/wp-json\/wp\/v2\/media?parent=16864"}],"wp:term":[{"taxonomy":"product_brand","embeddable":true,"href":"https:\/\/flytechltd.com\/en\/wp-json\/wp\/v2\/product_brand?post=16864"},{"taxonomy":"product_cat","embeddable":true,"href":"https:\/\/flytechltd.com\/en\/wp-json\/wp\/v2\/product_cat?post=16864"},{"taxonomy":"product_tag","embeddable":true,"href":"https:\/\/flytechltd.com\/en\/wp-json\/wp\/v2\/product_tag?post=16864"}],"curies":[{"name":"wp","href":"https:\/\/api.w.org\/{rel}","templated":true}]}}