{"id":17415,"date":"2025-10-15T06:03:34","date_gmt":"2025-10-15T06:03:34","guid":{"rendered":"https:\/\/flytechltd.com\/?post_type=product&#038;p=17415"},"modified":"2025-10-15T06:03:36","modified_gmt":"2025-10-15T06:03:36","slug":"awei-rgb-7-1-kablolu-oyuncu-kulakligi-gm11","status":"publish","type":"product","link":"https:\/\/flytechltd.com\/en\/p\/awei-rgb-7-1-kablolu-oyuncu-kulakligi-gm11\/","title":{"rendered":"Awei RGB 7.1 Kablolu Oyuncu Kulakl\u0131\u011f\u0131 GM11"},"content":{"rendered":"<p>\u00d6zellikler:<\/p>\n<p>Renk De\u011fi\u015ftiren RGB Ayd\u0131nlatma: GM-11, oyun kurulumunuza \u00f6zelle\u015ftirilebilir bir estetik katan renk de\u011fi\u015ftiren dinamik RGB ayd\u0131nlatmaya sahiptir. Bu ayd\u0131nlatma genellikle kulakl\u0131ktaki yaz\u0131l\u0131m veya donan\u0131m d\u00fc\u011fmeleriyle ayarlanabilir veya kontrol edilebilir.<br \/>\nY\u00fcksek Kaliteli Ses S\u00fcr\u00fcc\u00fcleri: Kulakl\u0131k, hem oyun i\u00e7i sesi hem de sesli sohbeti geli\u015ftiren net ses \u00fcretimi sunan y\u00fcksek kaliteli ses s\u00fcr\u00fcc\u00fcleriyle donat\u0131lm\u0131\u015ft\u0131r.<br \/>\nG\u00fcr\u00fclt\u00fc \u00d6nleyici Mikrofon: GM-11, arka plan g\u00fcr\u00fclt\u00fcs\u00fcn\u00fc azaltmaya ve sesinizin net bir \u015fekilde iletilmesini sa\u011flayan g\u00fcr\u00fclt\u00fc \u00f6nleyici bir mikrofon i\u00e7erir. Bu, \u00f6zellikle \u00e7ok oyunculu oyunlarda ileti\u015fim i\u00e7in kullan\u0131\u015fl\u0131d\u0131r.<br \/>\nAyarlanabilir Ses Kontrol\u00fc: Kulakl\u0131k, harici kontrollere eri\u015fmenize gerek kalmadan ses seviyelerini ve mikrofon durumunu kolayca y\u00f6netmenizi sa\u011flayan kullan\u0131\u015fl\u0131 kulak \u00fcst\u00fc ses kontrol\u00fc ve mikrofon sessize alma d\u00fc\u011fmeleri i\u00e7erir.<br \/>\nGeni\u015f Uyumluluk: GM-11, sa\u011flanan konekt\u00f6rlere ba\u011fl\u0131 olarak PC&#8217;ler, oyun konsollar\u0131 ve potansiyel olarak mobil cihazlar dahil olmak \u00fczere \u00e7e\u015fitli cihazlarla genel olarak uyumludur.<br \/>\nHayalet Ses Teknolojisi: Bu, s\u00fcr\u00fckleyici ve y\u00fcksek kaliteli ses sunmak i\u00e7in tasarlanm\u0131\u015f geli\u015fmi\u015f ses teknolojisini ifade eder. Sanal surround ses veya geli\u015fmi\u015f bas ve netlik gibi \u00f6zellikler i\u00e7erebilir ve ayr\u0131nt\u0131l\u0131 ve mekansal ses ipu\u00e7lar\u0131 sa\u011flayarak daha ilgi \u00e7ekici bir oyun deneyimi yaratmay\u0131 ama\u00e7lar.<\/p>\n<p><img fetchpriority=\"high\" decoding=\"async\" class=\"aligncenter wp-image-17420\" src=\"https:\/\/flytechltd.com\/wp-content\/uploads\/2025\/10\/H0f6f24728fe6418082a629cf0758cddfB-124x300.jpg\" alt=\"\" width=\"250\" height=\"604\" srcset=\"https:\/\/flytechltd.com\/wp-content\/uploads\/2025\/10\/H0f6f24728fe6418082a629cf0758cddfB-124x300.jpg 124w, https:\/\/flytechltd.com\/wp-content\/uploads\/2025\/10\/H0f6f24728fe6418082a629cf0758cddfB-424x1024.jpg 424w, https:\/\/flytechltd.com\/wp-content\/uploads\/2025\/10\/H0f6f24728fe6418082a629cf0758cddfB-768x1857.jpg 768w, https:\/\/flytechltd.com\/wp-content\/uploads\/2025\/10\/H0f6f24728fe6418082a629cf0758cddfB-635x1536.jpg 635w, https:\/\/flytechltd.com\/wp-content\/uploads\/2025\/10\/H0f6f24728fe6418082a629cf0758cddfB-847x2048.jpg 847w, https:\/\/flytechltd.com\/wp-content\/uploads\/2025\/10\/H0f6f24728fe6418082a629cf0758cddfB-150x363.jpg 150w, https:\/\/flytechltd.com\/wp-content\/uploads\/2025\/10\/H0f6f24728fe6418082a629cf0758cddfB.jpg 950w\" sizes=\"(max-width: 250px) 100vw, 250px\" \/> <img decoding=\"async\" class=\"aligncenter wp-image-17422\" src=\"https:\/\/flytechltd.com\/wp-content\/uploads\/2025\/10\/H9e8b22a81c574694b1e65087234393dak-168x300.jpg\" alt=\"\" width=\"250\" height=\"445\" srcset=\"https:\/\/flytechltd.com\/wp-content\/uploads\/2025\/10\/H9e8b22a81c574694b1e65087234393dak-168x300.jpg 168w, https:\/\/flytechltd.com\/wp-content\/uploads\/2025\/10\/H9e8b22a81c574694b1e65087234393dak-575x1024.jpg 575w, https:\/\/flytechltd.com\/wp-content\/uploads\/2025\/10\/H9e8b22a81c574694b1e65087234393dak-768x1368.jpg 768w, https:\/\/flytechltd.com\/wp-content\/uploads\/2025\/10\/H9e8b22a81c574694b1e65087234393dak-862x1536.jpg 862w, https:\/\/flytechltd.com\/wp-content\/uploads\/2025\/10\/H9e8b22a81c574694b1e65087234393dak-150x267.jpg 150w, https:\/\/flytechltd.com\/wp-content\/uploads\/2025\/10\/H9e8b22a81c574694b1e65087234393dak.jpg 950w\" sizes=\"(max-width: 250px) 100vw, 250px\" \/> <img decoding=\"async\" class=\"aligncenter wp-image-17424\" src=\"https:\/\/flytechltd.com\/wp-content\/uploads\/2025\/10\/H316afa6db00e4bee9bc3759f2f7ddb47b-180x300.jpg\" alt=\"\" width=\"250\" height=\"418\" srcset=\"https:\/\/flytechltd.com\/wp-content\/uploads\/2025\/10\/H316afa6db00e4bee9bc3759f2f7ddb47b-180x300.jpg 180w, https:\/\/flytechltd.com\/wp-content\/uploads\/2025\/10\/H316afa6db00e4bee9bc3759f2f7ddb47b-613x1024.jpg 613w, https:\/\/flytechltd.com\/wp-content\/uploads\/2025\/10\/H316afa6db00e4bee9bc3759f2f7ddb47b-768x1283.jpg 768w, https:\/\/flytechltd.com\/wp-content\/uploads\/2025\/10\/H316afa6db00e4bee9bc3759f2f7ddb47b-919x1536.jpg 919w, https:\/\/flytechltd.com\/wp-content\/uploads\/2025\/10\/H316afa6db00e4bee9bc3759f2f7ddb47b-150x251.jpg 150w, https:\/\/flytechltd.com\/wp-content\/uploads\/2025\/10\/H316afa6db00e4bee9bc3759f2f7ddb47b.jpg 950w\" sizes=\"(max-width: 250px) 100vw, 250px\" \/><\/p>\n","protected":false},"excerpt":{"rendered":"<p>GM11<\/p>\n","protected":false},"featured_media":17416,"comment_status":"open","ping_status":"closed","template":"","meta":[],"product_brand":[],"product_cat":[309],"product_tag":[],"class_list":{"0":"post-17415","1":"product","2":"type-product","3":"status-publish","4":"has-post-thumbnail","6":"product_cat-kulaklik","8":"first","9":"instock","10":"shipping-taxable","11":"purchasable","12":"product-type-simple"},"aioseo_notices":[],"_links":{"self":[{"href":"https:\/\/flytechltd.com\/en\/wp-json\/wp\/v2\/product\/17415","targetHints":{"allow":["GET"]}}],"collection":[{"href":"https:\/\/flytechltd.com\/en\/wp-json\/wp\/v2\/product"}],"about":[{"href":"https:\/\/flytechltd.com\/en\/wp-json\/wp\/v2\/types\/product"}],"replies":[{"embeddable":true,"href":"https:\/\/flytechltd.com\/en\/wp-json\/wp\/v2\/comments?post=17415"}],"version-history":[{"count":0,"href":"https:\/\/flytechltd.com\/en\/wp-json\/wp\/v2\/product\/17415\/revisions"}],"wp:featuredmedia":[{"embeddable":true,"href":"https:\/\/flytechltd.com\/en\/wp-json\/wp\/v2\/media\/17416"}],"wp:attachment":[{"href":"https:\/\/flytechltd.com\/en\/wp-json\/wp\/v2\/media?parent=17415"}],"wp:term":[{"taxonomy":"product_brand","embeddable":true,"href":"https:\/\/flytechltd.com\/en\/wp-json\/wp\/v2\/product_brand?post=17415"},{"taxonomy":"product_cat","embeddable":true,"href":"https:\/\/flytechltd.com\/en\/wp-json\/wp\/v2\/product_cat?post=17415"},{"taxonomy":"product_tag","embeddable":true,"href":"https:\/\/flytechltd.com\/en\/wp-json\/wp\/v2\/product_tag?post=17415"}],"curies":[{"name":"wp","href":"https:\/\/api.w.org\/{rel}","templated":true}]}}