{"id":17508,"date":"2025-10-22T18:45:55","date_gmt":"2025-10-22T18:45:55","guid":{"rendered":"https:\/\/flytechltd.com\/?post_type=product&#038;p=17508"},"modified":"2025-10-22T18:54:00","modified_gmt":"2025-10-22T18:54:00","slug":"zaman-cizelge-masasi-sandalye-takim-ayarlanabilir-mavi","status":"publish","type":"product","link":"https:\/\/flytechltd.com\/en\/p\/zaman-cizelge-masasi-sandalye-takim-ayarlanabilir-mavi\/","title":{"rendered":"Zaman \u00c7izelge Masas\u0131 Sandalye Tak\u0131m Ayarlanabilir Mavi"},"content":{"rendered":"<p><img fetchpriority=\"high\" decoding=\"async\" class=\"alignnone size-medium wp-image-17515\" src=\"https:\/\/flytechltd.com\/wp-content\/uploads\/2025\/10\/3-180x300.jpg\" alt=\"\" width=\"180\" height=\"300\" srcset=\"https:\/\/flytechltd.com\/wp-content\/uploads\/2025\/10\/3-180x300.jpg 180w, https:\/\/flytechltd.com\/wp-content\/uploads\/2025\/10\/3-613x1024.jpg 613w, https:\/\/flytechltd.com\/wp-content\/uploads\/2025\/10\/3-150x251.jpg 150w, https:\/\/flytechltd.com\/wp-content\/uploads\/2025\/10\/3.jpg 750w\" sizes=\"(max-width: 180px) 100vw, 180px\" \/> <img decoding=\"async\" class=\"alignnone size-medium wp-image-17517\" src=\"https:\/\/flytechltd.com\/wp-content\/uploads\/2025\/10\/4-199x300.jpg\" alt=\"\" width=\"199\" height=\"300\" srcset=\"https:\/\/flytechltd.com\/wp-content\/uploads\/2025\/10\/4-199x300.jpg 199w, https:\/\/flytechltd.com\/wp-content\/uploads\/2025\/10\/4-679x1024.jpg 679w, https:\/\/flytechltd.com\/wp-content\/uploads\/2025\/10\/4-150x226.jpg 150w, https:\/\/flytechltd.com\/wp-content\/uploads\/2025\/10\/4.jpg 750w\" sizes=\"(max-width: 199px) 100vw, 199px\" \/> <img decoding=\"async\" class=\"alignnone size-medium wp-image-17519\" src=\"https:\/\/flytechltd.com\/wp-content\/uploads\/2025\/10\/5-264x300.jpg\" alt=\"\" width=\"264\" height=\"300\" srcset=\"https:\/\/flytechltd.com\/wp-content\/uploads\/2025\/10\/5-264x300.jpg 264w, https:\/\/flytechltd.com\/wp-content\/uploads\/2025\/10\/5-150x170.jpg 150w, https:\/\/flytechltd.com\/wp-content\/uploads\/2025\/10\/5.jpg 750w\" sizes=\"(max-width: 264px) 100vw, 264px\" \/> <img loading=\"lazy\" decoding=\"async\" class=\"alignnone size-medium wp-image-17521\" src=\"https:\/\/flytechltd.com\/wp-content\/uploads\/2025\/10\/6-141x300.jpg\" alt=\"\" width=\"141\" height=\"300\" srcset=\"https:\/\/flytechltd.com\/wp-content\/uploads\/2025\/10\/6-141x300.jpg 141w, https:\/\/flytechltd.com\/wp-content\/uploads\/2025\/10\/6-480x1024.jpg 480w, https:\/\/flytechltd.com\/wp-content\/uploads\/2025\/10\/6-720x1536.jpg 720w, https:\/\/flytechltd.com\/wp-content\/uploads\/2025\/10\/6-150x320.jpg 150w, https:\/\/flytechltd.com\/wp-content\/uploads\/2025\/10\/6.jpg 750w\" sizes=\"(max-width: 141px) 100vw, 141px\" \/> <img loading=\"lazy\" decoding=\"async\" class=\"alignnone size-medium wp-image-17523\" src=\"https:\/\/flytechltd.com\/wp-content\/uploads\/2025\/10\/7-169x300.jpg\" alt=\"\" width=\"169\" height=\"300\" srcset=\"https:\/\/flytechltd.com\/wp-content\/uploads\/2025\/10\/7-169x300.jpg 169w, https:\/\/flytechltd.com\/wp-content\/uploads\/2025\/10\/7-578x1024.jpg 578w, https:\/\/flytechltd.com\/wp-content\/uploads\/2025\/10\/7-150x266.jpg 150w, https:\/\/flytechltd.com\/wp-content\/uploads\/2025\/10\/7.jpg 750w\" sizes=\"(max-width: 169px) 100vw, 169px\" \/> <img loading=\"lazy\" decoding=\"async\" class=\"alignnone size-medium wp-image-17525\" src=\"https:\/\/flytechltd.com\/wp-content\/uploads\/2025\/10\/8-172x300.jpg\" alt=\"\" width=\"172\" height=\"300\" srcset=\"https:\/\/flytechltd.com\/wp-content\/uploads\/2025\/10\/8-172x300.jpg 172w, https:\/\/flytechltd.com\/wp-content\/uploads\/2025\/10\/8-588x1024.jpg 588w, https:\/\/flytechltd.com\/wp-content\/uploads\/2025\/10\/8-150x261.jpg 150w, https:\/\/flytechltd.com\/wp-content\/uploads\/2025\/10\/8.jpg 750w\" sizes=\"(max-width: 172px) 100vw, 172px\" \/>\u00c7ocuk Dostu Tasar\u0131m: \u00d6zellikle y\u00fcr\u00fcmeye ba\u015flayan \u00e7ocuklar ve k\u00fc\u00e7\u00fck \u00e7ocuklar i\u00e7in tasarlanm\u0131\u015ft\u0131r.<br \/>\n\u00c7ok Y\u00f6nl\u00fc Kullan\u0131m: Okuma, oynama, \u00e7izim ve di\u011fer e\u011fitim aktiviteleri i\u00e7in idealdir.<br \/>\nSa\u011flam Yap\u0131: Uzun \u00f6m\u00fcrl\u00fc kullan\u0131m i\u00e7in dayan\u0131kl\u0131 plastikten yap\u0131lm\u0131\u015ft\u0131r.<br \/>\nRahat Oturma: Aktiviteler s\u0131ras\u0131nda daha fazla konfor i\u00e7in uyumlu sandalyelerle birlikte gelir.<br \/>\nKolay Temizlenir: Da\u011f\u0131n\u0131k oyun seanslar\u0131ndan sonra zahmetsiz temizlik i\u00e7in p\u00fcr\u00fczs\u00fcz y\u00fczey.<br \/>\n\u00c7ekici Tasar\u0131m: \u00c7ocuklar\u0131 me\u015fgul edecek ve herhangi bir oyun odas\u0131 veya kre\u015f dekorunu tamamlayacak parlak ve renkli.<\/p>\n","protected":false},"excerpt":{"rendered":"<p>HA7715<\/p>\n","protected":false},"featured_media":17509,"comment_status":"open","ping_status":"closed","template":"","meta":[],"product_brand":[],"product_cat":[787],"product_tag":[],"class_list":{"0":"post-17508","1":"product","2":"type-product","3":"status-publish","4":"has-post-thumbnail","6":"product_cat-cocuk-odasi-duzenleyici-mobilya","8":"first","9":"instock","10":"shipping-taxable","11":"purchasable","12":"product-type-simple"},"aioseo_notices":[],"_links":{"self":[{"href":"https:\/\/flytechltd.com\/en\/wp-json\/wp\/v2\/product\/17508","targetHints":{"allow":["GET"]}}],"collection":[{"href":"https:\/\/flytechltd.com\/en\/wp-json\/wp\/v2\/product"}],"about":[{"href":"https:\/\/flytechltd.com\/en\/wp-json\/wp\/v2\/types\/product"}],"replies":[{"embeddable":true,"href":"https:\/\/flytechltd.com\/en\/wp-json\/wp\/v2\/comments?post=17508"}],"version-history":[{"count":0,"href":"https:\/\/flytechltd.com\/en\/wp-json\/wp\/v2\/product\/17508\/revisions"}],"wp:featuredmedia":[{"embeddable":true,"href":"https:\/\/flytechltd.com\/en\/wp-json\/wp\/v2\/media\/17509"}],"wp:attachment":[{"href":"https:\/\/flytechltd.com\/en\/wp-json\/wp\/v2\/media?parent=17508"}],"wp:term":[{"taxonomy":"product_brand","embeddable":true,"href":"https:\/\/flytechltd.com\/en\/wp-json\/wp\/v2\/product_brand?post=17508"},{"taxonomy":"product_cat","embeddable":true,"href":"https:\/\/flytechltd.com\/en\/wp-json\/wp\/v2\/product_cat?post=17508"},{"taxonomy":"product_tag","embeddable":true,"href":"https:\/\/flytechltd.com\/en\/wp-json\/wp\/v2\/product_tag?post=17508"}],"curies":[{"name":"wp","href":"https:\/\/api.w.org\/{rel}","templated":true}]}}