{"id":17707,"date":"2025-11-20T11:27:22","date_gmt":"2025-11-20T11:27:22","guid":{"rendered":"https:\/\/flytechltd.com\/?post_type=product&#038;p=17707"},"modified":"2025-11-27T19:20:21","modified_gmt":"2025-11-27T19:20:21","slug":"sirt-cantasi-dinazor","status":"publish","type":"product","link":"https:\/\/flytechltd.com\/en\/p\/sirt-cantasi-dinazor\/","title":{"rendered":"S\u0131rt \u00c7antas\u0131 Dinazor"},"content":{"rendered":"<ul>\n<li>With zip closure<\/li>\n<li>With adjustable shoulder straps<\/li>\n<li>Made of waterproof nylon, perfect for rain!<\/li>\n<li>Dimensions: 25\u00a0x 22\u00a0x 10\u00a0cm<\/li>\n<\/ul>\n","protected":false},"excerpt":{"rendered":"<p>With zip closure With adjustable shoulder straps Made of waterproof nylon, perfect for rain! Dimensions: 25\u00a0x 22\u00a0x 10\u00a0cm<\/p>\n","protected":false},"featured_media":17708,"comment_status":"open","ping_status":"closed","template":"","meta":[],"product_brand":[],"product_cat":[786],"product_tag":[],"class_list":{"0":"post-17707","1":"product","2":"type-product","3":"status-publish","4":"has-post-thumbnail","6":"product_cat-bebek-cocuk-aksesuar","8":"first","9":"instock","10":"sale","11":"shipping-taxable","12":"purchasable","13":"product-type-simple"},"aioseo_notices":[],"_links":{"self":[{"href":"https:\/\/flytechltd.com\/en\/wp-json\/wp\/v2\/product\/17707","targetHints":{"allow":["GET"]}}],"collection":[{"href":"https:\/\/flytechltd.com\/en\/wp-json\/wp\/v2\/product"}],"about":[{"href":"https:\/\/flytechltd.com\/en\/wp-json\/wp\/v2\/types\/product"}],"replies":[{"embeddable":true,"href":"https:\/\/flytechltd.com\/en\/wp-json\/wp\/v2\/comments?post=17707"}],"version-history":[{"count":0,"href":"https:\/\/flytechltd.com\/en\/wp-json\/wp\/v2\/product\/17707\/revisions"}],"wp:featuredmedia":[{"embeddable":true,"href":"https:\/\/flytechltd.com\/en\/wp-json\/wp\/v2\/media\/17708"}],"wp:attachment":[{"href":"https:\/\/flytechltd.com\/en\/wp-json\/wp\/v2\/media?parent=17707"}],"wp:term":[{"taxonomy":"product_brand","embeddable":true,"href":"https:\/\/flytechltd.com\/en\/wp-json\/wp\/v2\/product_brand?post=17707"},{"taxonomy":"product_cat","embeddable":true,"href":"https:\/\/flytechltd.com\/en\/wp-json\/wp\/v2\/product_cat?post=17707"},{"taxonomy":"product_tag","embeddable":true,"href":"https:\/\/flytechltd.com\/en\/wp-json\/wp\/v2\/product_tag?post=17707"}],"curies":[{"name":"wp","href":"https:\/\/api.w.org\/{rel}","templated":true}]}}