{"id":17724,"date":"2025-11-20T12:30:22","date_gmt":"2025-11-20T12:30:22","guid":{"rendered":"https:\/\/flytechltd.com\/?post_type=product&#038;p=17724"},"modified":"2026-03-27T08:23:50","modified_gmt":"2026-03-27T08:23:50","slug":"lcd-ekranli-hd-kablosuz-guvenlik-kamerasi","status":"publish","type":"product","link":"https:\/\/flytechltd.com\/en\/p\/lcd-ekranli-hd-kablosuz-guvenlik-kamerasi\/","title":{"rendered":"LCD Ekranl\u0131 HD Kablosuz G\u00fcvenlik Kameras\u0131"},"content":{"rendered":"<p>8.89cm LCD Ekranl\u0131 720P HD Kablosuz G\u00fcvenlik Kameras\u0131, 240 metre Menzil, Otomatik Gece G\u00f6r\u00fc\u015f\u00fc, 2 Y\u00f6nl\u00fc Sesli Arama, S\u0131cakl\u0131k Sens\u00f6r\u00fc, Hareket Alg\u0131lama ve Alarm Bildirimi, 8 Yat\u0131\u015ft\u0131r\u0131c\u0131 \u015eark\u0131, Ev ve Evcil Hayvan \u0130zleme i\u00e7in \u0130deal<\/p>\n<div class=\"_1YBVObhm\">G\u00fc\u00e7 modu:\u00a0USB<\/div>\n<div class=\"_1YBVObhm\">\u00c7al\u0131\u015fma gerilimi:\u00a0\u226436V<\/div>\n<div class=\"_1YBVObhm\">Marka:\u00a0HISMAHO<\/div>\n<div class=\"_1YBVObhm\">Pil \u00d6zellikleri:\u00a0\u015earj edilebilir pil<\/div>\n<div class=\"_1YBVObhm\">\u015earj edilebilir pil:\u00a0Lityum Pil-Polimer<\/div>\n<div class=\"_1YBVObhm\">kablosuz \u00f6zellik:\u00a02.4G\/3G\/4G\/5G ve di\u011fer i\u015flevler dahil<\/div>\n<div class=\"_1YBVObhm\">Ekran \u00e7\u00f6z\u00fcn\u00fcrl\u00fc\u011f\u00fc:\u00a0720p<\/div>\n<div class=\"_1YBVObhm\">Pil Kapasitesi (mAh):\u00a02000<\/div>\n","protected":false},"excerpt":{"rendered":"<p>8.89cm LCD Ekranl\u0131 720P HD Kablosuz G\u00fcvenlik Kameras\u0131, 240 metre Menzil, Otomatik Gece G\u00f6r\u00fc\u015f\u00fc, 2 Y\u00f6nl\u00fc Sesli Arama, S\u0131cakl\u0131k Sens\u00f6r\u00fc,<\/p>\n","protected":false},"featured_media":17729,"comment_status":"open","ping_status":"closed","template":"","meta":[],"product_brand":[],"product_cat":[785,338],"product_tag":[],"class_list":{"0":"post-17724","1":"product","2":"type-product","3":"status-publish","4":"has-post-thumbnail","6":"product_cat-bebek-kamera-ve-cocuk-lambasi","7":"product_cat-guvenlik-kamerasi","9":"first","10":"instock","11":"sale","12":"shipping-taxable","13":"purchasable","14":"product-type-simple"},"aioseo_notices":[],"_links":{"self":[{"href":"https:\/\/flytechltd.com\/en\/wp-json\/wp\/v2\/product\/17724","targetHints":{"allow":["GET"]}}],"collection":[{"href":"https:\/\/flytechltd.com\/en\/wp-json\/wp\/v2\/product"}],"about":[{"href":"https:\/\/flytechltd.com\/en\/wp-json\/wp\/v2\/types\/product"}],"replies":[{"embeddable":true,"href":"https:\/\/flytechltd.com\/en\/wp-json\/wp\/v2\/comments?post=17724"}],"version-history":[{"count":0,"href":"https:\/\/flytechltd.com\/en\/wp-json\/wp\/v2\/product\/17724\/revisions"}],"wp:featuredmedia":[{"embeddable":true,"href":"https:\/\/flytechltd.com\/en\/wp-json\/wp\/v2\/media\/17729"}],"wp:attachment":[{"href":"https:\/\/flytechltd.com\/en\/wp-json\/wp\/v2\/media?parent=17724"}],"wp:term":[{"taxonomy":"product_brand","embeddable":true,"href":"https:\/\/flytechltd.com\/en\/wp-json\/wp\/v2\/product_brand?post=17724"},{"taxonomy":"product_cat","embeddable":true,"href":"https:\/\/flytechltd.com\/en\/wp-json\/wp\/v2\/product_cat?post=17724"},{"taxonomy":"product_tag","embeddable":true,"href":"https:\/\/flytechltd.com\/en\/wp-json\/wp\/v2\/product_tag?post=17724"}],"curies":[{"name":"wp","href":"https:\/\/api.w.org\/{rel}","templated":true}]}}