{"id":17880,"date":"2026-01-09T12:53:29","date_gmt":"2026-01-09T12:53:29","guid":{"rendered":"https:\/\/flytechltd.com\/?post_type=product&#038;p=17880"},"modified":"2026-03-26T18:31:34","modified_gmt":"2026-03-26T18:31:34","slug":"esansiyel-yag-difuzoru-3u-1-arada-60-ml-aromaterapi-difuzoru-hava-nemlendirici-ve-gece-lambasi-renkli-led-isikli-ev-ofis-yatak-odasi-icin-alevli-difuzor-nemlendirici","status":"publish","type":"product","link":"https:\/\/flytechltd.com\/en\/p\/esansiyel-yag-difuzoru-3u-1-arada-60-ml-aromaterapi-difuzoru-hava-nemlendirici-ve-gece-lambasi-renkli-led-isikli-ev-ofis-yatak-odasi-icin-alevli-difuzor-nemlendirici\/","title":{"rendered":"Esansiyel Ya\u011f Dif\u00fcz\u00f6r\u00fc, 3&#8217;\u00fc 1 arada 60 ml Aromaterapi Dif\u00fcz\u00f6r\u00fc, Hava Nemlendirici ve Gece Lambas\u0131, Renkli LED I\u015f\u0131kl\u0131, Ev, Ofis, Yatak Odas\u0131 i\u00e7in Alevli Dif\u00fcz\u00f6r Nemlendirici"},"content":{"rendered":"","protected":false},"excerpt":{"rendered":"","protected":false},"featured_media":17881,"comment_status":"open","ping_status":"closed","template":"","meta":[],"product_brand":[],"product_cat":[22],"product_tag":[],"class_list":{"0":"post-17880","1":"product","2":"type-product","3":"status-publish","4":"has-post-thumbnail","6":"product_cat-flytech","8":"first","9":"instock","10":"shipping-taxable","11":"purchasable","12":"product-type-simple"},"aioseo_notices":[],"_links":{"self":[{"href":"https:\/\/flytechltd.com\/en\/wp-json\/wp\/v2\/product\/17880","targetHints":{"allow":["GET"]}}],"collection":[{"href":"https:\/\/flytechltd.com\/en\/wp-json\/wp\/v2\/product"}],"about":[{"href":"https:\/\/flytechltd.com\/en\/wp-json\/wp\/v2\/types\/product"}],"replies":[{"embeddable":true,"href":"https:\/\/flytechltd.com\/en\/wp-json\/wp\/v2\/comments?post=17880"}],"version-history":[{"count":0,"href":"https:\/\/flytechltd.com\/en\/wp-json\/wp\/v2\/product\/17880\/revisions"}],"wp:featuredmedia":[{"embeddable":true,"href":"https:\/\/flytechltd.com\/en\/wp-json\/wp\/v2\/media\/17881"}],"wp:attachment":[{"href":"https:\/\/flytechltd.com\/en\/wp-json\/wp\/v2\/media?parent=17880"}],"wp:term":[{"taxonomy":"product_brand","embeddable":true,"href":"https:\/\/flytechltd.com\/en\/wp-json\/wp\/v2\/product_brand?post=17880"},{"taxonomy":"product_cat","embeddable":true,"href":"https:\/\/flytechltd.com\/en\/wp-json\/wp\/v2\/product_cat?post=17880"},{"taxonomy":"product_tag","embeddable":true,"href":"https:\/\/flytechltd.com\/en\/wp-json\/wp\/v2\/product_tag?post=17880"}],"curies":[{"name":"wp","href":"https:\/\/api.w.org\/{rel}","templated":true}]}}