{"id":18153,"date":"2026-02-18T09:03:18","date_gmt":"2026-02-18T09:03:18","guid":{"rendered":"https:\/\/flytechltd.com\/?post_type=product&#038;p=18153"},"modified":"2026-02-20T17:01:35","modified_gmt":"2026-02-20T17:01:35","slug":"tummy-time-zeka-kartlari-guvenli-bebek-aynasi","status":"publish","type":"product","link":"https:\/\/flytechltd.com\/en\/p\/tummy-time-zeka-kartlari-guvenli-bebek-aynasi\/","title":{"rendered":"Tummy Time Zeka Kartlar\u0131 G\u00fcvenli Bebek Aynas\u0131"},"content":{"rendered":"<ul>\n<li>Tummy Time Zeka Kartlar\u0131 G\u00fcvenli Bebek Aynas\u0131, omuz, bacak, kar\u0131n, s\u0131rt, boyunda bulunan kaslar\u0131n \u00e7al\u0131\u015fmas\u0131na yard\u0131mc\u0131 olur.<\/li>\n<li>Tummy time\u2019a &#8220;kar\u0131n \u00fcst\u00fc aktivite zaman\u0131&#8221; da diyebiliriz. Bu aktivite ile bebekler kar\u0131nlar\u0131n\u0131n \u00fczerinde y\u00fcz\u00fcst\u00fc yat\u0131r\u0131l\u0131r. B\u00f6ylece bebek s\u00fcr\u00fcnerek hareket etmeye ya da emeklemeye \u00e7al\u0131\u015farak kaslar\u0131n\u0131 \u00e7al\u0131\u015ft\u0131rm\u0131\u015f olur.<\/li>\n<li>G\u00f6vde stabilitesini ve ba\u015f kontrol\u00fcn\u00fc destekler.<\/li>\n<li>S\u00fcr\u00fcnme, d\u00f6nme, tutunma gibi motor becerileri geli\u015ftirir.<\/li>\n<li>Y\u00fcr\u00fcmeye giden yol olan emekleme s\u00fcrecini h\u0131zland\u0131r\u0131r.<\/li>\n<li>Bebek s\u00fcrekli s\u0131rt \u00fcst\u00fc yatmad\u0131\u011f\u0131 i\u00e7in ba\u015f arkas\u0131n\u0131n yass\u0131 \u015feklini alma riski d\u00fc\u015fer.<\/li>\n<li>V\u00fccudunda kullanmad\u0131\u011f\u0131 kaslar\u0131n\u0131 \u00e7al\u0131\u015ft\u0131rmak i\u00e7in sizden destek almas\u0131 gereken bebe\u011finize, g\u00fcn\u00fcn belli zamanlar\u0131nda program yaparak tummy time i\u00e7in vakit ay\u0131rabilirsiniz.<\/li>\n<li>Bebe\u011finizin fiziksel geli\u015fimini ve koordinasyon yeteneklerini geli\u015ftirmeniz i\u00e7in g\u00fcnd\u00fcz uyumad\u0131\u011f\u0131 zamanlarda tummy time ile e\u011flenceli zamanlar ge\u00e7irebilirsiniz.<\/li>\n<li>Kar\u0131n \u00fcst\u00fc zamanlar bebe\u011finizin sadece fiziksel geli\u015fimini de\u011fil zihinsel geli\u015fimini de destekler.<\/li>\n<li>\u00c7evresini g\u00f6rmesine ve ke\u015ffetmesine de imkan veren tummy time, bebe\u011finizin ke\u015ffetme duygusunu geli\u015ftirir.<\/li>\n<li><strong>Ya\u015f Aral\u0131\u011f\u0131:\u00a0<\/strong>0-12 Ay<\/li>\n<\/ul>\n","protected":false},"excerpt":{"rendered":"<p>Tummy Time Zeka Kartlar\u0131 G\u00fcvenli Bebek Aynas\u0131, omuz, bacak, kar\u0131n, s\u0131rt, boyunda bulunan kaslar\u0131n \u00e7al\u0131\u015fmas\u0131na yard\u0131mc\u0131 olur. Tummy time\u2019a &#8220;kar\u0131n<\/p>\n","protected":false},"featured_media":18154,"comment_status":"open","ping_status":"closed","template":"","meta":[],"product_brand":[],"product_cat":[783],"product_tag":[],"class_list":{"0":"post-18153","1":"product","2":"type-product","3":"status-publish","4":"has-post-thumbnail","6":"product_cat-bebek-cocuk-aktivite-gerecleri","8":"first","9":"instock","10":"sale","11":"shipping-taxable","12":"purchasable","13":"product-type-simple"},"aioseo_notices":[],"_links":{"self":[{"href":"https:\/\/flytechltd.com\/en\/wp-json\/wp\/v2\/product\/18153","targetHints":{"allow":["GET"]}}],"collection":[{"href":"https:\/\/flytechltd.com\/en\/wp-json\/wp\/v2\/product"}],"about":[{"href":"https:\/\/flytechltd.com\/en\/wp-json\/wp\/v2\/types\/product"}],"replies":[{"embeddable":true,"href":"https:\/\/flytechltd.com\/en\/wp-json\/wp\/v2\/comments?post=18153"}],"version-history":[{"count":0,"href":"https:\/\/flytechltd.com\/en\/wp-json\/wp\/v2\/product\/18153\/revisions"}],"wp:featuredmedia":[{"embeddable":true,"href":"https:\/\/flytechltd.com\/en\/wp-json\/wp\/v2\/media\/18154"}],"wp:attachment":[{"href":"https:\/\/flytechltd.com\/en\/wp-json\/wp\/v2\/media?parent=18153"}],"wp:term":[{"taxonomy":"product_brand","embeddable":true,"href":"https:\/\/flytechltd.com\/en\/wp-json\/wp\/v2\/product_brand?post=18153"},{"taxonomy":"product_cat","embeddable":true,"href":"https:\/\/flytechltd.com\/en\/wp-json\/wp\/v2\/product_cat?post=18153"},{"taxonomy":"product_tag","embeddable":true,"href":"https:\/\/flytechltd.com\/en\/wp-json\/wp\/v2\/product_tag?post=18153"}],"curies":[{"name":"wp","href":"https:\/\/api.w.org\/{rel}","templated":true}]}}