{"id":18258,"date":"2026-02-20T21:04:01","date_gmt":"2026-02-20T21:04:01","guid":{"rendered":"https:\/\/flytechltd.com\/?post_type=product&#038;p=18258"},"modified":"2026-04-15T09:40:03","modified_gmt":"2026-04-15T09:40:03","slug":"calisma-masasi-3-yonlu-ve-sandalyesi-cift-tarafli-kullanim-imkani","status":"publish","type":"product","link":"https:\/\/flytechltd.com\/en\/p\/calisma-masasi-3-yonlu-ve-sandalyesi-cift-tarafli-kullanim-imkani\/","title":{"rendered":"\u00c7al\u0131\u015fma Masas\u0131 3 Y\u00f6nl\u00fc Ve Sandalyesi, \u00c7ift Tarafl\u0131 Kullan\u0131m \u0130mkan\u0131"},"content":{"rendered":"<h1 class=\"heading-size--large\"><span dir=\"auto\">2 Ya\u015f ve \u00dczeri \u00c7ocuklar \u0130\u00e7in 3 Y\u00f6nl\u00fc \u00c7al\u0131\u015fma Masas\u0131 ve Sandalyesi, \u00c7ift Tarafl\u0131 Kullan\u0131m \u0130mkan\u0131<\/span><\/h1>\n<ul>\n<li><span dir=\"auto\">\u00c7ok ama\u00e7l\u0131 masa ve sandalyemiz, \u00e7ocuklar\u0131n ihtiya\u00e7lar\u0131n\u0131 kar\u015f\u0131lamak i\u00e7in farkl\u0131 y\u00fcksekliklere ayarlanabilir. Ayr\u0131ca, masa tablas\u0131 h\u0131zl\u0131ca d\u00f6nd\u00fcr\u00fclerek, yap\u0131 bloklar\u0131 i\u00e7in bir masadan resim ve \u00e7al\u0131\u015fma masas\u0131na d\u00f6n\u00fc\u015ft\u00fcr\u00fclebilir.<\/span><\/li>\n<li><span dir=\"auto\">Kalem kutusu, alet kutusu ve takvim klas\u00f6r\u00fcyle bu masa, ayn\u0131 zamanda okuma ve \u00e7al\u0131\u015fma masas\u0131 olarak da kullan\u0131labilir.<\/span><\/li>\n<li><span dir=\"auto\">Masa ve sandalyenin k\u00f6\u015feleri, \u00e7ocuklar\u0131n cildini \u00e7iziklerden korumak i\u00e7in yuvarlat\u0131lm\u0131\u015ft\u0131r. Birinci s\u0131n\u0131f HDPE malzeme g\u00fcvenli, kokusuz, p\u00fcr\u00fczs\u00fcz, \u00e7apaks\u0131z bir y\u00fczeye sahip, su ge\u00e7irmez, a\u015f\u0131nmaya dayan\u0131kl\u0131 ve inan\u0131lmaz derecede dayan\u0131kl\u0131d\u0131r.<\/span><\/li>\n<li><span dir=\"auto\">Paket i\u00e7eri\u011fi: 4 adet renkli beyaz tahta kalemi ve 1 adet silgi<\/span><\/li>\n<\/ul>\n<p><img fetchpriority=\"high\" decoding=\"async\" class=\"aligncenter wp-image-18269\" src=\"https:\/\/flytechltd.com\/wp-content\/uploads\/2026\/02\/20240617140949-222x300.jpg\" alt=\"\" width=\"300\" height=\"406\" srcset=\"https:\/\/flytechltd.com\/wp-content\/uploads\/2026\/02\/20240617140949-222x300.jpg 222w, https:\/\/flytechltd.com\/wp-content\/uploads\/2026\/02\/20240617140949-150x203.jpg 150w, https:\/\/flytechltd.com\/wp-content\/uploads\/2026\/02\/20240617140949.jpg 632w\" sizes=\"(max-width: 300px) 100vw, 300px\" \/><img decoding=\"async\" class=\"aligncenter wp-image-18271\" src=\"https:\/\/flytechltd.com\/wp-content\/uploads\/2026\/02\/20240617141024-261x300.jpg\" alt=\"\" width=\"300\" height=\"345\" srcset=\"https:\/\/flytechltd.com\/wp-content\/uploads\/2026\/02\/20240617141024-261x300.jpg 261w, https:\/\/flytechltd.com\/wp-content\/uploads\/2026\/02\/20240617141024-150x173.jpg 150w, https:\/\/flytechltd.com\/wp-content\/uploads\/2026\/02\/20240617141024.jpg 633w\" sizes=\"(max-width: 300px) 100vw, 300px\" \/><img decoding=\"async\" class=\"aligncenter wp-image-18273\" src=\"https:\/\/flytechltd.com\/wp-content\/uploads\/2026\/02\/20240617141050-226x300.jpg\" alt=\"\" width=\"300\" height=\"399\" srcset=\"https:\/\/flytechltd.com\/wp-content\/uploads\/2026\/02\/20240617141050-226x300.jpg 226w, https:\/\/flytechltd.com\/wp-content\/uploads\/2026\/02\/20240617141050-150x199.jpg 150w, https:\/\/flytechltd.com\/wp-content\/uploads\/2026\/02\/20240617141050.jpg 631w\" sizes=\"(max-width: 300px) 100vw, 300px\" \/><\/p>\n","protected":false},"excerpt":{"rendered":"<p>HA8809<\/p>\n","protected":false},"featured_media":18259,"comment_status":"open","ping_status":"closed","template":"","meta":[],"product_brand":[],"product_cat":[787],"product_tag":[],"class_list":{"0":"post-18258","1":"product","2":"type-product","3":"status-publish","4":"has-post-thumbnail","6":"product_cat-cocuk-odasi-duzenleyici-mobilya","8":"first","9":"instock","10":"shipping-taxable","11":"purchasable","12":"product-type-simple"},"aioseo_notices":[],"_links":{"self":[{"href":"https:\/\/flytechltd.com\/en\/wp-json\/wp\/v2\/product\/18258","targetHints":{"allow":["GET"]}}],"collection":[{"href":"https:\/\/flytechltd.com\/en\/wp-json\/wp\/v2\/product"}],"about":[{"href":"https:\/\/flytechltd.com\/en\/wp-json\/wp\/v2\/types\/product"}],"replies":[{"embeddable":true,"href":"https:\/\/flytechltd.com\/en\/wp-json\/wp\/v2\/comments?post=18258"}],"version-history":[{"count":0,"href":"https:\/\/flytechltd.com\/en\/wp-json\/wp\/v2\/product\/18258\/revisions"}],"wp:featuredmedia":[{"embeddable":true,"href":"https:\/\/flytechltd.com\/en\/wp-json\/wp\/v2\/media\/18259"}],"wp:attachment":[{"href":"https:\/\/flytechltd.com\/en\/wp-json\/wp\/v2\/media?parent=18258"}],"wp:term":[{"taxonomy":"product_brand","embeddable":true,"href":"https:\/\/flytechltd.com\/en\/wp-json\/wp\/v2\/product_brand?post=18258"},{"taxonomy":"product_cat","embeddable":true,"href":"https:\/\/flytechltd.com\/en\/wp-json\/wp\/v2\/product_cat?post=18258"},{"taxonomy":"product_tag","embeddable":true,"href":"https:\/\/flytechltd.com\/en\/wp-json\/wp\/v2\/product_tag?post=18258"}],"curies":[{"name":"wp","href":"https:\/\/api.w.org\/{rel}","templated":true}]}}