{"id":18281,"date":"2026-02-20T21:21:01","date_gmt":"2026-02-20T21:21:01","guid":{"rendered":"https:\/\/flytechltd.com\/?post_type=product&#038;p=18281"},"modified":"2026-04-16T20:11:55","modified_gmt":"2026-04-16T20:11:55","slug":"bebek-yuvasi-bebek-yatagi-yenidoganlar-icin-birlikte-uyuma-yatagi-0-12-ay-yenidogan-yatagi-yumusak-nefes-alabilir-pamuk-ayarlanabilir-yenidogan-besik-yatagi-tasinabilir-bebek-yer-koltugu-gri","status":"publish","type":"product","link":"https:\/\/flytechltd.com\/en\/p\/bebek-yuvasi-bebek-yatagi-yenidoganlar-icin-birlikte-uyuma-yatagi-0-12-ay-yenidogan-yatagi-yumusak-nefes-alabilir-pamuk-ayarlanabilir-yenidogan-besik-yatagi-tasinabilir-bebek-yer-koltugu-gri\/","title":{"rendered":"Bebek Yuvas\u0131 Bebek Yata\u011f\u0131 Yenido\u011fanlar \u0130\u00e7in Birlikte Uyuma Yata\u011f\u0131 0-12 Ay, Yenido\u011fan Yata\u011f\u0131 Yumu\u015fak Nefes Alabilir Pamuk Ayarlanabilir Yenido\u011fan Be\u015fik Yata\u011f\u0131 Ta\u015f\u0131nabilir Bebek Yer Koltu\u011fu Gri"},"content":{"rendered":"<h1 class=\"productDetail-tileName heading3\"><span dir=\"auto\">Bebek Yuvas\u0131 Bebek Yata\u011f\u0131 Yenido\u011fanlar \u0130\u00e7in Birlikte Uyuma Yata\u011f\u0131 0-12 Ay, Yenido\u011fan Yata\u011f\u0131 Yumu\u015fak Nefes Alabilir Pamuk Ayarlanabilir Yenido\u011fan Be\u015fik Yata\u011f\u0131 Ta\u015f\u0131nabilir Bebek Yer Koltu\u011fu<\/span><\/h1>\n<p>Bebek yata\u011f\u0131, bebek uyku tulumu, bebek yata\u011f\u0131 \u00f6rt\u00fcs\u00fc, s\u0131k\u0131 bir kalite kontrol ekibi taraf\u0131ndan titizlikle denetlenerek \u00fcretilmektedir. Daha fazla sertifika raporuna ihtiyac\u0131n\u0131z varsa, anneler ta\u015f\u0131nabilir bebek yata\u011f\u0131m\u0131z\u0131 g\u00fcvenle kullanabilirler. Bu bebek yata\u011f\u0131, bebek du\u015fu\/Noel hediyesi olarak da m\u00fckemmeldir. Bebek yata\u011f\u0131, yenido\u011fan bebek i\u00e7in olmazsa olmazlardand\u0131r. Bebek yata\u011f\u0131 \u00f6rt\u00fcs\u00fc, yenido\u011fan bebekler i\u00e7in uygundur. Bebek yer koltuklar\u0131 ve uyku tulumu \u00f6rt\u00fclerimiz zarif desen ve renklerde gelir. Nefes alabilen, \u00e7ift tarafl\u0131 bebek yata\u011f\u0131 yast\u0131\u011f\u0131, bir taraf\u0131 pamuk, di\u011fer taraf\u0131 kuma\u015ft\u0131r. Sessiz gen\u00e7lik bebek yata\u011f\u0131, hem erkek hem de k\u0131z bebekler i\u00e7in \u00f6n ve arka desenler aras\u0131nda kolayca ge\u00e7i\u015f yap\u0131labilir. Bebek yata\u011f\u0131 \u00f6rt\u00fcs\u00fc, kolayca s\u00f6k\u00fcl\u00fcp tak\u0131labilir ve yenido\u011fanlar i\u00e7in uyku yast\u0131\u011f\u0131d\u0131r. Bu bebek yata\u011f\u0131 &#8211; ayl\u0131k bebek ta\u015f\u0131nabilir yatak \u00f6rt\u00fcs\u00fc, \u00e7ocuk \u00fczerinde rahatlat\u0131c\u0131 bir etkiye sahiptir. Yenido\u011fanlar i\u00e7in uyku yast\u0131\u011f\u0131, ideal bir yenido\u011fan bebek du\u015fu hediyesi yapar.<\/p>\n<div class=\"section-title section-des\">\n<h2 id=\"s0-23-25-26-19-1-94[1]-2-3-7[0]-5[0]-3[0]-11[1]-1-5-title\" class=\"section-title__title\"><span dir=\"auto\">\u00dcr\u00fcn Detaylar\u0131<\/span><\/h2>\n<\/div>\n<div class=\"panel-body noopen\">\n<ul class=\"sectionpaenlbady\">\n<li><span class=\"a-list-item\"><span dir=\"auto\">\u3010\u00c7ocuk G\u00fcvenli\u011fi, Nefes Alabilir ve Dayan\u0131kl\u0131 Malzeme\u3011Yenido\u011fan bebek yata\u011f\u0131 yast\u0131\u011f\u0131, %100 do\u011fal organik pamuktan, s\u00fcper yumu\u015fak inci pamuktan ve 3D polyester elyaf dolgu malzemesinden \u00fcretilmi\u015ftir; bebe\u011fe zarar verecek hi\u00e7bir zararl\u0131 madde i\u00e7ermez. Bebe\u011fin omurgas\u0131n\u0131 daha iyi korumak i\u00e7in 1,6 in\u00e7lik ta\u015f\u0131nabilir bebek yata\u011f\u0131 \u015filtesi kullan\u0131lm\u0131\u015ft\u0131r. Daha kal\u0131n kuma\u015f kullan\u0131ld\u0131\u011f\u0131 i\u00e7in makine y\u0131kamas\u0131ndan sonra deformasyon ve solma gibi sorunlar ya\u015fanmaz. El diki\u015fiyle \u00fcretildi\u011fi i\u00e7in, yenido\u011fan bebekler i\u00e7in tasarlanm\u0131\u015f bu yatak, uzun \u00f6m\u00fcrl\u00fcd\u00fcr.<\/span><\/span><\/li>\n<li><span class=\"a-list-item\"><span dir=\"auto\">\u3010En Y\u00fcksek Seviye Sertifikasyon\u3011 Neden bizi tercih etmelisiniz? 1. OEKO-TEX S\u0131n\u0131f I sertifikas\u0131 | 2. CPC sertifikas\u0131 | 3. CPSIA sertifikas\u0131.<\/span><\/span><\/li>\n<li><span class=\"a-list-item\"><span dir=\"auto\">\u3010E\u015fsiz Desen ve Tasar\u0131m\u3011Yenido\u011fan bebekler i\u00e7in tasarlanm\u0131\u015f bu uyku yast\u0131\u011f\u0131 k\u0131l\u0131f\u0131, bebe\u011finizin boyuna uyacak \u015fekilde u\u00e7 kordonunu gev\u015fetip s\u0131kabilece\u011finiz iki ayarlanabilir kay\u0131\u015fa sahiptir. Bebek yata\u011f\u0131, bebek yuvas\u0131 ve birlikte uyuma yast\u0131\u011f\u0131 k\u0131l\u0131f\u0131, bebe\u011finiz i\u00e7in e\u015fsiz derecede yumu\u015fak ve g\u00fcvenli bir d\u00fcnya sunar.<\/span><\/span><\/li>\n<li><span class=\"a-list-item\"><span dir=\"auto\">[Ayarlanabilir ve Y\u0131kanabilir] Bebek yata\u011f\u0131, yenido\u011fan bebek yast\u0131\u011f\u0131 &#8211; 0-12 ay aras\u0131 bebekler i\u00e7in uygundur. Bebek yata\u011f\u0131 k\u0131l\u0131f\u0131n\u0131n boyutu ayarlanabilir, bebek yata\u011f\u0131 kenar koruyucusu tamamen a\u00e7\u0131labilir, bebek yata\u011f\u0131 k\u0131l\u0131f\u0131 (0-12 ay+) i\u00e7in uygundur. Gizli fermuarl\u0131 bebek yata\u011f\u0131, sade ve g\u00fczel. Bebek yata\u011f\u0131 k\u0131l\u0131f\u0131 makinede y\u0131kanabilir.<\/span><\/span><\/li>\n<li><span class=\"a-list-item\"><span dir=\"auto\">[Ta\u015f\u0131nabilir Bebek Be\u015fi\u011fi Seyahat] Bebek uyku yata\u011f\u0131 yast\u0131\u011f\u0131 yakla\u015f\u0131k 33,5 x 19,6 in\u00e7 \u00f6l\u00e7\u00fclerindedir ve yaln\u0131zca 3,2 lbs (1,46 kg) a\u011f\u0131rl\u0131\u011f\u0131ndad\u0131r. Yenido\u011fan bebekler i\u00e7in uyku yast\u0131\u011f\u0131 olan ta\u015f\u0131nabilir bebek yata\u011f\u0131, kolay ta\u015f\u0131ma i\u00e7in iki tutama\u011fa sahiptir ve seyahat ihtiya\u00e7lar\u0131n\u0131 kar\u015f\u0131larken kanepeye, be\u015fi\u011fe veya oturma odas\u0131 zeminine yerle\u015ftirilebilir.<\/span><\/span><\/li>\n<\/ul>\n<\/div>\n","protected":false},"excerpt":{"rendered":"<p>HA8819<\/p>\n","protected":false},"featured_media":18284,"comment_status":"open","ping_status":"closed","template":"","meta":[],"product_brand":[],"product_cat":[786],"product_tag":[],"class_list":{"0":"post-18281","1":"product","2":"type-product","3":"status-publish","4":"has-post-thumbnail","6":"product_cat-bebek-cocuk-aksesuar","8":"first","9":"instock","10":"shipping-taxable","11":"purchasable","12":"product-type-simple"},"aioseo_notices":[],"_links":{"self":[{"href":"https:\/\/flytechltd.com\/en\/wp-json\/wp\/v2\/product\/18281","targetHints":{"allow":["GET"]}}],"collection":[{"href":"https:\/\/flytechltd.com\/en\/wp-json\/wp\/v2\/product"}],"about":[{"href":"https:\/\/flytechltd.com\/en\/wp-json\/wp\/v2\/types\/product"}],"replies":[{"embeddable":true,"href":"https:\/\/flytechltd.com\/en\/wp-json\/wp\/v2\/comments?post=18281"}],"version-history":[{"count":0,"href":"https:\/\/flytechltd.com\/en\/wp-json\/wp\/v2\/product\/18281\/revisions"}],"wp:featuredmedia":[{"embeddable":true,"href":"https:\/\/flytechltd.com\/en\/wp-json\/wp\/v2\/media\/18284"}],"wp:attachment":[{"href":"https:\/\/flytechltd.com\/en\/wp-json\/wp\/v2\/media?parent=18281"}],"wp:term":[{"taxonomy":"product_brand","embeddable":true,"href":"https:\/\/flytechltd.com\/en\/wp-json\/wp\/v2\/product_brand?post=18281"},{"taxonomy":"product_cat","embeddable":true,"href":"https:\/\/flytechltd.com\/en\/wp-json\/wp\/v2\/product_cat?post=18281"},{"taxonomy":"product_tag","embeddable":true,"href":"https:\/\/flytechltd.com\/en\/wp-json\/wp\/v2\/product_tag?post=18281"}],"curies":[{"name":"wp","href":"https:\/\/api.w.org\/{rel}","templated":true}]}}