{"id":18287,"date":"2026-02-21T18:50:54","date_gmt":"2026-02-21T18:50:54","guid":{"rendered":"https:\/\/flytechltd.com\/?post_type=product&#038;p=18287"},"modified":"2026-04-16T20:07:07","modified_gmt":"2026-04-16T20:07:07","slug":"mini-cabana-cadir-bebek-oyun-evi-cocuk-kosku-yurumeye-baslayan-cocuklar-icin-kahverengi","status":"publish","type":"product","link":"https:\/\/flytechltd.com\/en\/p\/mini-cabana-cadir-bebek-oyun-evi-cocuk-kosku-yurumeye-baslayan-cocuklar-icin-kahverengi\/","title":{"rendered":"Mini Cabana \u00c7ad\u0131r Bebek Oyun Evi \u00c7ocuk K\u00f6\u015fk\u00fc Y\u00fcr\u00fcmeye Ba\u015flayan \u00c7ocuklar \u0130\u00e7in Kahverengi"},"content":{"rendered":"<pre id=\"tw-target-text\" class=\"tw-data-text tw-text-large tw-ta\" dir=\"ltr\" tabindex=\"-1\" role=\"text\" data-placeholder=\"\u00c7eviri\" data-ved=\"2ahUKEwj-6c6EneuSAxXh1QIHHeMVEWUQ3ewLegQIDBAW\" aria-label=\"\u00c7evrilmi\u015f metin: 1-6 Ya\u015f \u00c7ocuklar \u0130\u00e7in Depolama Alanl\u0131 \u0130\u00e7 Mekan Oyun \u00c7ad\u0131r\u0131 \u2013 \u00c7izim, Yap\u0131 Bloklar\u0131 ve Oyun Evi \u0130\u00e7in \u00c7ok Fonksiyonlu Bebek Aktivite Merkezi\"><span class=\"Y2IQFc\" lang=\"tr\">1-6 Ya\u015f \u00c7ocuklar \u0130\u00e7in Depolama Alanl\u0131 \u0130\u00e7 Mekan Oyun \u00c7ad\u0131r\u0131 \u2013 \u00c7izim, Yap\u0131 Bloklar\u0131 ve Oyun Evi \u0130\u00e7in \u00c7ok Fonksiyonlu Bebek Aktivite Merkezi<\/span><\/pre>\n<p><img fetchpriority=\"high\" decoding=\"async\" class=\"aligncenter wp-image-18292 size-medium\" src=\"https:\/\/flytechltd.com\/wp-content\/uploads\/2026\/02\/CABANABROWN-6-300x300.jpg\" alt=\"\" width=\"300\" height=\"300\" srcset=\"https:\/\/flytechltd.com\/wp-content\/uploads\/2026\/02\/CABANABROWN-6-300x300.jpg 300w, https:\/\/flytechltd.com\/wp-content\/uploads\/2026\/02\/CABANABROWN-6-150x150.jpg 150w, https:\/\/flytechltd.com\/wp-content\/uploads\/2026\/02\/CABANABROWN-6-768x768.jpg 768w, https:\/\/flytechltd.com\/wp-content\/uploads\/2026\/02\/CABANABROWN-6-600x600.jpg 600w, https:\/\/flytechltd.com\/wp-content\/uploads\/2026\/02\/CABANABROWN-6.jpg 1000w\" sizes=\"(max-width: 300px) 100vw, 300px\" \/><\/p>\n<p>&nbsp;<\/p>\n<p>&nbsp;<\/p>\n","protected":false},"excerpt":{"rendered":"<p>HA8818<\/p>\n","protected":false},"featured_media":18296,"comment_status":"open","ping_status":"closed","template":"","meta":[],"product_brand":[],"product_cat":[790],"product_tag":[],"class_list":{"0":"post-18287","1":"product","2":"type-product","3":"status-publish","4":"has-post-thumbnail","6":"product_cat-oyun-parklari","8":"first","9":"instock","10":"sale","11":"shipping-taxable","12":"purchasable","13":"product-type-simple"},"aioseo_notices":[],"_links":{"self":[{"href":"https:\/\/flytechltd.com\/en\/wp-json\/wp\/v2\/product\/18287","targetHints":{"allow":["GET"]}}],"collection":[{"href":"https:\/\/flytechltd.com\/en\/wp-json\/wp\/v2\/product"}],"about":[{"href":"https:\/\/flytechltd.com\/en\/wp-json\/wp\/v2\/types\/product"}],"replies":[{"embeddable":true,"href":"https:\/\/flytechltd.com\/en\/wp-json\/wp\/v2\/comments?post=18287"}],"version-history":[{"count":0,"href":"https:\/\/flytechltd.com\/en\/wp-json\/wp\/v2\/product\/18287\/revisions"}],"wp:featuredmedia":[{"embeddable":true,"href":"https:\/\/flytechltd.com\/en\/wp-json\/wp\/v2\/media\/18296"}],"wp:attachment":[{"href":"https:\/\/flytechltd.com\/en\/wp-json\/wp\/v2\/media?parent=18287"}],"wp:term":[{"taxonomy":"product_brand","embeddable":true,"href":"https:\/\/flytechltd.com\/en\/wp-json\/wp\/v2\/product_brand?post=18287"},{"taxonomy":"product_cat","embeddable":true,"href":"https:\/\/flytechltd.com\/en\/wp-json\/wp\/v2\/product_cat?post=18287"},{"taxonomy":"product_tag","embeddable":true,"href":"https:\/\/flytechltd.com\/en\/wp-json\/wp\/v2\/product_tag?post=18287"}],"curies":[{"name":"wp","href":"https:\/\/api.w.org\/{rel}","templated":true}]}}