{"id":18396,"date":"2026-02-24T18:18:05","date_gmt":"2026-02-24T18:18:05","guid":{"rendered":"https:\/\/flytechltd.com\/?post_type=product&#038;p=18396"},"modified":"2026-04-18T17:30:38","modified_gmt":"2026-04-18T17:30:38","slug":"atv-cocuklar-icin-2x4-benzinli-49cc-kirmizi","status":"publish","type":"product","link":"https:\/\/flytechltd.com\/en\/p\/atv-cocuklar-icin-2x4-benzinli-49cc-kirmizi\/","title":{"rendered":"ATV \u00c7ocuklar \u0130\u00e7in 2&#215;4 Benzinli 49cc K\u0131rm\u0131z\u0131"},"content":{"rendered":"<h2 data-testid=\"module-attribute-title\" data-spm-anchor-id=\"a2700.details.0.i114.358a6c5bh07iEn\"><img fetchpriority=\"high\" decoding=\"async\" class=\"aligncenter wp-image-18837\" src=\"https:\/\/flytechltd.com\/wp-content\/uploads\/2026\/02\/ATVRDDD-300x300.jpg\" alt=\"\" width=\"350\" height=\"350\" srcset=\"https:\/\/flytechltd.com\/wp-content\/uploads\/2026\/02\/ATVRDDD-300x300.jpg 300w, https:\/\/flytechltd.com\/wp-content\/uploads\/2026\/02\/ATVRDDD-150x150.jpg 150w, https:\/\/flytechltd.com\/wp-content\/uploads\/2026\/02\/ATVRDDD-768x768.jpg 768w, https:\/\/flytechltd.com\/wp-content\/uploads\/2026\/02\/ATVRDDD-600x600.jpg 600w, https:\/\/flytechltd.com\/wp-content\/uploads\/2026\/02\/ATVRDDD.jpg 1000w\" sizes=\"(max-width: 350px) 100vw, 350px\" \/><\/h2>\n<h2 id=\"key-attributes\" class=\"id-text-xl id-font-bold\" data-testid=\"module-attribute-title\" data-spm-anchor-id=\"a2700.details.0.i114.358a6c5bh07iEn\"><span style=\"color: #333333; font-size: 16px;\">G\u00fc\u00e7 <\/span><span style=\"color: #333333; font-size: 16px;\">500 &#8211; 800W<\/span><\/h2>\n<div class=\"id-overflow-hidden\" data-testid=\"module-attribute-group-list\">\n<div data-testid=\"module-attribute-value-list\">\n<div data-testid=\"module-attribute-group\">\n<div class=\"id-grid id-grid-cols-2 id-border-[0.5px] id-border-[#ddd] id-mt-3\" data-testid=\"module-attribute-group-grid\">\n<div class=\"id-grid id-grid-cols-[2fr_3fr] id-border-b-[0.5px] id-border-[#ddd]\" data-testid=\"module-attribute-row\">\n<div class=\"id-text-sm id-p-4 id-bg-[#f8f8f8] id-flex id-items-center\" title=\"Maksimum tork (Nm)\" data-testid=\"module-attribute-name\">\n<div class=\"id-leading-[18px]\" data-attribute-lineclamp=\"true\" data-testid=\"module-attribute-name-text\">Maksimum tork (Nm) \u2264 20Nm<\/div>\n<\/div>\n<\/div>\n<div class=\"id-grid id-grid-cols-[2fr_3fr] id-border-b-[0.5px] id-border-[#ddd]\" data-testid=\"module-attribute-row\">\n<div class=\"id-text-sm id-p-4 id-bg-[#f8f8f8] id-flex id-items-center\" title=\"Maksimum h\u0131z\" data-testid=\"module-attribute-name\">\n<div class=\"id-leading-[18px]\" data-attribute-lineclamp=\"true\" data-testid=\"module-attribute-name-text\">Maksimum h\u0131z \u2264 50 Km\/h<\/div>\n<\/div>\n<\/div>\n<div class=\"id-grid id-grid-cols-[2fr_3fr] id-border-b-[0.5px] id-border-[#ddd]\" data-testid=\"module-attribute-row\">\n<div class=\"id-text-sm id-p-4 id-bg-[#f8f8f8] id-flex id-items-center\" title=\"S\u00fcr\u00fc\u015f tipi\" data-testid=\"module-attribute-name\">\n<div class=\"id-leading-[18px]\" data-attribute-lineclamp=\"true\" data-testid=\"module-attribute-name-text\">S\u00fcr\u00fc\u015f tipi 2WD<\/div>\n<\/div>\n<\/div>\n<div class=\"id-grid id-grid-cols-[2fr_3fr] id-border-b-[0.5px] id-border-[#ddd]\" data-testid=\"module-attribute-row\">\n<div class=\"id-text-sm id-p-4 id-bg-[#f8f8f8] id-flex id-items-center\" title=\"\u0130letim sistemi\" data-testid=\"module-attribute-name\">\n<div class=\"id-leading-[18px]\" data-attribute-lineclamp=\"true\" data-testid=\"module-attribute-name-text\">\u0130letim sistemi Zincir s\u00fcr\u00fcc\u00fc<\/div>\n<\/div>\n<\/div>\n<div class=\"id-grid id-grid-cols-[2fr_3fr] id-border-b-[0.5px] id-border-[#ddd]\" data-testid=\"module-attribute-row\">\n<div class=\"id-text-sm id-p-4 id-bg-[#f8f8f8] id-flex id-items-center\" title=\"Gerilim\" data-testid=\"module-attribute-name\">\n<div class=\"id-leading-[18px]\" data-attribute-lineclamp=\"true\" data-testid=\"module-attribute-name-text\">Gerilim 12V<\/div>\n<\/div>\n<\/div>\n<div class=\"id-grid id-grid-cols-[2fr_3fr] id-border-b-[0.5px] id-border-[#ddd]\" data-testid=\"module-attribute-row\">\n<div class=\"id-text-sm id-p-4 id-bg-[#f8f8f8] id-flex id-items-center\" title=\"Dingil mesafesi\" data-testid=\"module-attribute-name\">\n<div class=\"id-leading-[18px]\" data-attribute-lineclamp=\"true\" data-testid=\"module-attribute-name-text\">Dingil mesafesi \u2264 600mm<\/div>\n<\/div>\n<\/div>\n<div class=\"id-grid id-grid-cols-[2fr_3fr] id-border-b-[0.5px] id-border-[#ddd]\" data-testid=\"module-attribute-row\">\n<div class=\"id-text-sm id-p-4 id-bg-[#f8f8f8] id-flex id-items-center\" title=\"Fren sistemi\" data-testid=\"module-attribute-name\">\n<div class=\"id-leading-[18px]\" data-attribute-lineclamp=\"true\" data-testid=\"module-attribute-name-text\">Fren sistemi \u00d6n disk + arka dsic<\/div>\n<\/div>\n<\/div>\n<div class=\"id-grid id-grid-cols-[2fr_3fr] id-border-b-[0.5px] id-border-[#ddd]\" data-testid=\"module-attribute-row\">\n<div class=\"id-text-sm id-p-4 id-bg-[#f8f8f8] id-flex id-items-center\" title=\"Lastik boyutu\" data-testid=\"module-attribute-name\">\n<div class=\"id-leading-[18px]\" data-attribute-lineclamp=\"true\" data-testid=\"module-attribute-name-text\">Lastik boyutu F: 14*4.10-6, R: 14*5.00-6<\/div>\n<\/div>\n<\/div>\n<div class=\"id-grid id-grid-cols-[2fr_3fr] id-border-b-[0.5px] id-border-[#ddd]\" data-testid=\"module-attribute-row\">\n<div class=\"id-text-sm id-p-4 id-bg-[#f8f8f8] id-flex id-items-center\" title=\"Curb a\u011f\u0131rl\u0131k\" data-testid=\"module-attribute-name\">\n<div class=\"id-leading-[18px]\" data-attribute-lineclamp=\"true\" data-testid=\"module-attribute-name-text\">Curb a\u011f\u0131rl\u0131k \u2264 100kg<\/div>\n<\/div>\n<\/div>\n<div class=\"id-grid id-grid-cols-[2fr_3fr] id-border-b-[0.5px] id-border-[#ddd]\" data-testid=\"module-attribute-row\">\n<div class=\"id-text-sm id-p-4 id-bg-[#f8f8f8] id-flex id-items-center\" title=\"Boyut\" data-testid=\"module-attribute-name\">\n<div class=\"id-leading-[18px]\" data-attribute-lineclamp=\"true\" data-testid=\"module-attribute-name-text\">Boyut 1180X670X710MM<\/div>\n<\/div>\n<\/div>\n<div class=\"id-grid id-grid-cols-[2fr_3fr] id-border-b-[0.5px] id-border-[#ddd]\" data-testid=\"module-attribute-row\">\n<div class=\"id-text-sm id-p-4 id-bg-[#f8f8f8] id-flex id-items-center\" title=\"Y\u00fck kapasiteli\" data-testid=\"module-attribute-name\">\n<div class=\"id-leading-[18px]\" data-attribute-lineclamp=\"true\" data-testid=\"module-attribute-name-text\">Y\u00fck kapasiteli \u2264 100kg<\/div>\n<\/div>\n<\/div>\n<div class=\"id-grid id-grid-cols-[2fr_3fr] id-border-b-[0.5px] id-border-[#ddd]\" data-testid=\"module-attribute-row\">\n<div class=\"id-text-sm id-p-4 id-bg-[#f8f8f8] id-flex id-items-center\" title=\"Diferansiyel kilidi\" data-testid=\"module-attribute-name\">\n<div class=\"id-leading-[18px]\" data-attribute-lineclamp=\"true\" data-testid=\"module-attribute-name-text\">Diferansiyel kilidi Donat\u0131lm\u0131\u015f<\/div>\n<\/div>\n<\/div>\n<div class=\"id-grid id-grid-cols-[2fr_3fr] id-border-b-[0.5px] id-border-[#ddd]\" data-testid=\"module-attribute-row\">\n<div class=\"id-text-sm id-p-4 id-bg-[#f8f8f8] id-flex id-items-center\" title=\"\u0130letim t\u00fcr\u00fc\" data-testid=\"module-attribute-name\">\n<div class=\"id-leading-[18px]\" data-attribute-lineclamp=\"true\" data-testid=\"module-attribute-name-text\">\u0130letim t\u00fcr\u00fc Otomatik<\/div>\n<\/div>\n<\/div>\n<div class=\"id-grid id-grid-cols-[2fr_3fr] id-border-b-[0.5px] id-border-[#ddd]\" data-testid=\"module-attribute-row\">\n<div class=\"id-text-sm id-p-4 id-bg-[#f8f8f8] id-flex id-items-center\" title=\"Brake\" data-testid=\"module-attribute-name\">\n<div class=\"id-leading-[18px]\" data-attribute-lineclamp=\"true\" data-testid=\"module-attribute-name-text\">Brake Front + Rear Disc Brake<\/div>\n<\/div>\n<\/div>\n<div class=\"id-grid id-grid-cols-[2fr_3fr] id-border-b-[0.5px] id-border-[#ddd]\" data-testid=\"module-attribute-row\">\n<div class=\"id-text-sm id-p-4 id-bg-[#f8f8f8] id-flex id-items-center\" title=\"Color\" data-testid=\"module-attribute-name\">\n<div class=\"id-leading-[18px]\" data-attribute-lineclamp=\"true\" data-testid=\"module-attribute-name-text\">Color Red Black<\/div>\n<\/div>\n<\/div>\n<div class=\"id-grid id-grid-cols-[2fr_3fr] id-border-b-[0.5px] id-border-[#ddd]\" data-testid=\"module-attribute-row\">\n<div class=\"id-text-sm id-p-4 id-bg-[#f8f8f8] id-flex id-items-center\" title=\"Displacement\" data-testid=\"module-attribute-name\">\n<div class=\"id-leading-[18px]\" data-attribute-lineclamp=\"true\" data-testid=\"module-attribute-name-text\">Displacement 50CC<\/div>\n<\/div>\n<\/div>\n<div class=\"id-grid id-grid-cols-[2fr_3fr]\" data-testid=\"module-attribute-row\">\n<div class=\"id-text-sm id-p-4 id-bg-[#f8f8f8] id-flex id-items-center\" title=\"Engine Type\" data-testid=\"module-attribute-name\">\n<div class=\"id-leading-[18px]\" data-attribute-lineclamp=\"true\" data-testid=\"module-attribute-name-text\">Engine Type 2-Stroke<\/div>\n<\/div>\n<\/div>\n<div class=\"id-grid id-grid-cols-[2fr_3fr]\" data-testid=\"module-attribute-row\">\n<div class=\"id-text-sm id-p-4 id-bg-[#f8f8f8] id-flex id-items-center\" title=\"Certification\" data-testid=\"module-attribute-name\">\n<div class=\"id-leading-[18px]\" data-attribute-lineclamp=\"true\" data-testid=\"module-attribute-name-text\">Certification ECE<\/div>\n<\/div>\n<\/div>\n<\/div>\n<\/div>\n<\/div>\n<\/div>\n","protected":false},"excerpt":{"rendered":"<p>HA8841<\/p>\n","protected":false},"featured_media":18397,"comment_status":"open","ping_status":"closed","template":"","meta":[],"product_brand":[],"product_cat":[788],"product_tag":[],"class_list":{"0":"post-18396","1":"product","2":"type-product","3":"status-publish","4":"has-post-thumbnail","6":"product_cat-cocuk-akulu-araba-bisiklet-scooter","8":"first","9":"instock","10":"sale","11":"shipping-taxable","12":"purchasable","13":"product-type-simple"},"aioseo_notices":[],"_links":{"self":[{"href":"https:\/\/flytechltd.com\/en\/wp-json\/wp\/v2\/product\/18396","targetHints":{"allow":["GET"]}}],"collection":[{"href":"https:\/\/flytechltd.com\/en\/wp-json\/wp\/v2\/product"}],"about":[{"href":"https:\/\/flytechltd.com\/en\/wp-json\/wp\/v2\/types\/product"}],"replies":[{"embeddable":true,"href":"https:\/\/flytechltd.com\/en\/wp-json\/wp\/v2\/comments?post=18396"}],"version-history":[{"count":0,"href":"https:\/\/flytechltd.com\/en\/wp-json\/wp\/v2\/product\/18396\/revisions"}],"wp:featuredmedia":[{"embeddable":true,"href":"https:\/\/flytechltd.com\/en\/wp-json\/wp\/v2\/media\/18397"}],"wp:attachment":[{"href":"https:\/\/flytechltd.com\/en\/wp-json\/wp\/v2\/media?parent=18396"}],"wp:term":[{"taxonomy":"product_brand","embeddable":true,"href":"https:\/\/flytechltd.com\/en\/wp-json\/wp\/v2\/product_brand?post=18396"},{"taxonomy":"product_cat","embeddable":true,"href":"https:\/\/flytechltd.com\/en\/wp-json\/wp\/v2\/product_cat?post=18396"},{"taxonomy":"product_tag","embeddable":true,"href":"https:\/\/flytechltd.com\/en\/wp-json\/wp\/v2\/product_tag?post=18396"}],"curies":[{"name":"wp","href":"https:\/\/api.w.org\/{rel}","templated":true}]}}