{"id":18451,"date":"2026-02-28T20:44:47","date_gmt":"2026-02-28T20:44:47","guid":{"rendered":"https:\/\/flytechltd.com\/?post_type=product&#038;p=18451"},"modified":"2026-04-16T19:47:24","modified_gmt":"2026-04-16T19:47:24","slug":"akulu-balon-arabasi-360%e2%81%b0-donme-ozelligi-uzaktan-kumandali-baloncuk-atma-ozelligi-0-4-yasa-uygun-kirmizi","status":"publish","type":"product","link":"https:\/\/flytechltd.com\/en\/p\/akulu-balon-arabasi-360%e2%81%b0-donme-ozelligi-uzaktan-kumandali-baloncuk-atma-ozelligi-0-4-yasa-uygun-kirmizi\/","title":{"rendered":"Ak\u00fcl\u00fc Balon Arabas\u0131 ,360\u2070 D\u00f6nme \u00d6zelli\u011fi, Uzaktan Kumandal\u0131, Baloncuk Atma \u00d6zelli\u011fi 0-4 Ya\u015fa Uygun K\u0131rm\u0131z\u0131"},"content":{"rendered":"<p>Bubble Car 6V! 1-6 Ya\u015fa Uygun, 360\u2070 D\u00f6nme \u00d6zelli\u011fi, Uzaktan Kumandal\u0131, Baloncuk Atma \u00d6zelli\u011fi<\/p>\n<p>AK\u00dcL\u00dc BALON ARABASI 0-4 YA\u015e<\/p>\n<ul class=\"a-unordered-list a-vertical a-spacing-mini\">\n<li class=\"a-spacing-mini\"><span class=\"a-list-item\"><span dir=\"auto\">\u2705 [6V Elektrikli \u00c7ocuk Arabas\u0131] 6V Elektrikli \u00c7ocuk Denge Arabas\u0131, 1-6 ya\u015f aras\u0131 \u00e7ocuklar i\u00e7in uygun bir se\u00e7enektir. 6V \u00e7ift tahrik sistemi ve \u015farj edilebilir bataryas\u0131 ile daha y\u00fcksek g\u00fc\u00e7 ve daha uzun pil \u00f6mr\u00fc sunar.<\/span><\/span><\/li>\n<li class=\"a-spacing-mini\"><span class=\"a-list-item\"><span dir=\"auto\">\u2705 [Baloncuk Fonksiyonu] \u00c7ocuklar i\u00e7in elektrikli araba, otomatik baloncuk fonksiyonuna sahiptir. Araban\u0131n \u00fczerindeki siyah d\u00fc\u011fmeye bas\u0131l\u0131 tutarak otomatik olarak baloncuklar p\u00fcsk\u00fcrt\u00fclebilir ve bu da \u00e7ocuklara s\u00fcr\u00fc\u015f s\u0131ras\u0131nda e\u011flence sa\u011flar.<\/span><\/span><\/li>\n<li class=\"a-spacing-mini\"><span class=\"a-list-item\"><span dir=\"auto\">\u2705 [60\u00b0 evrensel tekerlekler] \u00c7ocuk elektrikli ara\u00e7lar\u0131, y\u00fcksek ta\u015f\u0131ma kapasitesine sahip iki adet patlamaya dayan\u0131kl\u0131 b\u00fcy\u00fck tekerlekle donat\u0131lm\u0131\u015ft\u0131r. Ayr\u0131ca, serbest d\u00f6n\u00fc\u015flere olanak tan\u0131yan ve s\u00fcr\u00fc\u015f y\u00f6n\u00fcnde herhangi bir k\u0131s\u0131tlama getirmeyen 360\u00b0 evrensel tekerleklere sahiptirler.<\/span><\/span><\/li>\n<li class=\"a-spacing-mini\"><span class=\"a-list-item\"><span dir=\"auto\">\u2705 [LED I\u015f\u0131klar ve M\u00fczik Fonksiyonu] \u00c7ocuk arabas\u0131, renkli LED \u0131\u015f\u0131klar ve m\u00fczik fonksiyonu ile donat\u0131lm\u0131\u015ft\u0131r. S\u00fcr\u00fc\u015f s\u0131ras\u0131nda \u015fark\u0131 \u00e7almaya olanak tan\u0131r ve gece s\u00fcr\u00fc\u015flerinde g\u00fczel bir \u0131\u015f\u0131k g\u00f6sterisi olu\u015fturur.<\/span><\/span><\/li>\n<li class=\"a-spacing-mini\"><span class=\"a-list-item\"><span dir=\"auto\">\u2705 [G\u00fcvenli ve sa\u011flam tasar\u0131m] Koltuk y\u00fczeyi kaymaz ve emniyet kemerleriyle donat\u0131lm\u0131\u015ft\u0131r. \u00c7ocuklar\u0131n s\u00fcr\u00fc\u015f g\u00fcvenli\u011fi sa\u011flanm\u0131\u015ft\u0131r.<\/span><\/span><\/li>\n<\/ul>\n<p><span dir=\"auto\">\u00c7ocuklar baloncuklara ve oyuncak arabalara bay\u0131l\u0131yor, o halde neden ikisini bir araya getirip harika bir oyuncak yapmayal\u0131m? Baloncuk Makinesiyle Oyuncak Araba, her \u00e7ocu\u011fun hayal g\u00fcc\u00fcn\u00fc ke\u015ffetmesi ve arkada\u015flar\u0131yla e\u011flenmesi i\u00e7in m\u00fckemmel bir yol.<\/span><\/p>\n<p><span dir=\"auto\">Bu harika oyuncak araba, uzun \u00f6m\u00fcrl\u00fc olmas\u0131 i\u00e7in tasarlanm\u0131\u015f dayan\u0131kl\u0131 bir plastikten yap\u0131lm\u0131\u015ft\u0131r. D\u00f6rt benzersiz lasti\u011fi, ayarlanabilir koltu\u011fu ve ne\u015feli boyas\u0131yla ger\u00e7ek bir araba gibi g\u00f6r\u00fcnmesini ve hissettirmesini sa\u011flayan ger\u00e7ek\u00e7i detaylar i\u00e7erir. Ayr\u0131ca \u00e7ocuklar i\u00e7in daha da e\u011flenceli hale getirmek i\u00e7in sesler ve m\u00fczik de bulunur. En iyisi de, araba iki ki\u015fi i\u00e7in yeterince b\u00fcy\u00fckt\u00fcr ve arabay\u0131 ileri geri hareket ettirmeyi kolayla\u015ft\u0131ran i\u015flevsel bir uzaktan kumanda ile birlikte gelir.<\/span><\/p>\n<p><span dir=\"auto\">Ancak Baloncuk Makinesiyle Oyuncak Araba&#8217;n\u0131n as\u0131l \u00f6zelli\u011fi baloncuk makinesi! Araban\u0131n \u00f6n taraf\u0131na tak\u0131l\u0131 olan baloncuk \u00fcreten cihaz, ard\u0131 ard\u0131na baloncuklar \u00fcretiyor. \u00c7ocuklar, baloncuk makinesinden baloncuklar akarken arabalar\u0131n\u0131 s\u00fcrmekten b\u00fcy\u00fck keyif alacaklar. Banyo zaman\u0131n\u0131, havuz zaman\u0131n\u0131 veya herhangi bir zaman\u0131 daha heyecanl\u0131 hale getirmenin m\u00fckemmel bir yolu.<\/span><\/p>\n<p><span dir=\"auto\">Baloncuk Makinesi \u00d6zellikli Oyuncak Araba, her ya\u015ftan \u00e7ocuk i\u00e7in tasarlanm\u0131\u015ft\u0131r ve \u00f6nerilen ya\u015f 3 ve \u00fczeridir. Araba \u00e7al\u0131\u015fmas\u0131 i\u00e7in 4 adet AA pil gerektirir (dahil de\u011fildir), bu piller hem arabay\u0131 hem de baloncuk makinesini \u00e7al\u0131\u015ft\u0131r\u0131r. Montaj\u0131 kolayd\u0131r ve parlak renkleri ve araba detaylar\u0131yla \u00e7ocuklar\u0131n hemen dikkatini \u00e7ekecektir.<\/span><\/p>\n<p><span dir=\"auto\">Baloncuk Makinesiyle Oyuncak Araba, her \u00e7ocuk i\u00e7in m\u00fckemmel bir oyuncakt\u0131r. Koordinasyon, hayal g\u00fcc\u00fc ve ke\u015fif becerilerini geli\u015ftirmeye yard\u0131mc\u0131 olur. \u0130\u00e7 ve d\u0131\u015f mekanlarda kullan\u0131labilir ve her t\u00fcrl\u00fc oyun aktivitesine saatlerce e\u011flence getirece\u011finden emin olabilirsiniz. \u00d6yleyse neden \u00e7ocu\u011funuza bug\u00fcn Baloncuk Makinesiyle Oyuncak Araba almayas\u0131n\u0131z? Bay\u0131lacaklar!<\/span><\/p>\n<p>&nbsp;<\/p>\n<p>Kids absolutely love bubbles and toy cars, so why not combine them into one awesome toy? The Toy Car with Bubble Machine is the perfect way for any kid to explore their imagination and have a blast playing with their friends.<\/p>\n<p>This awesome toy car is made from a durable plastic that\u2019s made to last. It includes realistic details to make it look and feel just like a real car, with its four unique tires, adjustable seat, and cheery paint job. It also has sounds and music to make it even more fun for the kids. Best of all, the car is big enough for two riders, and it comes with a functional remote control that makes it easy to move the car back and forth.<\/p>\n<p>But the Toy Car with Bubble Machine\u2019s main feature is the bubble machine! Attached to the front of the car is a bubble-producing device that creates bubble after bubble after bubble. Kids will get a thrill out of steering their car around, while bubbles pour out of the bubble machine. It\u2019s the perfect way to make bath time, pool time, or any time more exciting.<\/p>\n<p>The Toy Car with Bubble Machine is designed for children of all ages, and the recommended ages is 3 and up. The car requires 4 AA batteries to operate (not included), which power the car and the bubble machine. It\u2019s easy to put together, and with its bright colors and car details, it will be immediately eye-catching to kids.<\/p>\n<p>The Toy Car with Bubble Machine is the perfect toy for any kid. It helps develop their skills of coordination, imagination, and exploration. It can be used inside or outside, and is sure to bring hours of fun to any playtime activity. So why not get your kid the Toy Car with Bubble Machine today? They\u2019ll love it!<\/p>\n","protected":false},"excerpt":{"rendered":"<p>HA8839<\/p>\n","protected":false},"featured_media":18452,"comment_status":"open","ping_status":"closed","template":"","meta":[],"product_brand":[],"product_cat":[788],"product_tag":[],"class_list":{"0":"post-18451","1":"product","2":"type-product","3":"status-publish","4":"has-post-thumbnail","6":"product_cat-cocuk-akulu-araba-bisiklet-scooter","8":"first","9":"instock","10":"shipping-taxable","11":"purchasable","12":"product-type-simple"},"aioseo_notices":[],"_links":{"self":[{"href":"https:\/\/flytechltd.com\/en\/wp-json\/wp\/v2\/product\/18451","targetHints":{"allow":["GET"]}}],"collection":[{"href":"https:\/\/flytechltd.com\/en\/wp-json\/wp\/v2\/product"}],"about":[{"href":"https:\/\/flytechltd.com\/en\/wp-json\/wp\/v2\/types\/product"}],"replies":[{"embeddable":true,"href":"https:\/\/flytechltd.com\/en\/wp-json\/wp\/v2\/comments?post=18451"}],"version-history":[{"count":0,"href":"https:\/\/flytechltd.com\/en\/wp-json\/wp\/v2\/product\/18451\/revisions"}],"wp:featuredmedia":[{"embeddable":true,"href":"https:\/\/flytechltd.com\/en\/wp-json\/wp\/v2\/media\/18452"}],"wp:attachment":[{"href":"https:\/\/flytechltd.com\/en\/wp-json\/wp\/v2\/media?parent=18451"}],"wp:term":[{"taxonomy":"product_brand","embeddable":true,"href":"https:\/\/flytechltd.com\/en\/wp-json\/wp\/v2\/product_brand?post=18451"},{"taxonomy":"product_cat","embeddable":true,"href":"https:\/\/flytechltd.com\/en\/wp-json\/wp\/v2\/product_cat?post=18451"},{"taxonomy":"product_tag","embeddable":true,"href":"https:\/\/flytechltd.com\/en\/wp-json\/wp\/v2\/product_tag?post=18451"}],"curies":[{"name":"wp","href":"https:\/\/api.w.org\/{rel}","templated":true}]}}