{"id":18500,"date":"2026-02-28T21:54:41","date_gmt":"2026-02-28T21:54:41","guid":{"rendered":"https:\/\/flytechltd.com\/?post_type=product&#038;p=18500"},"modified":"2026-04-16T19:45:16","modified_gmt":"2026-04-16T19:45:16","slug":"karaoke-mikrofon-makinesi-cocuklar-icin-led-isikli-tasinabilir-hoparlor-pembe","status":"publish","type":"product","link":"https:\/\/flytechltd.com\/en\/p\/karaoke-mikrofon-makinesi-cocuklar-icin-led-isikli-tasinabilir-hoparlor-pembe\/","title":{"rendered":"Karaoke Mikrofon Makinesi \u00c7ocuklar \u0130\u00e7in Led I\u015f\u0131kl\u0131 Ta\u015f\u0131nabilir Hoparl\u00f6r Pembe"},"content":{"rendered":"<p>\u00c7OCUK KARAOKE MAK\u0130NES\u0130Karaoke makinesi \u00e7ocuklar i\u00e7in tasarlanm\u0131\u015ft\u0131r. Kablolu mikrofonlar, telefon tutucusu ve LED disko topu ile birlikte gelir. Hafiftir ve her yere g\u00f6t\u00fcrebilirsiniz. Nereye giderseniz gidin k\u00fc\u00e7\u00fck \u00e7ocu\u011funuzla karaoke deneyiminizin keyfini \u00e7\u0131kar\u0131n \u015eARJ ED\u0130LEB\u0130L\u0130R P\u0130L Karaoke makinesinin i\u00e7inde, tam olarak \u015farj edildikten sonra 8 saatten fazla s\u00fcrekli \u00e7al\u0131\u015fabilen, s\u00fcper uzun s\u00fcre, s\u00fcper uzun s\u00fcre keyif veren \u015farj edilebilir bir pil bulunmaktad\u0131r. BLUETOOTH MODU Bu karaoke oyunca\u011f\u0131 Bluetooth modu, cep telefonlar\u0131nda pop\u00fcler \u015fark\u0131lar\u0131 \u00e7alabilir Kullan\u0131m\u0131 kolay d\u00fc\u011fmeler (a\u00e7ma\/kapama, oynat\/duraklat, \u00f6nceki\/sonraki \u015fark\u0131, LED, ses seviyesi, Bluetooth) Bir mikrofon al\u0131n ve yetene\u011finizin parlamas\u0131na izin verin \u00c7OK RENKL\u0130 D\u0130SKO I\u015eIKLARI MODU\u00e7ok renkli LED ayd\u0131nlatma efektlerine sahip karaoke hoparl\u00f6r\u00fc, partiyi ayd\u0131nlatarak partinin atmosferini dinamik ve g\u00fcr\u00fclt\u00fcl\u00fc hale getirebilir. HAR\u0130KA HED\u0130YE F\u0130K\u0130R\u0130Bu \u00e7ocuk karaoke makinesi, \u00e7ocu\u011funuzun hayalini kurdu\u011fu her \u015feydir \u00c7ocuklar i\u00e7in hediye, \u00f6zg\u00fcvenlerine, cesaretlerine ilham verin, dil becerilerini kullan\u0131n ve aile ile etkile\u015fim kurun. Bir \u00e7ocuk karaoke oyuncusu ile d\u00fcnyalar\u0131n\u0131 sallay\u0131n \u0130ster do\u011fum g\u00fcn\u00fc hediyesi, ister y\u0131lba\u015f\u0131 hediyesi, ister k\u0131z ve erkek \u00e7ocuklar i\u00e7in s\u0131radan bir \u00f6d\u00fcl ar\u0131yor olun, bu karaoke mikrofon oyunca\u011f\u0131 kesinlikle heyecanland\u0131racak, e\u011flendirecek ve kal\u0131c\u0131 an\u0131lar yaratacak.<\/p>\n<p>\u00d6zellikler:<\/p>\n<p>Madde: Karaoke Makinesi Oyuncak G\u00f6vde malzemesi: ABS plastik<\/p>\n<p>Boyut: 23x10x23cm \/ 9.05&#215;3.93&#215;9.05in<\/p>\n<p>Ambalaj boyutu: 237x117x231MM \/ 9.33&#215;4.60&#215;9.09in (uzunluk x geni\u015flik x y\u00fckseklik)<\/p>\n<p>Kullan\u0131m s\u00fcresi: 8 saat Pil kapasitesi: 3000 mAh<\/p>\n<p>\u015earj s\u00fcresi: yakla\u015f\u0131k 1 saat<\/p>\n<p>\u015eunlar i\u00e7in uygundur: 3 ya\u015f\u0131nda veya daha b\u00fcy\u00fck USB&#8217;den \u015farj etme<\/p>\n<p>\u0130\u015flev: a\u00e7ma \/ kapama, oynat \/ duraklat, \u00f6nceki \/ sonraki \u015fark\u0131, LED, ses kontrol\u00fc, Bluetooth<\/p>\n","protected":false},"excerpt":{"rendered":"<p>HA8844<\/p>\n","protected":false},"featured_media":18501,"comment_status":"open","ping_status":"closed","template":"","meta":[],"product_brand":[],"product_cat":[783,310],"product_tag":[],"class_list":{"0":"post-18500","1":"product","2":"type-product","3":"status-publish","4":"has-post-thumbnail","6":"product_cat-bebek-cocuk-aktivite-gerecleri","7":"product_cat-hoparlorler","9":"first","10":"instock","11":"shipping-taxable","12":"purchasable","13":"product-type-simple"},"aioseo_notices":[],"_links":{"self":[{"href":"https:\/\/flytechltd.com\/en\/wp-json\/wp\/v2\/product\/18500","targetHints":{"allow":["GET"]}}],"collection":[{"href":"https:\/\/flytechltd.com\/en\/wp-json\/wp\/v2\/product"}],"about":[{"href":"https:\/\/flytechltd.com\/en\/wp-json\/wp\/v2\/types\/product"}],"replies":[{"embeddable":true,"href":"https:\/\/flytechltd.com\/en\/wp-json\/wp\/v2\/comments?post=18500"}],"version-history":[{"count":0,"href":"https:\/\/flytechltd.com\/en\/wp-json\/wp\/v2\/product\/18500\/revisions"}],"wp:featuredmedia":[{"embeddable":true,"href":"https:\/\/flytechltd.com\/en\/wp-json\/wp\/v2\/media\/18501"}],"wp:attachment":[{"href":"https:\/\/flytechltd.com\/en\/wp-json\/wp\/v2\/media?parent=18500"}],"wp:term":[{"taxonomy":"product_brand","embeddable":true,"href":"https:\/\/flytechltd.com\/en\/wp-json\/wp\/v2\/product_brand?post=18500"},{"taxonomy":"product_cat","embeddable":true,"href":"https:\/\/flytechltd.com\/en\/wp-json\/wp\/v2\/product_cat?post=18500"},{"taxonomy":"product_tag","embeddable":true,"href":"https:\/\/flytechltd.com\/en\/wp-json\/wp\/v2\/product_tag?post=18500"}],"curies":[{"name":"wp","href":"https:\/\/api.w.org\/{rel}","templated":true}]}}