{"id":18542,"date":"2026-03-01T19:22:38","date_gmt":"2026-03-01T19:22:38","guid":{"rendered":"https:\/\/flytechltd.com\/?post_type=product&#038;p=18542"},"modified":"2026-04-16T19:42:22","modified_gmt":"2026-04-16T19:42:22","slug":"spaceman-pelus-bebek-karikatur-uzay-astronot-dolmasi-bez-oyuncak-yumusak-yastik-pembe","status":"publish","type":"product","link":"https:\/\/flytechltd.com\/en\/p\/spaceman-pelus-bebek-karikatur-uzay-astronot-dolmasi-bez-oyuncak-yumusak-yastik-pembe\/","title":{"rendered":"Spaceman Pelu\u015f Bebek Karikat\u00fcr Uzay Astronot Dolmas\u0131 Bez Oyuncak Yumu\u015fak Yast\u0131k Pembe"},"content":{"rendered":"<p><span style=\"color: #212529; font-family: neuzeit-grotesk, 'Helvetica Neue', -apple-system, BlinkMacSystemFont, Arial, sans-serif; white-space-collapse: preserve-breaks;\">\u00d6zellikler:<\/span><\/p>\n<p><span style=\"color: #212529; font-family: neuzeit-grotesk, 'Helvetica Neue', -apple-system, BlinkMacSystemFont, Arial, sans-serif; white-space-collapse: preserve-breaks;\">1. Pelu\u015f Bebek &#8211; Bu \u00fcr\u00fcn S\u00fcsleme, Hediye, Yast\u0131k i\u00e7in uygundur. Pelu\u015flar\u0131m\u0131z, yeni bir sar\u0131labilir en iyi arkada\u015f arayan herkes i\u00e7in m\u00fckemmel! Sadece ev yast\u0131\u011f\u0131 olarak de\u011fil, ayn\u0131 zamanda bel yast\u0131\u011f\u0131 ve hatta \u015firket i\u00e7in \u015fekerleme yast\u0131\u011f\u0131 olarak da kullan\u0131labilir.<\/span><\/p>\n<p><span style=\"color: #212529; font-family: neuzeit-grotesk, 'Helvetica Neue', -apple-system, BlinkMacSystemFont, Arial, sans-serif; white-space-collapse: preserve-breaks;\">2. G\u00fcvenli Malzeme &#8211; Y\u00fcksek kaliteli stre\u00e7 pazen ve ku\u015f t\u00fcy\u00fc pamuktan yap\u0131lm\u0131\u015ft\u0131r ve tamamen doldurulmu\u015ftur. S\u0131kmaktan korkmuyorum. \u00c7ocuk dostu ve yumu\u015fakt\u0131r. Ciltte daha iyi bir his sa\u011flar ve yast\u0131\u011f\u0131n yumu\u015fak ve rahat olmas\u0131n\u0131 sa\u011flar.<\/span><\/p>\n<p><span style=\"color: #212529; font-family: neuzeit-grotesk, 'Helvetica Neue', -apple-system, BlinkMacSystemFont, Arial, sans-serif; white-space-collapse: preserve-breaks;\">3. \u0130nce \u0130\u015f\u00e7ilik &#8211; \u0130yi esneklikle deforme olmas\u0131 kolay de\u011fildir. Pamuk \u00fcretmesi kolay olmayan s\u0131k\u0131 di\u015fli taraf\u0131 vard\u0131r!<\/span><\/p>\n<p><span style=\"color: #212529; font-family: neuzeit-grotesk, 'Helvetica Neue', -apple-system, BlinkMacSystemFont, Arial, sans-serif; white-space-collapse: preserve-breaks;\">4. Harika Hediye- Bu oyuncaklar yatakta sar\u0131lmak veya kanepede kestirirken size e\u015flik etmek i\u00e7in m\u00fckemmeldir! Sevimli pelu\u015f bebek sadece m\u00fckemmel bir hediye fikri de\u011fil, ayn\u0131 zamanda her \u00e7ocu\u011fun en sevdi\u011fi kucaklama arkada\u015f\u0131 olabilir. Evdeyken onlar\u0131 yata\u011f\u0131n\u0131zda\/kanepenizde yatarken g\u00f6rmek iyi olurdu.<\/span><\/p>\n<p><span style=\"color: #212529; font-family: neuzeit-grotesk, 'Helvetica Neue', -apple-system, BlinkMacSystemFont, Arial, sans-serif; white-space-collapse: preserve-breaks;\">5. Y\u0131kama Talimat\u0131 &#8211; Bu t\u00fcr k\u0131sa pelu\u015f hayvanlar\u0131n temizli\u011fi i\u00e7in y\u00fczeyi so\u011fuk suyla temizleyin ve y\u0131kad\u0131ktan sonra g\u00fcne\u015fe \u00e7\u0131kararak k\u0131sa pelu\u015fun kabar\u0131k olmas\u0131n\u0131 sa\u011flay\u0131n. Uyar\u0131: Ger\u00e7ek renk, farkl\u0131 monit\u00f6r ve \u0131\u015f\u0131k efekti nedeniyle g\u00f6r\u00fcnt\u00fcden biraz farkl\u0131 olabilir. L\u00fctfen manuel \u00f6l\u00e7\u00fcm nedeniyle 1-3 cm sapmaya izin verin. A\u00e7\u0131klama:Malzeme: Stre\u00e7 pazen, a\u015fa\u011f\u0131 pamuk<\/span><\/p>\n","protected":false},"excerpt":{"rendered":"<p>HA8803<\/p>\n","protected":false},"featured_media":18545,"comment_status":"open","ping_status":"closed","template":"","meta":[],"product_brand":[],"product_cat":[789],"product_tag":[],"class_list":{"0":"post-18542","1":"product","2":"type-product","3":"status-publish","4":"has-post-thumbnail","6":"product_cat-oyuncaklar","8":"first","9":"instock","10":"shipping-taxable","11":"purchasable","12":"product-type-simple"},"aioseo_notices":[],"_links":{"self":[{"href":"https:\/\/flytechltd.com\/en\/wp-json\/wp\/v2\/product\/18542","targetHints":{"allow":["GET"]}}],"collection":[{"href":"https:\/\/flytechltd.com\/en\/wp-json\/wp\/v2\/product"}],"about":[{"href":"https:\/\/flytechltd.com\/en\/wp-json\/wp\/v2\/types\/product"}],"replies":[{"embeddable":true,"href":"https:\/\/flytechltd.com\/en\/wp-json\/wp\/v2\/comments?post=18542"}],"version-history":[{"count":0,"href":"https:\/\/flytechltd.com\/en\/wp-json\/wp\/v2\/product\/18542\/revisions"}],"wp:featuredmedia":[{"embeddable":true,"href":"https:\/\/flytechltd.com\/en\/wp-json\/wp\/v2\/media\/18545"}],"wp:attachment":[{"href":"https:\/\/flytechltd.com\/en\/wp-json\/wp\/v2\/media?parent=18542"}],"wp:term":[{"taxonomy":"product_brand","embeddable":true,"href":"https:\/\/flytechltd.com\/en\/wp-json\/wp\/v2\/product_brand?post=18542"},{"taxonomy":"product_cat","embeddable":true,"href":"https:\/\/flytechltd.com\/en\/wp-json\/wp\/v2\/product_cat?post=18542"},{"taxonomy":"product_tag","embeddable":true,"href":"https:\/\/flytechltd.com\/en\/wp-json\/wp\/v2\/product_tag?post=18542"}],"curies":[{"name":"wp","href":"https:\/\/api.w.org\/{rel}","templated":true}]}}