{"id":18564,"date":"2026-03-01T19:55:10","date_gmt":"2026-03-01T19:55:10","guid":{"rendered":"https:\/\/flytechltd.com\/?post_type=product&#038;p=18564"},"modified":"2026-04-15T09:21:10","modified_gmt":"2026-04-15T09:21:10","slug":"cocuklar-icin-salincakli-binilebilir-araba-isikli-ve-muzikli-sihirli-cocuk-arabasi-pu-led-tekerlekli-2-8-yas-arasi-cocuklar-icin-saklama-kutulu-cocuk-arabasi-mavi","status":"publish","type":"product","link":"https:\/\/flytechltd.com\/en\/p\/cocuklar-icin-salincakli-binilebilir-araba-isikli-ve-muzikli-sihirli-cocuk-arabasi-pu-led-tekerlekli-2-8-yas-arasi-cocuklar-icin-saklama-kutulu-cocuk-arabasi-mavi\/","title":{"rendered":"\u00c7ocuklar i\u00e7in Sal\u0131ncakl\u0131 Binilebilir Araba, I\u015f\u0131kl\u0131 ve M\u00fczikli Sihirli \u00c7ocuk Arabas\u0131, PU LED Tekerlekli, 2-8 Ya\u015f Aras\u0131 \u00c7ocuklar i\u00e7in Saklama Kutulu \u00c7ocuk Arabas\u0131 Mavi"},"content":{"rendered":"<div id=\"OverviewArea\" class=\"ProductDetailsDesktop-module-scss-module__AYN9Ya__maxWrapper\">\n<section class=\"SectionWrapper-module-scss-module__3lhB-a__sectionCtr SectionWrapper-module-scss-module__3lhB-a__sectionCtrNoOverflow\">\n<div class=\"SectionWrapper-module-scss-module__3lhB-a__sectionBody\">\n<div class=\"ProductDetailsDesktop-module-scss-module__AYN9Ya__overviewAndSpecs ProductDetailsDesktop-module-scss-module__AYN9Ya__autoHeight\">\n<div class=\"OverviewTab-module-scss-module__NTeOuq__container\">\n<div class=\"OverviewTab-module-scss-module__NTeOuq__row\">\n<div class=\"OverviewTab-module-scss-module__NTeOuq__overviewDescriptionCtr\">\n<div class=\"OverviewDescription-module-scss-module__VOioTG__overviewDescriptionWrapper\">\n<h3 class=\"OverviewDescription-module-scss-module__VOioTG__overviewDesc\"><span dir=\"auto\">Sihirli Sal\u0131ncakl\u0131 Araba, \u015f\u0131k g\u00f6r\u00fcn\u00fcm\u00fc, vites gerektirmeyen kolay kullan\u0131m\u0131, yan\u0131p s\u00f6nen LED PU tekerlekleri, 360 derece d\u00f6nebilen direksiyonu ve m\u00fczi\u011fiyle, bu oyuncak arabay\u0131 s\u00fcrmenin heyecan\u0131n\u0131n yan\u0131 s\u0131ra \u00e7ocu\u011funuzun denge, koordinasyon ve direksiyon gibi kaba motor becerilerini geli\u015ftirmesine ve iyile\u015ftirmesine olanak tan\u0131r! Ayr\u0131ca \u00e7ocuklar\u0131 aktif ve ba\u011f\u0131ms\u0131z olmaya te\u015fvik eder. Bu \u00e7ocuk sal\u0131ncakl\u0131 arabalar\u0131, pil, vites veya pedal olmadan kolayca \u00e7al\u0131\u015ft\u0131r\u0131labilir. Sadece \u00e7evirme, d\u00f6nd\u00fcrme ve sallama hareketini kullanarak y\u00f6nlendirin! K\u00fc\u00e7\u00fckler direksiyonla arabay\u0131 ileri itmekte zorlan\u0131yorsa, yine de ayaklar\u0131yla arabay\u0131 ileri iterek e\u011flenebilirler. Sessiz PU tekerlekler dayan\u0131kl\u0131d\u0131r, darbe emicidir ve zemine zarar vermez. Harika ayd\u0131nlatma tasar\u0131m\u0131yla \u00e7ocuklar kayd\u0131rarak \u0131\u015f\u0131kland\u0131rabilir ve oyun oynamaya olan ilgilerini art\u0131rabilirler; dahili m\u00fczikle de \u00e7ocuklar sihirli arabaya binmenin keyfini \u00e7\u0131karacaklar. \u00dc\u00e7 tekerlekli sa\u011flam tasar\u0131m ve altta be\u015f noktal\u0131 destek, bebe\u011fin devrilmesini ve geriye do\u011fru yaslanmas\u0131n\u0131 \u00f6nler. \u00c7arp\u0131\u015fmaya dayan\u0131kl\u0131 \u00f6n tasar\u0131m, \u00e7ocuklara g\u00fcvenlik korumas\u0131 sa\u011flar. P\u00fcr\u00fczs\u00fcz rulmanlar ve 360 \u200b\u200bderece serbest d\u00f6n\u00fc\u015f, bebe\u011finize keyifli bir s\u00fcr\u00fc\u015f deneyimi sunar. S\u0131k\u0131\u015ft\u0131rmaya dayan\u0131kl\u0131 PP yap\u0131s\u0131, sallanan araban\u0131n kolayca deforme olmas\u0131n\u0131 \u00f6nler. Sa\u011flam sal\u0131ncakl\u0131 araba, 50 kg&#8217;a kadar olan \u00e7ocuklar\u0131 ta\u015f\u0131yabilir. Tek ihtiyac\u0131n\u0131z olan d\u00fcz ve p\u00fcr\u00fczs\u00fcz bir y\u00fczeydir. Hem d\u0131\u015f mekan hem de i\u00e7 mekan oyunlar\u0131 i\u00e7in m\u00fckemmeldir. \u00c7ocuklar\u0131 aktif ve hareketli tutman\u0131n harika bir yoludur. 2 ila 8 ya\u015f aras\u0131 k\u0131z ve erkek \u00e7ocuklar i\u00e7in uygundur.<\/span><\/h3>\n<\/div>\n<\/div>\n<div class=\"OverviewTab-module-scss-module__NTeOuq__highlightsCtr\">\n<h3 class=\"OverviewTab-module-scss-module__NTeOuq__columnTitle\"><span dir=\"auto\">\u00d6ne \u00e7\u0131kanlar<\/span><\/h3>\n<ul>\n<li><span dir=\"auto\">\u015e\u0131k g\u00f6r\u00fcn\u00fcm\u00fc, 360 derece d\u00f6nebilen direksiyonu ve m\u00fczi\u011fiyle sihirli sal\u0131ncakl\u0131 araba, \u00e7ocu\u011funuzun bu oyuncak arabay\u0131 s\u00fcrmenin heyecan\u0131na ek olarak, kaba motor becerilerini geli\u015ftirmesine ve iyile\u015ftirmesine de olanak tan\u0131yacak.<\/span><\/li>\n<li><span dir=\"auto\">Bu \u00e7ocuk oyuncaklar\u0131 pedallarla hareket ettiriliyor. Y\u00f6nlendirmek i\u00e7in sadece \u00e7evirme, d\u00f6nd\u00fcrme ve sallama hareketlerini kullan\u0131n! K\u00fc\u00e7\u00fckler direksiyonu kullanarak arabay\u0131 ileri itmekte zorlan\u0131yorsa, yine de ayaklar\u0131n\u0131 kullanarak arabay\u0131 ileri itebilir ve e\u011flenebilirler.<\/span><\/li>\n<li><span dir=\"auto\">Sessiz PU tekerlekler dayan\u0131kl\u0131d\u0131r, darbe emici \u00f6zelli\u011fe sahiptir ve zemine zarar vermez. \u015e\u0131k ayd\u0131nlatma tasar\u0131m\u0131yla \u00e7ocuklar kayarak \u0131\u015f\u0131klar\u0131n alt\u0131nda e\u011flenebilir ve bu da bebe\u011finizin oyun oynama ve e\u011flenme ilgisini art\u0131r\u0131r.<\/span><\/li>\n<li><span dir=\"auto\">Bu \u00e7ocuk sal\u0131ncakl\u0131 arabas\u0131, sa\u011flam ve dayan\u0131kl\u0131 y\u00fcksek kaliteli PP malzemeden \u00fcretilmi\u015ftir. Oyuncak araba, \u00f6zel \u00fc\u00e7 \u00f6n tekerlek dengeleyici tasar\u0131m\u0131na sahiptir. Sa\u011flam sal\u0131ncakl\u0131 arabam\u0131z 50 kg&#8217;a kadar a\u011f\u0131rl\u0131\u011f\u0131 ta\u015f\u0131yabilir.<\/span><\/li>\n<li><span dir=\"auto\">Tek ihtiyac\u0131n\u0131z olan d\u00fcz ve p\u00fcr\u00fczs\u00fcz bir y\u00fczey. Hem d\u0131\u015f mekan hem de i\u00e7 mekan oyunlar\u0131 i\u00e7in m\u00fckemmel. \u00c7ocuklar\u0131 aktif ve hareketli tutman\u0131n harika bir yolu. 2 ila 8 ya\u015f aras\u0131 k\u0131z ve erkek \u00e7ocuklar i\u00e7in uygundur.<\/span><\/li>\n<\/ul>\n<\/div>\n<\/div>\n<\/div>\n<div class=\"SpecificationsTab-module-scss-module__xe5LJa__container\">\n<h3 class=\"SpecificationsTab-module-scss-module__xe5LJa__label\"><span dir=\"auto\">Teknik \u00d6zellikler<\/span><\/h3>\n<div class=\"SpecificationsTab-module-scss-module__xe5LJa__tableCtr\">\n<div class=\"SpecificationsTab-module-scss-module__xe5LJa__column\">\n<table>\n<tbody>\n<tr>\n<td class=\"SpecificationsTab-module-scss-module__xe5LJa__specName\"><span dir=\"auto\">\u00dcr\u00fcn A\u011f\u0131rl\u0131\u011f\u0131<\/span><\/td>\n<td class=\"SpecificationsTab-module-scss-module__xe5LJa__specValue\"><span dir=\"auto\">3,6 KG<\/span><\/td>\n<\/tr>\n<tr>\n<td class=\"SpecificationsTab-module-scss-module__xe5LJa__specName\"><span dir=\"auto\">Hedef Ya\u015f Aral\u0131\u011f\u0131<\/span><\/td>\n<td class=\"SpecificationsTab-module-scss-module__xe5LJa__specValue\"><span dir=\"auto\">2+ Y\u0131l<\/span><\/td>\n<\/tr>\n<tr>\n<td class=\"SpecificationsTab-module-scss-module__xe5LJa__specName\"><span dir=\"auto\">\u00dcr\u00fcn Y\u00fcksekli\u011fi<\/span><\/td>\n<td class=\"SpecificationsTab-module-scss-module__xe5LJa__specValue\"><span dir=\"auto\">38 cm<\/span><\/td>\n<\/tr>\n<tr>\n<td class=\"SpecificationsTab-module-scss-module__xe5LJa__specName\"><span dir=\"auto\">Kutunun \u0130\u00e7inde Ne Var?<\/span><\/td>\n<td class=\"SpecificationsTab-module-scss-module__xe5LJa__specValue\"><span dir=\"auto\">Yok<\/span><\/td>\n<\/tr>\n<tr>\n<td class=\"SpecificationsTab-module-scss-module__xe5LJa__specName\"><span dir=\"auto\">Model Numaras\u0131<\/span><\/td>\n<td class=\"SpecificationsTab-module-scss-module__xe5LJa__specValue\"><span dir=\"auto\">ETNNC01<\/span><\/td>\n<\/tr>\n<\/tbody>\n<\/table>\n<\/div>\n<div class=\"SpecificationsTab-module-scss-module__xe5LJa__column\">\n<table>\n<tbody>\n<tr>\n<td class=\"SpecificationsTab-module-scss-module__xe5LJa__specName\"><span dir=\"auto\">Renk Ad\u0131<\/span><\/td>\n<td class=\"SpecificationsTab-module-scss-module__xe5LJa__specValue\"><span dir=\"auto\">Mavi<\/span><\/td>\n<\/tr>\n<tr>\n<td class=\"SpecificationsTab-module-scss-module__xe5LJa__specName\"><span dir=\"auto\">\u00dcr\u00fcn Uzunlu\u011fu<\/span><\/td>\n<td class=\"SpecificationsTab-module-scss-module__xe5LJa__specValue\"><span dir=\"auto\">68 cm<\/span><\/td>\n<\/tr>\n<tr>\n<td class=\"SpecificationsTab-module-scss-module__xe5LJa__specName\"><span dir=\"auto\">\u00dcr\u00fcn Geni\u015fli\u011fi<\/span><\/td>\n<td class=\"SpecificationsTab-module-scss-module__xe5LJa__specValue\"><span dir=\"auto\">35 cm<\/span><\/td>\n<\/tr>\n<tr>\n<td class=\"SpecificationsTab-module-scss-module__xe5LJa__specName\"><span dir=\"auto\">Desteklenen Maksimum A\u011f\u0131rl\u0131k<\/span><\/td>\n<td class=\"SpecificationsTab-module-scss-module__xe5LJa__specValue\"><span dir=\"auto\">50 KG<\/span><\/td>\n<\/tr>\n<tr>\n<td class=\"SpecificationsTab-module-scss-module__xe5LJa__specName\"><\/td>\n<td class=\"SpecificationsTab-module-scss-module__xe5LJa__specValue\"><\/td>\n<\/tr>\n<\/tbody>\n<\/table>\n<\/div>\n<\/div>\n<\/div>\n<\/div>\n<\/div>\n<\/section>\n<\/div>\n<div class=\"ProductDetailsDesktop-module-scss-module__AYN9Ya__sectionSeparator\"><\/div>\n<div id=\"ReviewArea\" class=\"ProductDetailsDesktop-module-scss-module__AYN9Ya__maxWrapper ProductDetailsDesktop-module-scss-module__AYN9Ya__ratingCtr\">\n<div class=\"lazyload-wrapper \">\n<div class=\"ProductDetailsDesktop-module-scss-module__AYN9Ya__ratingInnerCtr\">\n<div class=\"RatingInner-module-scss-module__MLcDCG__ratingOuter\">\n<div class=\"RatingInner-module-scss-module__MLcDCG__reviewTitle\"><\/div>\n<\/div>\n<\/div>\n<\/div>\n<\/div>\n","protected":false},"excerpt":{"rendered":"<p>HA8838<\/p>\n","protected":false},"featured_media":18560,"comment_status":"open","ping_status":"closed","template":"","meta":[],"product_brand":[],"product_cat":[788],"product_tag":[],"class_list":{"0":"post-18564","1":"product","2":"type-product","3":"status-publish","4":"has-post-thumbnail","6":"product_cat-cocuk-akulu-araba-bisiklet-scooter","8":"first","9":"instock","10":"shipping-taxable","11":"purchasable","12":"product-type-simple"},"aioseo_notices":[],"_links":{"self":[{"href":"https:\/\/flytechltd.com\/en\/wp-json\/wp\/v2\/product\/18564","targetHints":{"allow":["GET"]}}],"collection":[{"href":"https:\/\/flytechltd.com\/en\/wp-json\/wp\/v2\/product"}],"about":[{"href":"https:\/\/flytechltd.com\/en\/wp-json\/wp\/v2\/types\/product"}],"replies":[{"embeddable":true,"href":"https:\/\/flytechltd.com\/en\/wp-json\/wp\/v2\/comments?post=18564"}],"version-history":[{"count":0,"href":"https:\/\/flytechltd.com\/en\/wp-json\/wp\/v2\/product\/18564\/revisions"}],"wp:featuredmedia":[{"embeddable":true,"href":"https:\/\/flytechltd.com\/en\/wp-json\/wp\/v2\/media\/18560"}],"wp:attachment":[{"href":"https:\/\/flytechltd.com\/en\/wp-json\/wp\/v2\/media?parent=18564"}],"wp:term":[{"taxonomy":"product_brand","embeddable":true,"href":"https:\/\/flytechltd.com\/en\/wp-json\/wp\/v2\/product_brand?post=18564"},{"taxonomy":"product_cat","embeddable":true,"href":"https:\/\/flytechltd.com\/en\/wp-json\/wp\/v2\/product_cat?post=18564"},{"taxonomy":"product_tag","embeddable":true,"href":"https:\/\/flytechltd.com\/en\/wp-json\/wp\/v2\/product_tag?post=18564"}],"curies":[{"name":"wp","href":"https:\/\/api.w.org\/{rel}","templated":true}]}}