{"id":18591,"date":"2026-03-01T20:19:47","date_gmt":"2026-03-01T20:19:47","guid":{"rendered":"https:\/\/flytechltd.com\/?post_type=product&#038;p=18591"},"modified":"2026-04-16T19:40:03","modified_gmt":"2026-04-16T19:40:03","slug":"modern-tasarim-katlanabilir-saklama-kutusu-duzenleyici-pp-plastik-model-oyuncaklar-istiflenebilir-yapi-tasi-setleri-cocuklar-icin-pembe","status":"publish","type":"product","link":"https:\/\/flytechltd.com\/en\/p\/modern-tasarim-katlanabilir-saklama-kutusu-duzenleyici-pp-plastik-model-oyuncaklar-istiflenebilir-yapi-tasi-setleri-cocuklar-icin-pembe\/","title":{"rendered":"Modern Tasar\u0131m Katlanabilir Saklama Kutusu D\u00fczenleyici PP Plastik Model Oyuncaklar \u0130stiflenebilir Yap\u0131 Ta\u015f\u0131 Setleri \u00c7ocuklar \u0130\u00e7in Pembe"},"content":{"rendered":"","protected":false},"excerpt":{"rendered":"<p>HA8805<\/p>\n","protected":false},"featured_media":18594,"comment_status":"open","ping_status":"closed","template":"","meta":[],"product_brand":[],"product_cat":[22],"product_tag":[],"class_list":{"0":"post-18591","1":"product","2":"type-product","3":"status-publish","4":"has-post-thumbnail","6":"product_cat-flytech","8":"first","9":"instock","10":"shipping-taxable","11":"purchasable","12":"product-type-simple"},"aioseo_notices":[],"_links":{"self":[{"href":"https:\/\/flytechltd.com\/en\/wp-json\/wp\/v2\/product\/18591","targetHints":{"allow":["GET"]}}],"collection":[{"href":"https:\/\/flytechltd.com\/en\/wp-json\/wp\/v2\/product"}],"about":[{"href":"https:\/\/flytechltd.com\/en\/wp-json\/wp\/v2\/types\/product"}],"replies":[{"embeddable":true,"href":"https:\/\/flytechltd.com\/en\/wp-json\/wp\/v2\/comments?post=18591"}],"version-history":[{"count":0,"href":"https:\/\/flytechltd.com\/en\/wp-json\/wp\/v2\/product\/18591\/revisions"}],"wp:featuredmedia":[{"embeddable":true,"href":"https:\/\/flytechltd.com\/en\/wp-json\/wp\/v2\/media\/18594"}],"wp:attachment":[{"href":"https:\/\/flytechltd.com\/en\/wp-json\/wp\/v2\/media?parent=18591"}],"wp:term":[{"taxonomy":"product_brand","embeddable":true,"href":"https:\/\/flytechltd.com\/en\/wp-json\/wp\/v2\/product_brand?post=18591"},{"taxonomy":"product_cat","embeddable":true,"href":"https:\/\/flytechltd.com\/en\/wp-json\/wp\/v2\/product_cat?post=18591"},{"taxonomy":"product_tag","embeddable":true,"href":"https:\/\/flytechltd.com\/en\/wp-json\/wp\/v2\/product_tag?post=18591"}],"curies":[{"name":"wp","href":"https:\/\/api.w.org\/{rel}","templated":true}]}}