{"id":18596,"date":"2026-03-01T20:25:54","date_gmt":"2026-03-01T20:25:54","guid":{"rendered":"https:\/\/flytechltd.com\/?post_type=product&#038;p=18596"},"modified":"2026-04-16T19:39:56","modified_gmt":"2026-04-16T19:39:56","slug":"modern-tasarim-katlanabilir-saklama-kutusu-duzenleyici-pp-plastik-model-oyuncaklar-istiflenebilir-yapi-tasi-setleri-cocuklar-icin-gri","status":"publish","type":"product","link":"https:\/\/flytechltd.com\/en\/p\/modern-tasarim-katlanabilir-saklama-kutusu-duzenleyici-pp-plastik-model-oyuncaklar-istiflenebilir-yapi-tasi-setleri-cocuklar-icin-gri\/","title":{"rendered":"Modern Tasar\u0131m Katlanabilir Saklama Kutusu D\u00fczenleyici PP Plastik Model Oyuncaklar \u0130stiflenebilir Yap\u0131 Ta\u015f\u0131 Setleri \u00c7ocuklar \u0130\u00e7in Gri"},"content":{"rendered":"","protected":false},"excerpt":{"rendered":"<p>HA8804<\/p>\n","protected":false},"featured_media":18599,"comment_status":"open","ping_status":"closed","template":"","meta":[],"product_brand":[],"product_cat":[22],"product_tag":[],"class_list":{"0":"post-18596","1":"product","2":"type-product","3":"status-publish","4":"has-post-thumbnail","6":"product_cat-flytech","8":"first","9":"instock","10":"shipping-taxable","11":"purchasable","12":"product-type-simple"},"aioseo_notices":[],"_links":{"self":[{"href":"https:\/\/flytechltd.com\/en\/wp-json\/wp\/v2\/product\/18596","targetHints":{"allow":["GET"]}}],"collection":[{"href":"https:\/\/flytechltd.com\/en\/wp-json\/wp\/v2\/product"}],"about":[{"href":"https:\/\/flytechltd.com\/en\/wp-json\/wp\/v2\/types\/product"}],"replies":[{"embeddable":true,"href":"https:\/\/flytechltd.com\/en\/wp-json\/wp\/v2\/comments?post=18596"}],"version-history":[{"count":0,"href":"https:\/\/flytechltd.com\/en\/wp-json\/wp\/v2\/product\/18596\/revisions"}],"wp:featuredmedia":[{"embeddable":true,"href":"https:\/\/flytechltd.com\/en\/wp-json\/wp\/v2\/media\/18599"}],"wp:attachment":[{"href":"https:\/\/flytechltd.com\/en\/wp-json\/wp\/v2\/media?parent=18596"}],"wp:term":[{"taxonomy":"product_brand","embeddable":true,"href":"https:\/\/flytechltd.com\/en\/wp-json\/wp\/v2\/product_brand?post=18596"},{"taxonomy":"product_cat","embeddable":true,"href":"https:\/\/flytechltd.com\/en\/wp-json\/wp\/v2\/product_cat?post=18596"},{"taxonomy":"product_tag","embeddable":true,"href":"https:\/\/flytechltd.com\/en\/wp-json\/wp\/v2\/product_tag?post=18596"}],"curies":[{"name":"wp","href":"https:\/\/api.w.org\/{rel}","templated":true}]}}