{"id":18631,"date":"2026-03-02T20:25:44","date_gmt":"2026-03-02T20:25:44","guid":{"rendered":"https:\/\/flytechltd.com\/?post_type=product&#038;p=18631"},"modified":"2026-04-16T19:34:57","modified_gmt":"2026-04-16T19:34:57","slug":"oyun-park-seti-cit-basketbol-potasi-kaydirak-salincak-sallanan-at-oyun-evi-yapim-bloklari-masasi-saklama-dolabi-cizim-tahtasi-seti-1-cm-emekleme-mati","status":"publish","type":"product","link":"https:\/\/flytechltd.com\/en\/p\/oyun-park-seti-cit-basketbol-potasi-kaydirak-salincak-sallanan-at-oyun-evi-yapim-bloklari-masasi-saklama-dolabi-cizim-tahtasi-seti-1-cm-emekleme-mati\/","title":{"rendered":"Oyun Park Seti  \u00c7it + Basketbol Potas\u0131 + Kayd\u0131rak + Sal\u0131ncak + Sallanan At + Oyun Evi + Yap\u0131m Bloklar\u0131 Masas\u0131 + Saklama Dolab\u0131 + \u00c7izim Tahtas\u0131 Seti + 1 cm Emekleme Mat\u0131"},"content":{"rendered":"<pre id=\"tw-target-text\" class=\"tw-data-text tw-text-large tw-ta\" dir=\"ltr\" tabindex=\"-1\" role=\"text\" data-placeholder=\"\u00c7eviri\" data-ved=\"2ahUKEwirj5KhhIKTAxUkRPEDHX9uLgEQ3ewLegQIBBAW\" aria-label=\"\u00c7evrilmi\u015f metin: \u00c7it + Basketbol potas\u0131 + Kayd\u0131rak + Sal\u0131ncak + Sallanan at + Oyun evi + Yap\u0131m bloklar\u0131 masas\u0131 + Saklama dolab\u0131 + \u00c7izim tahtas\u0131 seti + 1 cm emekleme mat\u0131\"><span class=\"Y2IQFc\" lang=\"tr\">\u00c7it + Basketbol potas\u0131 + Kayd\u0131rak + Sal\u0131ncak + Sallanan at + Oyun evi + Yap\u0131m bloklar\u0131 masas\u0131 + Saklama dolab\u0131 + \u00c7izim tahtas\u0131 seti + 1 cm emekleme mat\u0131\r\n\r\n<img fetchpriority=\"high\" decoding=\"async\" class=\"aligncenter wp-image-18767\" src=\"https:\/\/flytechltd.com\/wp-content\/uploads\/2026\/03\/fence3.webp\" alt=\"\" width=\"500\" height=\"1370\" \/>\r\n<img decoding=\"async\" class=\"aligncenter wp-image-18769\" src=\"https:\/\/flytechltd.com\/wp-content\/uploads\/2026\/03\/fence4-95x300.webp\" alt=\"\" width=\"500\" height=\"1582\" srcset=\"https:\/\/flytechltd.com\/wp-content\/uploads\/2026\/03\/fence4-95x300.webp 95w, https:\/\/flytechltd.com\/wp-content\/uploads\/2026\/03\/fence4-324x1024.webp 324w, https:\/\/flytechltd.com\/wp-content\/uploads\/2026\/03\/fence4-768x2430.webp 768w, https:\/\/flytechltd.com\/wp-content\/uploads\/2026\/03\/fence4-485x1536.webp 485w, https:\/\/flytechltd.com\/wp-content\/uploads\/2026\/03\/fence4-647x2048.webp 647w, https:\/\/flytechltd.com\/wp-content\/uploads\/2026\/03\/fence4-150x475.webp 150w, https:\/\/flytechltd.com\/wp-content\/uploads\/2026\/03\/fence4.webp 790w\" sizes=\"(max-width: 500px) 100vw, 500px\" \/><img decoding=\"async\" class=\"aligncenter wp-image-18771\" src=\"https:\/\/flytechltd.com\/wp-content\/uploads\/2026\/03\/fence6-118x300.webp\" alt=\"\" width=\"500\" height=\"1275\" srcset=\"https:\/\/flytechltd.com\/wp-content\/uploads\/2026\/03\/fence6-118x300.webp 118w, https:\/\/flytechltd.com\/wp-content\/uploads\/2026\/03\/fence6-401x1024.webp 401w, https:\/\/flytechltd.com\/wp-content\/uploads\/2026\/03\/fence6-768x1959.webp 768w, https:\/\/flytechltd.com\/wp-content\/uploads\/2026\/03\/fence6-602x1536.webp 602w, https:\/\/flytechltd.com\/wp-content\/uploads\/2026\/03\/fence6-150x383.webp 150w, https:\/\/flytechltd.com\/wp-content\/uploads\/2026\/03\/fence6.webp 790w\" sizes=\"(max-width: 500px) 100vw, 500px\" \/><img loading=\"lazy\" decoding=\"async\" class=\"aligncenter wp-image-18773\" src=\"https:\/\/flytechltd.com\/wp-content\/uploads\/2026\/03\/fence7-117x300.webp\" alt=\"\" width=\"500\" height=\"1283\" srcset=\"https:\/\/flytechltd.com\/wp-content\/uploads\/2026\/03\/fence7-117x300.webp 117w, https:\/\/flytechltd.com\/wp-content\/uploads\/2026\/03\/fence7-399x1024.webp 399w, https:\/\/flytechltd.com\/wp-content\/uploads\/2026\/03\/fence7-768x1971.webp 768w, https:\/\/flytechltd.com\/wp-content\/uploads\/2026\/03\/fence7-599x1536.webp 599w, https:\/\/flytechltd.com\/wp-content\/uploads\/2026\/03\/fence7-150x385.webp 150w, https:\/\/flytechltd.com\/wp-content\/uploads\/2026\/03\/fence7.webp 790w\" sizes=\"(max-width: 500px) 100vw, 500px\" \/><img loading=\"lazy\" decoding=\"async\" class=\"aligncenter wp-image-18775\" src=\"https:\/\/flytechltd.com\/wp-content\/uploads\/2026\/03\/fence8-155x300.webp\" alt=\"\" width=\"500\" height=\"970\" srcset=\"https:\/\/flytechltd.com\/wp-content\/uploads\/2026\/03\/fence8-155x300.webp 155w, https:\/\/flytechltd.com\/wp-content\/uploads\/2026\/03\/fence8-528x1024.webp 528w, https:\/\/flytechltd.com\/wp-content\/uploads\/2026\/03\/fence8-768x1490.webp 768w, https:\/\/flytechltd.com\/wp-content\/uploads\/2026\/03\/fence8-150x291.webp 150w, https:\/\/flytechltd.com\/wp-content\/uploads\/2026\/03\/fence8.webp 790w\" sizes=\"(max-width: 500px) 100vw, 500px\" \/>\r\n<img loading=\"lazy\" decoding=\"async\" class=\"aligncenter wp-image-18777\" src=\"https:\/\/flytechltd.com\/wp-content\/uploads\/2026\/03\/fence9-143x300.webp\" alt=\"\" width=\"500\" height=\"1046\" srcset=\"https:\/\/flytechltd.com\/wp-content\/uploads\/2026\/03\/fence9-143x300.webp 143w, https:\/\/flytechltd.com\/wp-content\/uploads\/2026\/03\/fence9-489x1024.webp 489w, https:\/\/flytechltd.com\/wp-content\/uploads\/2026\/03\/fence9-768x1607.webp 768w, https:\/\/flytechltd.com\/wp-content\/uploads\/2026\/03\/fence9-734x1536.webp 734w, https:\/\/flytechltd.com\/wp-content\/uploads\/2026\/03\/fence9-150x314.webp 150w, https:\/\/flytechltd.com\/wp-content\/uploads\/2026\/03\/fence9.webp 790w\" sizes=\"(max-width: 500px) 100vw, 500px\" \/><img loading=\"lazy\" decoding=\"async\" class=\"aligncenter wp-image-18779\" src=\"https:\/\/flytechltd.com\/wp-content\/uploads\/2026\/03\/fence10-110x300.webp\" alt=\"\" width=\"500\" height=\"1367\" srcset=\"https:\/\/flytechltd.com\/wp-content\/uploads\/2026\/03\/fence10-110x300.webp 110w, https:\/\/flytechltd.com\/wp-content\/uploads\/2026\/03\/fence10-375x1024.webp 375w, https:\/\/flytechltd.com\/wp-content\/uploads\/2026\/03\/fence10-768x2100.webp 768w, https:\/\/flytechltd.com\/wp-content\/uploads\/2026\/03\/fence10-562x1536.webp 562w, https:\/\/flytechltd.com\/wp-content\/uploads\/2026\/03\/fence10-749x2048.webp 749w, https:\/\/flytechltd.com\/wp-content\/uploads\/2026\/03\/fence10-150x410.webp 150w, https:\/\/flytechltd.com\/wp-content\/uploads\/2026\/03\/fence10.webp 790w\" sizes=\"(max-width: 500px) 100vw, 500px\" \/><img loading=\"lazy\" decoding=\"async\" class=\"aligncenter wp-image-18781\" src=\"https:\/\/flytechltd.com\/wp-content\/uploads\/2026\/03\/fence11-113x300.webp\" alt=\"\" width=\"500\" height=\"1329\" srcset=\"https:\/\/flytechltd.com\/wp-content\/uploads\/2026\/03\/fence11-113x300.webp 113w, https:\/\/flytechltd.com\/wp-content\/uploads\/2026\/03\/fence11-385x1024.webp 385w, https:\/\/flytechltd.com\/wp-content\/uploads\/2026\/03\/fence11-768x2042.webp 768w, https:\/\/flytechltd.com\/wp-content\/uploads\/2026\/03\/fence11-578x1536.webp 578w, https:\/\/flytechltd.com\/wp-content\/uploads\/2026\/03\/fence11-770x2048.webp 770w, https:\/\/flytechltd.com\/wp-content\/uploads\/2026\/03\/fence11-150x399.webp 150w, https:\/\/flytechltd.com\/wp-content\/uploads\/2026\/03\/fence11.webp 790w\" sizes=\"(max-width: 500px) 100vw, 500px\" \/><img loading=\"lazy\" decoding=\"async\" class=\"aligncenter wp-image-18783\" src=\"https:\/\/flytechltd.com\/wp-content\/uploads\/2026\/03\/fence12.webp\" alt=\"\" width=\"500\" height=\"947\" \/><img loading=\"lazy\" decoding=\"async\" class=\"aligncenter wp-image-18785\" src=\"https:\/\/flytechltd.com\/wp-content\/uploads\/2026\/03\/fence13-127x300.webp\" alt=\"\" width=\"500\" height=\"1182\" srcset=\"https:\/\/flytechltd.com\/wp-content\/uploads\/2026\/03\/fence13-127x300.webp 127w, https:\/\/flytechltd.com\/wp-content\/uploads\/2026\/03\/fence13-433x1024.webp 433w, https:\/\/flytechltd.com\/wp-content\/uploads\/2026\/03\/fence13-768x1815.webp 768w, https:\/\/flytechltd.com\/wp-content\/uploads\/2026\/03\/fence13-650x1536.webp 650w, https:\/\/flytechltd.com\/wp-content\/uploads\/2026\/03\/fence13-150x354.webp 150w, https:\/\/flytechltd.com\/wp-content\/uploads\/2026\/03\/fence13.webp 790w\" sizes=\"(max-width: 500px) 100vw, 500px\" \/><img loading=\"lazy\" decoding=\"async\" class=\"aligncenter wp-image-18787\" src=\"https:\/\/flytechltd.com\/wp-content\/uploads\/2026\/03\/fence14-145x300.webp\" alt=\"\" width=\"500\" height=\"1032\" srcset=\"https:\/\/flytechltd.com\/wp-content\/uploads\/2026\/03\/fence14-145x300.webp 145w, https:\/\/flytechltd.com\/wp-content\/uploads\/2026\/03\/fence14-496x1024.webp 496w, https:\/\/flytechltd.com\/wp-content\/uploads\/2026\/03\/fence14-768x1586.webp 768w, https:\/\/flytechltd.com\/wp-content\/uploads\/2026\/03\/fence14-744x1536.webp 744w, https:\/\/flytechltd.com\/wp-content\/uploads\/2026\/03\/fence14-150x310.webp 150w, https:\/\/flytechltd.com\/wp-content\/uploads\/2026\/03\/fence14.webp 790w\" sizes=\"(max-width: 500px) 100vw, 500px\" \/><img loading=\"lazy\" decoding=\"async\" class=\"aligncenter wp-image-18789\" src=\"https:\/\/flytechltd.com\/wp-content\/uploads\/2026\/03\/fence15-137x300.webp\" alt=\"\" width=\"500\" height=\"1097\" srcset=\"https:\/\/flytechltd.com\/wp-content\/uploads\/2026\/03\/fence15-137x300.webp 137w, https:\/\/flytechltd.com\/wp-content\/uploads\/2026\/03\/fence15-467x1024.webp 467w, https:\/\/flytechltd.com\/wp-content\/uploads\/2026\/03\/fence15-768x1685.webp 768w, https:\/\/flytechltd.com\/wp-content\/uploads\/2026\/03\/fence15-700x1536.webp 700w, https:\/\/flytechltd.com\/wp-content\/uploads\/2026\/03\/fence15-150x329.webp 150w, https:\/\/flytechltd.com\/wp-content\/uploads\/2026\/03\/fence15.webp 790w\" sizes=\"(max-width: 500px) 100vw, 500px\" \/><img loading=\"lazy\" decoding=\"async\" class=\"aligncenter wp-image-18791\" src=\"https:\/\/flytechltd.com\/wp-content\/uploads\/2026\/03\/fence16-113x300.webp\" alt=\"\" width=\"500\" height=\"1329\" srcset=\"https:\/\/flytechltd.com\/wp-content\/uploads\/2026\/03\/fence16-113x300.webp 113w, https:\/\/flytechltd.com\/wp-content\/uploads\/2026\/03\/fence16-385x1024.webp 385w, https:\/\/flytechltd.com\/wp-content\/uploads\/2026\/03\/fence16-768x2042.webp 768w, https:\/\/flytechltd.com\/wp-content\/uploads\/2026\/03\/fence16-578x1536.webp 578w, https:\/\/flytechltd.com\/wp-content\/uploads\/2026\/03\/fence16-770x2048.webp 770w, https:\/\/flytechltd.com\/wp-content\/uploads\/2026\/03\/fence16-150x399.webp 150w, https:\/\/flytechltd.com\/wp-content\/uploads\/2026\/03\/fence16.webp 790w\" sizes=\"(max-width: 500px) 100vw, 500px\" \/><img loading=\"lazy\" decoding=\"async\" class=\"aligncenter wp-image-18793\" src=\"https:\/\/flytechltd.com\/wp-content\/uploads\/2026\/03\/fence17-127x300.webp\" alt=\"\" width=\"500\" height=\"1179\" srcset=\"https:\/\/flytechltd.com\/wp-content\/uploads\/2026\/03\/fence17-127x300.webp 127w, https:\/\/flytechltd.com\/wp-content\/uploads\/2026\/03\/fence17-434x1024.webp 434w, https:\/\/flytechltd.com\/wp-content\/uploads\/2026\/03\/fence17-768x1811.webp 768w, https:\/\/flytechltd.com\/wp-content\/uploads\/2026\/03\/fence17-651x1536.webp 651w, https:\/\/flytechltd.com\/wp-content\/uploads\/2026\/03\/fence17-150x354.webp 150w, https:\/\/flytechltd.com\/wp-content\/uploads\/2026\/03\/fence17.webp 790w\" sizes=\"(max-width: 500px) 100vw, 500px\" \/><img loading=\"lazy\" decoding=\"async\" class=\"aligncenter wp-image-18795\" src=\"https:\/\/flytechltd.com\/wp-content\/uploads\/2026\/03\/fence18-145x300.webp\" alt=\"\" width=\"500\" height=\"1033\" srcset=\"https:\/\/flytechltd.com\/wp-content\/uploads\/2026\/03\/fence18-145x300.webp 145w, https:\/\/flytechltd.com\/wp-content\/uploads\/2026\/03\/fence18-496x1024.webp 496w, https:\/\/flytechltd.com\/wp-content\/uploads\/2026\/03\/fence18-768x1587.webp 768w, https:\/\/flytechltd.com\/wp-content\/uploads\/2026\/03\/fence18-744x1536.webp 744w, https:\/\/flytechltd.com\/wp-content\/uploads\/2026\/03\/fence18-150x310.webp 150w, https:\/\/flytechltd.com\/wp-content\/uploads\/2026\/03\/fence18.webp 790w\" sizes=\"(max-width: 500px) 100vw, 500px\" \/><img loading=\"lazy\" decoding=\"async\" class=\"aligncenter wp-image-18797\" src=\"https:\/\/flytechltd.com\/wp-content\/uploads\/2026\/03\/fence19-145x300.webp\" alt=\"\" width=\"500\" height=\"1033\" srcset=\"https:\/\/flytechltd.com\/wp-content\/uploads\/2026\/03\/fence19-145x300.webp 145w, https:\/\/flytechltd.com\/wp-content\/uploads\/2026\/03\/fence19-496x1024.webp 496w, https:\/\/flytechltd.com\/wp-content\/uploads\/2026\/03\/fence19-768x1587.webp 768w, https:\/\/flytechltd.com\/wp-content\/uploads\/2026\/03\/fence19-744x1536.webp 744w, https:\/\/flytechltd.com\/wp-content\/uploads\/2026\/03\/fence19-150x310.webp 150w, https:\/\/flytechltd.com\/wp-content\/uploads\/2026\/03\/fence19.webp 790w\" sizes=\"(max-width: 500px) 100vw, 500px\" \/><img loading=\"lazy\" decoding=\"async\" class=\"aligncenter wp-image-18799\" src=\"https:\/\/flytechltd.com\/wp-content\/uploads\/2026\/03\/fence20-162x300.webp\" alt=\"\" width=\"500\" height=\"928\" srcset=\"https:\/\/flytechltd.com\/wp-content\/uploads\/2026\/03\/fence20-162x300.webp 162w, https:\/\/flytechltd.com\/wp-content\/uploads\/2026\/03\/fence20-552x1024.webp 552w, https:\/\/flytechltd.com\/wp-content\/uploads\/2026\/03\/fence20-768x1425.webp 768w, https:\/\/flytechltd.com\/wp-content\/uploads\/2026\/03\/fence20-150x278.webp 150w, https:\/\/flytechltd.com\/wp-content\/uploads\/2026\/03\/fence20.webp 790w\" sizes=\"(max-width: 500px) 100vw, 500px\" \/><img loading=\"lazy\" decoding=\"async\" class=\"aligncenter wp-image-18801\" src=\"https:\/\/flytechltd.com\/wp-content\/uploads\/2026\/03\/fence21-167x300.webp\" alt=\"\" width=\"500\" height=\"898\" srcset=\"https:\/\/flytechltd.com\/wp-content\/uploads\/2026\/03\/fence21-167x300.webp 167w, https:\/\/flytechltd.com\/wp-content\/uploads\/2026\/03\/fence21-570x1024.webp 570w, https:\/\/flytechltd.com\/wp-content\/uploads\/2026\/03\/fence21-768x1379.webp 768w, https:\/\/flytechltd.com\/wp-content\/uploads\/2026\/03\/fence21-150x269.webp 150w, https:\/\/flytechltd.com\/wp-content\/uploads\/2026\/03\/fence21.webp 790w\" sizes=\"(max-width: 500px) 100vw, 500px\" \/>\r\n<\/span><\/pre>\n","protected":false},"excerpt":{"rendered":"<p>HA8815<\/p>\n","protected":false},"featured_media":18632,"comment_status":"open","ping_status":"closed","template":"","meta":[],"product_brand":[],"product_cat":[790],"product_tag":[],"class_list":{"0":"post-18631","1":"product","2":"type-product","3":"status-publish","4":"has-post-thumbnail","6":"product_cat-oyun-parklari","8":"first","9":"instock","10":"shipping-taxable","11":"purchasable","12":"product-type-simple"},"aioseo_notices":[],"_links":{"self":[{"href":"https:\/\/flytechltd.com\/en\/wp-json\/wp\/v2\/product\/18631","targetHints":{"allow":["GET"]}}],"collection":[{"href":"https:\/\/flytechltd.com\/en\/wp-json\/wp\/v2\/product"}],"about":[{"href":"https:\/\/flytechltd.com\/en\/wp-json\/wp\/v2\/types\/product"}],"replies":[{"embeddable":true,"href":"https:\/\/flytechltd.com\/en\/wp-json\/wp\/v2\/comments?post=18631"}],"version-history":[{"count":0,"href":"https:\/\/flytechltd.com\/en\/wp-json\/wp\/v2\/product\/18631\/revisions"}],"wp:featuredmedia":[{"embeddable":true,"href":"https:\/\/flytechltd.com\/en\/wp-json\/wp\/v2\/media\/18632"}],"wp:attachment":[{"href":"https:\/\/flytechltd.com\/en\/wp-json\/wp\/v2\/media?parent=18631"}],"wp:term":[{"taxonomy":"product_brand","embeddable":true,"href":"https:\/\/flytechltd.com\/en\/wp-json\/wp\/v2\/product_brand?post=18631"},{"taxonomy":"product_cat","embeddable":true,"href":"https:\/\/flytechltd.com\/en\/wp-json\/wp\/v2\/product_cat?post=18631"},{"taxonomy":"product_tag","embeddable":true,"href":"https:\/\/flytechltd.com\/en\/wp-json\/wp\/v2\/product_tag?post=18631"}],"curies":[{"name":"wp","href":"https:\/\/api.w.org\/{rel}","templated":true}]}}