{"id":18823,"date":"2026-03-22T16:37:52","date_gmt":"2026-03-22T16:37:52","guid":{"rendered":"https:\/\/flytechltd.com\/?post_type=product&#038;p=18823"},"modified":"2026-03-22T16:39:11","modified_gmt":"2026-03-22T16:39:11","slug":"hop-hop-kurbaga-topu-yesil-45cm","status":"publish","type":"product","link":"https:\/\/flytechltd.com\/en\/p\/hop-hop-kurbaga-topu-yesil-45cm\/","title":{"rendered":"Hop-Hop Kurba\u011fa Topu Ye\u015fil 45cm"},"content":{"rendered":"<div class=\"tab-title\">\n<h3 class=\"title\"><span dir=\"auto\">A\u00e7\u0131klama &#8211; \u00d6zellikler<\/span><\/h3>\n<p>&nbsp;<\/p>\n<\/div>\n<div class=\"tab-content no-max-height\">\n<div class=\"dynamic-content\">\n<p><span dir=\"auto\">Hop-Hop topu (ye\u015fil kurba\u011fa). Maksimum 45 cm&#8217;ye kadar \u015fi\u015firilebilir ve 450 g a\u011f\u0131rl\u0131\u011f\u0131ndad\u0131r.<\/span><\/p>\n<p><span dir=\"auto\">Malzeme: PVC<\/span><\/p>\n<\/div>\n<div class=\"att-container\">\n<div class=\"att-row ItemAttributes_Max_Weight js-visible-att\">\n<div class=\"att-cell att-cell-label\"><span dir=\"auto\">Maksimum A\u011f\u0131rl\u0131k Ta\u015f\u0131ma <\/span>50 kg<\/div>\n<\/div>\n<div class=\"att-row ItemAttributesSet_age_appropriateness js-visible-att js-even\">\n<div class=\"att-cell att-cell-value\"><\/div>\n<\/div>\n<\/div>\n<\/div>\n","protected":false},"excerpt":{"rendered":"<p>A\u00e7\u0131klama &#8211; \u00d6zellikler &nbsp; Hop-Hop topu (ye\u015fil kurba\u011fa). Maksimum 45 cm&#8217;ye kadar \u015fi\u015firilebilir ve 450 g a\u011f\u0131rl\u0131\u011f\u0131ndad\u0131r. Malzeme: PVC Maksimum<\/p>\n","protected":false},"featured_media":18826,"comment_status":"open","ping_status":"closed","template":"","meta":[],"product_brand":[],"product_cat":[783],"product_tag":[],"class_list":{"0":"post-18823","1":"product","2":"type-product","3":"status-publish","4":"has-post-thumbnail","6":"product_cat-bebek-cocuk-aktivite-gerecleri","8":"first","9":"instock","10":"shipping-taxable","11":"purchasable","12":"product-type-simple"},"aioseo_notices":[],"_links":{"self":[{"href":"https:\/\/flytechltd.com\/en\/wp-json\/wp\/v2\/product\/18823","targetHints":{"allow":["GET"]}}],"collection":[{"href":"https:\/\/flytechltd.com\/en\/wp-json\/wp\/v2\/product"}],"about":[{"href":"https:\/\/flytechltd.com\/en\/wp-json\/wp\/v2\/types\/product"}],"replies":[{"embeddable":true,"href":"https:\/\/flytechltd.com\/en\/wp-json\/wp\/v2\/comments?post=18823"}],"version-history":[{"count":0,"href":"https:\/\/flytechltd.com\/en\/wp-json\/wp\/v2\/product\/18823\/revisions"}],"wp:featuredmedia":[{"embeddable":true,"href":"https:\/\/flytechltd.com\/en\/wp-json\/wp\/v2\/media\/18826"}],"wp:attachment":[{"href":"https:\/\/flytechltd.com\/en\/wp-json\/wp\/v2\/media?parent=18823"}],"wp:term":[{"taxonomy":"product_brand","embeddable":true,"href":"https:\/\/flytechltd.com\/en\/wp-json\/wp\/v2\/product_brand?post=18823"},{"taxonomy":"product_cat","embeddable":true,"href":"https:\/\/flytechltd.com\/en\/wp-json\/wp\/v2\/product_cat?post=18823"},{"taxonomy":"product_tag","embeddable":true,"href":"https:\/\/flytechltd.com\/en\/wp-json\/wp\/v2\/product_tag?post=18823"}],"curies":[{"name":"wp","href":"https:\/\/api.w.org\/{rel}","templated":true}]}}