{"id":18852,"date":"2026-03-26T10:52:53","date_gmt":"2026-03-26T10:52:53","guid":{"rendered":"https:\/\/flytechltd.com\/?post_type=product&#038;p=18852"},"modified":"2026-04-05T13:35:11","modified_gmt":"2026-04-05T13:35:11","slug":"dans-eden-denizanasi-ahtapot-oyuncagi-muzikli-ve-led-isikli-karin-ustu-emekleme-oyuncagi-sari","status":"publish","type":"product","link":"https:\/\/flytechltd.com\/en\/p\/dans-eden-denizanasi-ahtapot-oyuncagi-muzikli-ve-led-isikli-karin-ustu-emekleme-oyuncagi-sari\/","title":{"rendered":"Dans Eden Denizanas\u0131 Ahtapot Oyunca\u011f\u0131 \u2013 M\u00fczikli ve LED I\u015f\u0131kl\u0131, Kar\u0131n \u00dcst\u00fc Emekleme Oyunca\u011f\u0131 Sar\u0131"},"content":{"rendered":"<p data-start=\"188\" data-end=\"683\"><strong data-start=\"241\" data-end=\"274\"><span dir=\"auto\">Bebekler ve k\u00fc\u00e7\u00fck \u00e7ocuklar i\u00e7in \u00f6zel olarak tasarlanm\u0131\u015f, e\u011flenceli ve etkile\u015fimli bir emekleme oyunca\u011f\u0131 olan Dans Eden Denizanas\u0131 Ahtapot Oyunca\u011f\u0131<\/span><\/strong><span dir=\"auto\">\u00a0ile oyun zaman\u0131n\u0131 daha heyecanl\u0131 ve e\u011fitici hale getirin\u00a0. Bu sihirli dans eden ahtapot hareket eder, k\u0131vr\u0131l\u0131r ve ne\u015feli m\u00fczik \u00e7alarken renkli LED \u0131\u015f\u0131klarla parlar, \u00e7ocuklar\u0131 saatlerce e\u011flendirir ve aktif tutar. Sevimli denizanas\u0131 esintili tasar\u0131m\u0131 ve yumu\u015fak dokuna\u00e7lar\u0131 \u00e7ocuklar\u0131 an\u0131nda cezbeder ve kar\u0131n \u00fcst\u00fc oyun zaman\u0131, emekleme al\u0131\u015ft\u0131rmas\u0131 ve duyusal geli\u015fim i\u00e7in ideal bir oyuncak haline getirir.<\/span><\/p>\n<p data-start=\"685\" data-end=\"955\"><span dir=\"auto\">Bu \u015farj edilebilir ahtapot oyunca\u011f\u0131, bebekleri e\u011flenirken hareket etmeye, kovalamaya ve ke\u015ffetmeye te\u015fvik etmek i\u00e7in m\u00fckemmeldir. \u00c7ocu\u011funuz emeklemeyi \u00f6\u011freniyor olsun ya da sadece m\u00fczik ve \u0131\u015f\u0131klardan ho\u015flan\u0131yor olsun, bu dans eden denizanas\u0131 oyunca\u011f\u0131 s\u0131radan oyun zaman\u0131n\u0131 ne\u015feli bir \u00f6\u011frenme deneyimine d\u00f6n\u00fc\u015ft\u00fcr\u00fcr.<\/span><\/p>\n<p data-start=\"981\" data-end=\"1027\"><strong><span dir=\"auto\">Ger\u00e7ek\u00e7i Emekleme ve Dans Hareketleri<\/span><\/strong><\/p>\n<p data-start=\"1028\" data-end=\"1257\"><span dir=\"auto\">Oyuncak, ger\u00e7ek bir denizanas\u0131 veya ahtapot gibi k\u0131vr\u0131lan esnek dokuna\u00e7lar\u0131yla zeminde sorunsuz bir \u015fekilde hareket eder. Bu emekleme hareketi, bebekleri oyunca\u011f\u0131 takip etmeye ve kovalamaya te\u015fvik ederek fiziksel aktiviteyi ve koordinasyonu geli\u015ftirmeye yard\u0131mc\u0131 olur.<\/span><\/p>\n<p data-start=\"1259\" data-end=\"1295\"><strong><span dir=\"auto\">LED I\u015f\u0131klarla M\u00fczikli E\u011flence<\/span><\/strong><\/p>\n<p data-start=\"1296\" data-end=\"1490\"><span dir=\"auto\">\u0130\u00e7erdi\u011fi ne\u015feli m\u00fczik ve parlak LED \u0131\u015f\u0131klar, g\u00f6rsel ve i\u015fitsel duyular\u0131 harekete ge\u00e7irir. Renkli parlayan \u0131\u015f\u0131klar an\u0131nda dikkat \u00e7ekerek bu oyunca\u011f\u0131 bebekler ve k\u00fc\u00e7\u00fck \u00e7ocuklar i\u00e7in son derece ilgi \u00e7ekici hale getirir.<\/span><\/p>\n<p data-start=\"1492\" data-end=\"1528\"><strong><span dir=\"auto\">\u015earj Edilebilir ve \u00c7evre Dostu<\/span><\/strong><\/p>\n<p data-start=\"1529\" data-end=\"1676\"><span dir=\"auto\">\u015earj edilebilir bataryas\u0131 sayesinde, bu oyuncak s\u00fcrekli pil de\u011fi\u015ftirme derdinden sizi kurtar\u0131r. Sadece \u015farj edin ve saatlerce e\u011flence dolu oyunun tad\u0131n\u0131 \u00e7\u0131kar\u0131n.<\/span><\/p>\n<p data-start=\"1678\" data-end=\"1727\"><strong><span dir=\"auto\">Kar\u0131n \u00fcst\u00fc yatma ve emekleme al\u0131\u015ft\u0131rmalar\u0131 i\u00e7in idealdir.<\/span><\/strong><\/p>\n<p data-start=\"1728\" data-end=\"1925\"><span dir=\"auto\">Kar\u0131n \u00fcst\u00fc egzersizlerini desteklemek \u00fczere tasarlanan bu oyuncak, bebekleri ba\u015flar\u0131n\u0131 kald\u0131rmaya, kollar\u0131n\u0131 hareket ettirmeye ve do\u011fal olarak emeklemeye ba\u015flamaya te\u015fvik eder. Kaslar\u0131n g\u00fc\u00e7lenmesine ve motor becerilerinin geli\u015fmesine yard\u0131mc\u0131 olur.<\/span><\/p>\n<p data-start=\"1927\" data-end=\"1972\"><strong><span dir=\"auto\">G\u00fcvenli, P\u00fcr\u00fczs\u00fcz ve \u00c7ocuk Dostu Tasar\u0131m<\/span><\/strong><\/p>\n<p data-start=\"1973\" data-end=\"2131\"><span dir=\"auto\">Zehirli olmayan, \u00e7ocuk g\u00fcvenli\u011fine uygun malzemelerden \u00fcretilmi\u015f, p\u00fcr\u00fczs\u00fcz kenarl\u0131 ve yumu\u015fak dokuna\u00e7l\u0131 bir oyuncakt\u0131r. Hafif olan bu oyuncak, k\u00fc\u00e7\u00fck ellerin dokunmas\u0131, kavramas\u0131 ve oynamas\u0131 i\u00e7in g\u00fcvenlidir.<\/span><\/p>\n<p data-start=\"2133\" data-end=\"2163\"><strong><span dir=\"auto\">\u00c7ocuklar i\u00e7in m\u00fckemmel bir hediye<\/span><\/strong><\/p>\n<p data-start=\"2164\" data-end=\"2299\"><span dir=\"auto\">Do\u011fum g\u00fcnleri, bebek partileri, festivaller ve \u00f6zel g\u00fcnler i\u00e7in m\u00fckemmel bir hediye se\u00e7ene\u011fi. Bebekler, y\u00fcr\u00fcmeye ba\u015flayan \u00e7ocuklar ve k\u00fc\u00e7\u00fck \u00e7ocuklar i\u00e7in uygundur.<\/span><\/p>\n<h4 data-start=\"2306\" data-end=\"2342\"><span dir=\"auto\">\u00c7ocuk Geli\u015fimi \u0130\u00e7in Faydalar\u0131<\/span><\/h4>\n<ul>\n<li data-start=\"2346\" data-end=\"2382\"><span dir=\"auto\"><strong data-start=\"2355\" data-end=\"2380\">El-g\u00f6z koordinasyonunu<\/strong>\u00a0geli\u015ftirir.<\/span><\/li>\n<li data-start=\"2385\" data-end=\"2423\"><span dir=\"auto\"><strong data-start=\"2396\" data-end=\"2421\">Emeklemeyi ve hareket etmeyi<\/strong>\u00a0te\u015fvik eder .<\/span><\/li>\n<li data-start=\"2426\" data-end=\"2469\"><span dir=\"auto\"><strong data-start=\"2437\" data-end=\"2467\">G\u00f6rsel ve i\u015fitsel duyular\u0131<\/strong>\u00a0uyar\u0131r.<\/span><\/li>\n<li data-start=\"2472\" data-end=\"2514\"><span dir=\"auto\"><strong data-start=\"2481\" data-end=\"2512\">Kas g\u00fcc\u00fcn\u00fc ve dengeyi<\/strong>\u00a0geli\u015ftirir.<\/span><\/li>\n<li data-start=\"2517\" data-end=\"2548\"><span dir=\"auto\"><strong data-start=\"2526\" data-end=\"2546\">Ba\u011f\u0131ms\u0131z oyunu<\/strong>\u00a0te\u015fvik eder<\/span><\/li>\n<li data-start=\"2551\" data-end=\"2594\"><span dir=\"auto\"><strong data-start=\"2558\" data-end=\"2594\">Merak duygusunu ve ke\u015fif becerilerini<\/strong>\u00a0geli\u015ftirir.<\/span><\/li>\n<\/ul>\n<p data-start=\"2596\" data-end=\"2708\"><span dir=\"auto\">Bu dans eden denizanas\u0131 oyunca\u011f\u0131 sadece bir e\u011flence arac\u0131 de\u011fil, ayn\u0131 zamanda bebekler i\u00e7in erken \u00f6\u011frenme ve geli\u015fim arac\u0131d\u0131r.<\/span><\/p>\n<h4 data-start=\"2715\" data-end=\"2744\"><span dir=\"auto\">Kapal\u0131 alanda oyun oynamak i\u00e7in m\u00fckemmel.<\/span><\/h4>\n<p data-start=\"2746\" data-end=\"2941\"><span dir=\"auto\">Bu oyuncak, fayans, ah\u015fap zemin ve paspas gibi p\u00fcr\u00fczs\u00fcz y\u00fczeylerde iyi \u00e7al\u0131\u015f\u0131r. \u00c7ocuklar\u0131 evde me\u015fgul ederken, ebeveynler de \u00e7ocuklar\u0131n\u0131n g\u00fcvenli bir \u015fekilde e\u011flenceli ve e\u011fitici oyunlarla me\u015fgul oldu\u011funu bilerek rahatlayabilirler.<\/span><\/p>\n<h4 data-start=\"2948\" data-end=\"2976\"><span dir=\"auto\">\u00dcr\u00fcn \u00d6zellikleri<\/span><\/h4>\n<ul>\n<li><strong><span dir=\"auto\">Paket \u0130\u00e7eri\u011fi:<\/span><\/strong>\u00a0<span dir=\"auto\">\u00a01 Ahtapot Oyuncak<\/span><\/li>\n<li data-start=\"2980\" data-end=\"3027\"><span dir=\"auto\">\u00dcr\u00fcn Tipi: Dans Eden Denizanas\u0131 \/ Ahtapot Oyunca\u011f\u0131<\/span><\/li>\n<li data-start=\"3030\" data-end=\"3078\"><span dir=\"auto\">Fonksiyonlar: Emekleme, Dans Etme, M\u00fczik ve LED I\u015f\u0131k<\/span><\/li>\n<li data-start=\"3081\" data-end=\"3110\"><span dir=\"auto\">G\u00fc\u00e7: \u015earj Edilebilir Pil<\/span><\/li>\n<li data-start=\"3113\" data-end=\"3143\"><span dir=\"auto\">Malzeme: \u00c7ocuklar i\u00e7in g\u00fcvenli plastik<\/span><\/li>\n<li data-start=\"3146\" data-end=\"3182\"><span dir=\"auto\">\u00d6nerilen Ya\u015f: Bebekler ve k\u00fc\u00e7\u00fck \u00e7ocuklar<\/span><\/li>\n<li data-start=\"3185\" data-end=\"3224\"><span dir=\"auto\">Kullan\u0131m Alan\u0131: \u0130\u00e7 mekan oyunlar\u0131, kar\u0131n \u00fcst\u00fc oyun aktivitesi<\/span><\/li>\n<\/ul>\n","protected":false},"excerpt":{"rendered":"<p>Bebekler ve k\u00fc\u00e7\u00fck \u00e7ocuklar i\u00e7in \u00f6zel olarak tasarlanm\u0131\u015f, e\u011flenceli ve etkile\u015fimli bir emekleme oyunca\u011f\u0131 olan Dans Eden Denizanas\u0131 Ahtapot Oyunca\u011f\u0131\u00a0ile<\/p>\n","protected":false},"featured_media":18913,"comment_status":"open","ping_status":"closed","template":"","meta":[],"product_brand":[],"product_cat":[783],"product_tag":[],"class_list":{"0":"post-18852","1":"product","2":"type-product","3":"status-publish","4":"has-post-thumbnail","6":"product_cat-bebek-cocuk-aktivite-gerecleri","8":"first","9":"outofstock","10":"shipping-taxable","11":"purchasable","12":"product-type-simple"},"aioseo_notices":[],"_links":{"self":[{"href":"https:\/\/flytechltd.com\/en\/wp-json\/wp\/v2\/product\/18852","targetHints":{"allow":["GET"]}}],"collection":[{"href":"https:\/\/flytechltd.com\/en\/wp-json\/wp\/v2\/product"}],"about":[{"href":"https:\/\/flytechltd.com\/en\/wp-json\/wp\/v2\/types\/product"}],"replies":[{"embeddable":true,"href":"https:\/\/flytechltd.com\/en\/wp-json\/wp\/v2\/comments?post=18852"}],"version-history":[{"count":0,"href":"https:\/\/flytechltd.com\/en\/wp-json\/wp\/v2\/product\/18852\/revisions"}],"wp:featuredmedia":[{"embeddable":true,"href":"https:\/\/flytechltd.com\/en\/wp-json\/wp\/v2\/media\/18913"}],"wp:attachment":[{"href":"https:\/\/flytechltd.com\/en\/wp-json\/wp\/v2\/media?parent=18852"}],"wp:term":[{"taxonomy":"product_brand","embeddable":true,"href":"https:\/\/flytechltd.com\/en\/wp-json\/wp\/v2\/product_brand?post=18852"},{"taxonomy":"product_cat","embeddable":true,"href":"https:\/\/flytechltd.com\/en\/wp-json\/wp\/v2\/product_cat?post=18852"},{"taxonomy":"product_tag","embeddable":true,"href":"https:\/\/flytechltd.com\/en\/wp-json\/wp\/v2\/product_tag?post=18852"}],"curies":[{"name":"wp","href":"https:\/\/api.w.org\/{rel}","templated":true}]}}