{"id":18900,"date":"2026-03-30T09:55:12","date_gmt":"2026-03-30T09:55:12","guid":{"rendered":"https:\/\/flytechltd.com\/?post_type=product&#038;p=18900"},"modified":"2026-03-30T09:55:12","modified_gmt":"2026-03-30T09:55:12","slug":"arac-ici-ve-klima-koku-giderici-sprey-150ml","status":"publish","type":"product","link":"https:\/\/flytechltd.com\/en\/p\/arac-ici-ve-klima-koku-giderici-sprey-150ml\/","title":{"rendered":"Ara\u00e7 \u0130\u00e7i ve Klima Koku Giderici Sprey 150ml"},"content":{"rendered":"<p><strong>Ara\u00e7 \u0130\u00e7i ve Klima Koku Giderici Sprey 150ml<\/strong> Ara\u00e7 i\u00e7i ve klima sisteminden yay\u0131lan birikmi\u015f k\u00fcf, bakteri ve sigara kokular\u0131na kar\u015f\u0131 etkilidir. Uygulama sonras\u0131 ara\u00e7 s\u00fcr\u00fc\u015f konforunu artt\u0131r\u0131r. 15 dakikadan k\u0131sa bir s\u00fcrede ara\u00e7 i\u00e7indeki ve hava kanallar\u0131ndaki istenmeyen kokular\u0131 yok eder. Kullan\u0131m\u0131 kolayd\u0131r. Klima polen ve toz filtresini \u00e7\u0131karmaya gerek yoktur. <strong>Form\u00fcl\u00fcndeki ho\u015f kokusu ile ara\u00e7 i\u00e7inde ho\u015f, taze ve temiz bir hava b\u0131rak\u0131r.<\/strong> <strong>\u00a0<\/strong> <strong>Kullan\u0131m \u015eekli:<\/strong> <img decoding=\"async\" class=\"emoji emoji-image\" src=\"https:\/\/web.telegram.org\/k\/assets\/img\/emoji\/2705.png\" alt=\"\u2705\" \/> Ara\u00e7 motorunu \u00e7al\u0131\u015ft\u0131r\u0131n ve klima sistemini devreye al\u0131n. <img decoding=\"async\" class=\"emoji emoji-image\" src=\"https:\/\/web.telegram.org\/k\/assets\/img\/emoji\/2705.png\" alt=\"\u2705\" \/>Klimay\u0131 maksimum so\u011fu\u011fa ayarlay\u0131n. <img decoding=\"async\" class=\"emoji emoji-image\" src=\"https:\/\/web.telegram.org\/k\/assets\/img\/emoji\/2705.png\" alt=\"\u2705\" \/>Klima, havan\u0131n ara\u00e7 i\u00e7inde dola\u015f\u0131m yapaca\u011f\u0131 \u015fekilde ayarlan\u0131r. <img decoding=\"async\" class=\"emoji emoji-image\" src=\"https:\/\/web.telegram.org\/k\/assets\/img\/emoji\/2705.png\" alt=\"\u2705\" \/>Kliman\u0131n ara\u00e7 i\u00e7ini iyice so\u011futmas\u0131 i\u00e7in 3 dakika bekleyin. <img decoding=\"async\" class=\"emoji emoji-image\" src=\"https:\/\/web.telegram.org\/k\/assets\/img\/emoji\/2705.png\" alt=\"\u2705\" \/>Aerosol\u00fc iyice \u00e7alkalay\u0131n. <img decoding=\"async\" class=\"emoji emoji-image\" src=\"https:\/\/web.telegram.org\/k\/assets\/img\/emoji\/2705.png\" alt=\"\u2705\" \/>Klima hava da\u011f\u0131t\u0131c\u0131s\u0131n\u0131 y\u00fcze gelecek \u015fekilde ayarlay\u0131n. <img decoding=\"async\" class=\"emoji emoji-image\" src=\"https:\/\/web.telegram.org\/k\/assets\/img\/emoji\/2705.png\" alt=\"\u2705\" \/>\u00dcr\u00fcn\u00fcn aktuat\u00f6r butonuna basarak devreye al\u0131n. <img decoding=\"async\" class=\"emoji emoji-image\" src=\"https:\/\/web.telegram.org\/k\/assets\/img\/emoji\/2705.png\" alt=\"\u2705\" \/>T\u00fcm kap\u0131 ve pencereleri kapatarak \u00fcr\u00fcn\u00fcn tamamen bo\u015falmas\u0131n\u0131 bekleyin. <img decoding=\"async\" class=\"emoji emoji-image\" src=\"https:\/\/web.telegram.org\/k\/assets\/img\/emoji\/2705.png\" alt=\"\u2705\" \/>\u00dcr\u00fcn bittikten sonra 10 dakika daha havan\u0131n ara\u00e7 i\u00e7erisinde iyice sirk\u00fcle olmas\u0131n\u0131 bekleyin. <img decoding=\"async\" class=\"emoji emoji-image\" src=\"https:\/\/web.telegram.org\/k\/assets\/img\/emoji\/2705.png\" alt=\"\u2705\" \/>Arac\u0131 durdurun ve kap\u0131lar\u0131n\u0131 a\u00e7arak 3 dakika ara\u00e7 i\u00e7ini havaland\u0131r\u0131n. <img decoding=\"async\" class=\"emoji emoji-image\" src=\"https:\/\/web.telegram.org\/k\/assets\/img\/emoji\/2705.png\" alt=\"\u2705\" \/>\u00dcr\u00fcn uygulan\u0131rken ara\u00e7 i\u00e7inde kimse olmamal\u0131d\u0131r. \u00a0 <strong>Kullan\u0131m Alanlar\u0131:<\/strong> Ara\u00e7 i\u00e7i ve klima sisteminden yay\u0131lan birikmi\u015f k\u00fcf, bakteri ve sigara kokular\u0131na kar\u015f\u0131 etkilidir. Uygulama sonras\u0131 ara\u00e7 s\u00fcr\u00fc\u015f konforunu artt\u0131r\u0131r. 15 dakikadan k\u0131sa bir s\u00fcrede ara\u00e7 i\u00e7indeki ve hava kanallar\u0131ndaki istenmeyen kokular\u0131 yok eder. Kullan\u0131m\u0131 kolayd\u0131r. Klima polen ve toz filtresini \u00e7\u0131karmaya gerek yoktur. Form\u00fcl\u00fcndeki ho\u015f kokusu ile ara\u00e7 i\u00e7inde ho\u015f, taze ve temiz bir hava b\u0131rak\u0131r<\/p>\n","protected":false},"excerpt":{"rendered":"<p>Ara\u00e7 \u0130\u00e7i ve Klima Koku Giderici Sprey 150ml Ara\u00e7 i\u00e7i ve klima sisteminden yay\u0131lan birikmi\u015f k\u00fcf, bakteri ve sigara kokular\u0131na<\/p>\n","protected":false},"featured_media":18905,"comment_status":"open","ping_status":"closed","template":"","meta":[],"product_brand":[],"product_cat":[22],"product_tag":[],"class_list":{"0":"post-18900","1":"product","2":"type-product","3":"status-publish","4":"has-post-thumbnail","6":"product_cat-flytech","8":"first","9":"instock","10":"shipping-taxable","11":"purchasable","12":"product-type-simple"},"aioseo_notices":[],"_links":{"self":[{"href":"https:\/\/flytechltd.com\/en\/wp-json\/wp\/v2\/product\/18900","targetHints":{"allow":["GET"]}}],"collection":[{"href":"https:\/\/flytechltd.com\/en\/wp-json\/wp\/v2\/product"}],"about":[{"href":"https:\/\/flytechltd.com\/en\/wp-json\/wp\/v2\/types\/product"}],"replies":[{"embeddable":true,"href":"https:\/\/flytechltd.com\/en\/wp-json\/wp\/v2\/comments?post=18900"}],"version-history":[{"count":0,"href":"https:\/\/flytechltd.com\/en\/wp-json\/wp\/v2\/product\/18900\/revisions"}],"wp:featuredmedia":[{"embeddable":true,"href":"https:\/\/flytechltd.com\/en\/wp-json\/wp\/v2\/media\/18905"}],"wp:attachment":[{"href":"https:\/\/flytechltd.com\/en\/wp-json\/wp\/v2\/media?parent=18900"}],"wp:term":[{"taxonomy":"product_brand","embeddable":true,"href":"https:\/\/flytechltd.com\/en\/wp-json\/wp\/v2\/product_brand?post=18900"},{"taxonomy":"product_cat","embeddable":true,"href":"https:\/\/flytechltd.com\/en\/wp-json\/wp\/v2\/product_cat?post=18900"},{"taxonomy":"product_tag","embeddable":true,"href":"https:\/\/flytechltd.com\/en\/wp-json\/wp\/v2\/product_tag?post=18900"}],"curies":[{"name":"wp","href":"https:\/\/api.w.org\/{rel}","templated":true}]}}