{"id":4631,"date":"2022-10-03T17:18:35","date_gmt":"2022-10-03T17:18:35","guid":{"rendered":"https:\/\/flytechltd.com\/?post_type=product&#038;p=4631"},"modified":"2024-08-02T09:20:32","modified_gmt":"2024-08-02T09:20:32","slug":"oyuncu-koltugu-turuncu-boss","status":"publish","type":"product","link":"https:\/\/flytechltd.com\/en\/p\/oyuncu-koltugu-turuncu-boss\/","title":{"rendered":"Oyuncu Koltu\u011fu Turuncu Boss"},"content":{"rendered":"<p>Xrancer Profesyonel Oyuncu Koltuklar\u0131n\u0131n Ortak \u00d6zellikleri:<\/p>\n<p>Oturum Alan\u0131 ve S\u0131rt B\u00f6lgesi Terletmeyen Kuma\u015f.<br \/>\nV\u00fccut yap\u0131s\u0131na g\u00f6re tam ortobetik.<br \/>\nMetal i\u00e7 iskelet y\u00fcksek kalite i\u00e7 poleretan i\u00e7 s\u00fcngeriyle konforlu bir oturum sa\u011flar.<br \/>\nGeriye Do\u011fru 180\u00b0 kadar kademeli olarak Yatar.<br \/>\nSenkron Alt Mekan\u0131zmas\u0131yla 135\u00b0 Be\u015fik Sistemi (yaylanma) \u00c7ift Kol Mekanizma.<br \/>\n\u00d6zel yumu\u015fak dokusuyla Kol\u00e7aklar\u0131m\u0131z 3D Kol\u00e7aklar (Yukar\u0131 &#8211; A\u015fag\u0131 &#8211; \u0130leri &#8211; Geri &#8211; Sa\u011fa ve Sola)<br \/>\n1 Y\u0131l Garanti.<\/p>\n","protected":false},"excerpt":{"rendered":"<p>Oyuncu Koltu\u011fu Turuncu Boss<\/p>\n","protected":false},"featured_media":4632,"comment_status":"open","ping_status":"closed","template":"","meta":[],"product_brand":[],"product_cat":[350],"product_tag":[],"class_list":{"0":"post-4631","1":"product","2":"type-product","3":"status-publish","4":"has-post-thumbnail","6":"product_cat-oyun-koltugu","8":"first","9":"outofstock","10":"shipping-taxable","11":"purchasable","12":"product-type-simple"},"aioseo_notices":[],"_links":{"self":[{"href":"https:\/\/flytechltd.com\/en\/wp-json\/wp\/v2\/product\/4631","targetHints":{"allow":["GET"]}}],"collection":[{"href":"https:\/\/flytechltd.com\/en\/wp-json\/wp\/v2\/product"}],"about":[{"href":"https:\/\/flytechltd.com\/en\/wp-json\/wp\/v2\/types\/product"}],"replies":[{"embeddable":true,"href":"https:\/\/flytechltd.com\/en\/wp-json\/wp\/v2\/comments?post=4631"}],"version-history":[{"count":0,"href":"https:\/\/flytechltd.com\/en\/wp-json\/wp\/v2\/product\/4631\/revisions"}],"wp:featuredmedia":[{"embeddable":true,"href":"https:\/\/flytechltd.com\/en\/wp-json\/wp\/v2\/media\/4632"}],"wp:attachment":[{"href":"https:\/\/flytechltd.com\/en\/wp-json\/wp\/v2\/media?parent=4631"}],"wp:term":[{"taxonomy":"product_brand","embeddable":true,"href":"https:\/\/flytechltd.com\/en\/wp-json\/wp\/v2\/product_brand?post=4631"},{"taxonomy":"product_cat","embeddable":true,"href":"https:\/\/flytechltd.com\/en\/wp-json\/wp\/v2\/product_cat?post=4631"},{"taxonomy":"product_tag","embeddable":true,"href":"https:\/\/flytechltd.com\/en\/wp-json\/wp\/v2\/product_tag?post=4631"}],"curies":[{"name":"wp","href":"https:\/\/api.w.org\/{rel}","templated":true}]}}