{"id":4703,"date":"2022-10-03T17:35:54","date_gmt":"2022-10-03T17:35:54","guid":{"rendered":"https:\/\/flytechltd.com\/?post_type=product&#038;p=4703"},"modified":"2025-02-05T09:22:34","modified_gmt":"2025-02-05T09:22:34","slug":"oyuncu-koltugu-siyah-master","status":"publish","type":"product","link":"https:\/\/flytechltd.com\/en\/p\/oyuncu-koltugu-siyah-master\/","title":{"rendered":"Oyuncu Koltu\u011fu Siyah Master"},"content":{"rendered":"<p>Xrancer Profesyonel Oyuncu Koltuklar\u0131n\u0131n Ortak \u00d6zellikleri:<\/p>\n<p>\u2705 V\u00fccut yap\u0131s\u0131na g\u00f6re tam ortobetik.<br \/>\n\u2705 Bel ve Boyun minderiyle rahat ve konforlu bir oturum sa\u011flar.<br \/>\n\u2705 Metal i\u00e7 iskelet y\u00fcksek kalite i\u00e7 poleretan i\u00e7 s\u00fcngeriyle konforlu bir oturum sa\u011flar.<br \/>\n\u2705 Geriye Do\u011fru 180\u00b0 kadar kademeli olarak Yatar.<br \/>\n\u2705 Senkron Alt Mekan\u0131zmas\u0131yla 135\u00b0 Be\u015fik Sistemi (yaylanma) \u00c7ift Kol Mekanizma.<br \/>\n\u2705 \u00d6zel yumu\u015fak dokusuyla Kol\u00e7aklar\u0131m\u0131z 3D Kol\u00e7aklar (Yukar\u0131 &#8211; A\u015fag\u0131 &#8211; \u0130leri &#8211; Geri &#8211; Sa\u011fa ve Sola)<br \/>\n\u2705 Metal Krom Ayak.<br \/>\n\u2705 1 Y\u0131l Garanti.<\/p>\n","protected":false},"excerpt":{"rendered":"<p>Oyuncu Koltu\u011fu Siyah Master<\/p>\n","protected":false},"featured_media":4704,"comment_status":"open","ping_status":"closed","template":"","meta":[],"product_brand":[],"product_cat":[350],"product_tag":[],"class_list":{"0":"post-4703","1":"product","2":"type-product","3":"status-publish","4":"has-post-thumbnail","6":"product_cat-oyun-koltugu","8":"first","9":"instock","10":"sale","11":"shipping-taxable","12":"purchasable","13":"product-type-simple"},"aioseo_notices":[],"_links":{"self":[{"href":"https:\/\/flytechltd.com\/en\/wp-json\/wp\/v2\/product\/4703","targetHints":{"allow":["GET"]}}],"collection":[{"href":"https:\/\/flytechltd.com\/en\/wp-json\/wp\/v2\/product"}],"about":[{"href":"https:\/\/flytechltd.com\/en\/wp-json\/wp\/v2\/types\/product"}],"replies":[{"embeddable":true,"href":"https:\/\/flytechltd.com\/en\/wp-json\/wp\/v2\/comments?post=4703"}],"version-history":[{"count":0,"href":"https:\/\/flytechltd.com\/en\/wp-json\/wp\/v2\/product\/4703\/revisions"}],"wp:featuredmedia":[{"embeddable":true,"href":"https:\/\/flytechltd.com\/en\/wp-json\/wp\/v2\/media\/4704"}],"wp:attachment":[{"href":"https:\/\/flytechltd.com\/en\/wp-json\/wp\/v2\/media?parent=4703"}],"wp:term":[{"taxonomy":"product_brand","embeddable":true,"href":"https:\/\/flytechltd.com\/en\/wp-json\/wp\/v2\/product_brand?post=4703"},{"taxonomy":"product_cat","embeddable":true,"href":"https:\/\/flytechltd.com\/en\/wp-json\/wp\/v2\/product_cat?post=4703"},{"taxonomy":"product_tag","embeddable":true,"href":"https:\/\/flytechltd.com\/en\/wp-json\/wp\/v2\/product_tag?post=4703"}],"curies":[{"name":"wp","href":"https:\/\/api.w.org\/{rel}","templated":true}]}}