{"id":4776,"date":"2022-10-03T18:00:24","date_gmt":"2022-10-03T18:00:24","guid":{"rendered":"https:\/\/flytechltd.com\/?post_type=product&#038;p=4776"},"modified":"2024-06-21T20:28:58","modified_gmt":"2024-06-21T20:28:58","slug":"puf-ayak-ucu-antrasit","status":"publish","type":"product","link":"https:\/\/flytechltd.com\/en\/p\/puf-ayak-ucu-antrasit\/","title":{"rendered":"Puf Ayak Ucu Antrasit"},"content":{"rendered":"<p>Geni\u015flik 90 cm &#8211; En 40 cm &#8211; Y\u00fckseklik 36-38 cm<\/p>\n<p>\u00dcr\u00fcnde kullan\u0131lan kuma\u015f 1 s\u0131n\u0131f olup silinebilir ve leke tutmazd\u0131r. Anti bakteriyel kuma\u015ft\u0131r. Diledi\u011finiz renkte yap\u0131labilir. \u00dcr\u00fcn\u00fcn\u00fcz evinizin her k\u00f6\u015fesinde kullanabilirsiniz. \u00d6zel Plastik Ayak Kullan\u0131lmaktad\u0131r. Ayaklar\u0131 ah\u015fap g\u00f6r\u00fcn\u00fcml\u00fc D\u00dcZ plastiktir. Bu nedenle kesinlikle yeri \u00e7izmez, ses yapmaz. Dilerseniz yemek masas\u0131nda oturmak, TV izlerken aya\u011f\u0131n\u0131z\u0131 uzatmak ya da \u00e7ay, kahve, dergi ve kitaplar\u0131n\u0131z\u0131 koymak\u00a0 sehpa olarak kullanabilirsiniz.<\/p>\n","protected":false},"excerpt":{"rendered":"<p>Puf Ayak Ucu Antrasit<\/p>\n","protected":false},"featured_media":4812,"comment_status":"open","ping_status":"closed","template":"","meta":[],"product_brand":[],"product_cat":[351],"product_tag":[],"class_list":{"0":"post-4776","1":"product","2":"type-product","3":"status-publish","4":"has-post-thumbnail","6":"product_cat-puf-ve-yastik","8":"first","9":"instock","10":"sale","11":"shipping-taxable","12":"purchasable","13":"product-type-simple"},"aioseo_notices":[],"_links":{"self":[{"href":"https:\/\/flytechltd.com\/en\/wp-json\/wp\/v2\/product\/4776","targetHints":{"allow":["GET"]}}],"collection":[{"href":"https:\/\/flytechltd.com\/en\/wp-json\/wp\/v2\/product"}],"about":[{"href":"https:\/\/flytechltd.com\/en\/wp-json\/wp\/v2\/types\/product"}],"replies":[{"embeddable":true,"href":"https:\/\/flytechltd.com\/en\/wp-json\/wp\/v2\/comments?post=4776"}],"version-history":[{"count":0,"href":"https:\/\/flytechltd.com\/en\/wp-json\/wp\/v2\/product\/4776\/revisions"}],"wp:featuredmedia":[{"embeddable":true,"href":"https:\/\/flytechltd.com\/en\/wp-json\/wp\/v2\/media\/4812"}],"wp:attachment":[{"href":"https:\/\/flytechltd.com\/en\/wp-json\/wp\/v2\/media?parent=4776"}],"wp:term":[{"taxonomy":"product_brand","embeddable":true,"href":"https:\/\/flytechltd.com\/en\/wp-json\/wp\/v2\/product_brand?post=4776"},{"taxonomy":"product_cat","embeddable":true,"href":"https:\/\/flytechltd.com\/en\/wp-json\/wp\/v2\/product_cat?post=4776"},{"taxonomy":"product_tag","embeddable":true,"href":"https:\/\/flytechltd.com\/en\/wp-json\/wp\/v2\/product_tag?post=4776"}],"curies":[{"name":"wp","href":"https:\/\/api.w.org\/{rel}","templated":true}]}}