{"id":4866,"date":"2022-10-03T18:20:54","date_gmt":"2022-10-03T18:20:54","guid":{"rendered":"https:\/\/flytechltd.com\/?post_type=product&#038;p=4866"},"modified":"2024-04-06T06:38:43","modified_gmt":"2024-04-06T06:38:43","slug":"oyuncu-koltugu-yesil-cross","status":"publish","type":"product","link":"https:\/\/flytechltd.com\/en\/p\/oyuncu-koltugu-yesil-cross\/","title":{"rendered":"Oyuncu Koltu\u011fu Ye\u015fil Cross"},"content":{"rendered":"<p>&nbsp;<\/p>\n<p>Xrancer Profesyonel Oyuncu Koltuklar\u0131n\u0131n Ortak \u00d6zellikleri:<\/p>\n<p>\u2705 V\u00dcCUT YAPISINA G\u00d6RE TAM ORTOBET\u0130K<br \/>\n\u2705 BEL VE BOYUN M\u0130NDERLER\u0130YLE RAHAT VE KONFORLU B\u0130R OTURUM SA\u011eLAR<br \/>\n\u2705 \u00d6ZEL YUMU\u015eAK DOKUSUYLA 3D (yukar\u0131-a\u015fa\u011f\u0131 ileri-geri sa\u011fa ve sola) KOL\u00c7AKLAR<br \/>\n\u2705 METAL AYAK<br \/>\n\u2705 SENKRON ALT MEKAN\u0130ZMASIYLA 135 DERECE BE\u015e\u0130K VE YAYLANMA \u0130STEN\u0130LEN KONUMDA K\u0130TLEME<br \/>\n\u2705 180 DERECEYE KADAR KADEMEL\u0130 OLARAK YATAR \u00d6ZELL\u0130KL\u0130<br \/>\n\u2705 METAL \u0130\u00c7 \u0130SKELET Y\u00dcKSEK KAL\u0130TE \u0130\u00c7 POLERETAN(D\u00d6KME) \u0130\u00c7 S\u00dcNGER\u0130YLE KONFORLU B\u0130R OTURUM SA\u011eLAR<br \/>\n\u2705 1 YIL GARANT\u0130<\/p>\n","protected":false},"excerpt":{"rendered":"<p>Oyuncu Koltu\u011fu Ye\u015fil Cross<\/p>\n","protected":false},"featured_media":4884,"comment_status":"open","ping_status":"closed","template":"","meta":[],"product_brand":[],"product_cat":[350],"product_tag":[],"class_list":{"0":"post-4866","1":"product","2":"type-product","3":"status-publish","4":"has-post-thumbnail","6":"product_cat-oyun-koltugu","8":"first","9":"instock","10":"sale","11":"shipping-taxable","12":"purchasable","13":"product-type-simple"},"aioseo_notices":[],"_links":{"self":[{"href":"https:\/\/flytechltd.com\/en\/wp-json\/wp\/v2\/product\/4866","targetHints":{"allow":["GET"]}}],"collection":[{"href":"https:\/\/flytechltd.com\/en\/wp-json\/wp\/v2\/product"}],"about":[{"href":"https:\/\/flytechltd.com\/en\/wp-json\/wp\/v2\/types\/product"}],"replies":[{"embeddable":true,"href":"https:\/\/flytechltd.com\/en\/wp-json\/wp\/v2\/comments?post=4866"}],"version-history":[{"count":0,"href":"https:\/\/flytechltd.com\/en\/wp-json\/wp\/v2\/product\/4866\/revisions"}],"wp:featuredmedia":[{"embeddable":true,"href":"https:\/\/flytechltd.com\/en\/wp-json\/wp\/v2\/media\/4884"}],"wp:attachment":[{"href":"https:\/\/flytechltd.com\/en\/wp-json\/wp\/v2\/media?parent=4866"}],"wp:term":[{"taxonomy":"product_brand","embeddable":true,"href":"https:\/\/flytechltd.com\/en\/wp-json\/wp\/v2\/product_brand?post=4866"},{"taxonomy":"product_cat","embeddable":true,"href":"https:\/\/flytechltd.com\/en\/wp-json\/wp\/v2\/product_cat?post=4866"},{"taxonomy":"product_tag","embeddable":true,"href":"https:\/\/flytechltd.com\/en\/wp-json\/wp\/v2\/product_tag?post=4866"}],"curies":[{"name":"wp","href":"https:\/\/api.w.org\/{rel}","templated":true}]}}