{"id":4990,"date":"2022-10-03T19:03:39","date_gmt":"2022-10-03T19:03:39","guid":{"rendered":"https:\/\/flytechltd.com\/?post_type=product&#038;p=4990"},"modified":"2023-12-24T20:33:45","modified_gmt":"2023-12-24T20:33:45","slug":"awei-p50k-tasinabilir-sarj-aleti-powerbank-10000mah-lcd","status":"publish","type":"product","link":"https:\/\/flytechltd.com\/en\/p\/awei-p50k-tasinabilir-sarj-aleti-powerbank-10000mah-lcd\/","title":{"rendered":"Awei P50K Ta\u015f\u0131nabilir \u015earj Aleti \/ Powerbank 10000Mah LCD"},"content":{"rendered":"<p>Awei P50K Power Bank 10000Mah + LCD<\/p>\n","protected":false},"excerpt":{"rendered":"<p>Awei P50K Ta\u015f\u0131nabilir \u015earj Aleti \/ Powerbank 10000Mah LCD<\/p>\n","protected":false},"featured_media":4991,"comment_status":"open","ping_status":"closed","template":"","meta":[],"product_brand":[],"product_cat":[318],"product_tag":[],"class_list":{"0":"post-4990","1":"product","2":"type-product","3":"status-publish","4":"has-post-thumbnail","6":"product_cat-seyahat-sarj-cihazi","8":"first","9":"outofstock","10":"shipping-taxable","11":"purchasable","12":"product-type-simple"},"aioseo_notices":[],"_links":{"self":[{"href":"https:\/\/flytechltd.com\/en\/wp-json\/wp\/v2\/product\/4990","targetHints":{"allow":["GET"]}}],"collection":[{"href":"https:\/\/flytechltd.com\/en\/wp-json\/wp\/v2\/product"}],"about":[{"href":"https:\/\/flytechltd.com\/en\/wp-json\/wp\/v2\/types\/product"}],"replies":[{"embeddable":true,"href":"https:\/\/flytechltd.com\/en\/wp-json\/wp\/v2\/comments?post=4990"}],"version-history":[{"count":0,"href":"https:\/\/flytechltd.com\/en\/wp-json\/wp\/v2\/product\/4990\/revisions"}],"wp:featuredmedia":[{"embeddable":true,"href":"https:\/\/flytechltd.com\/en\/wp-json\/wp\/v2\/media\/4991"}],"wp:attachment":[{"href":"https:\/\/flytechltd.com\/en\/wp-json\/wp\/v2\/media?parent=4990"}],"wp:term":[{"taxonomy":"product_brand","embeddable":true,"href":"https:\/\/flytechltd.com\/en\/wp-json\/wp\/v2\/product_brand?post=4990"},{"taxonomy":"product_cat","embeddable":true,"href":"https:\/\/flytechltd.com\/en\/wp-json\/wp\/v2\/product_cat?post=4990"},{"taxonomy":"product_tag","embeddable":true,"href":"https:\/\/flytechltd.com\/en\/wp-json\/wp\/v2\/product_tag?post=4990"}],"curies":[{"name":"wp","href":"https:\/\/api.w.org\/{rel}","templated":true}]}}