{"id":5021,"date":"2022-10-03T19:08:38","date_gmt":"2022-10-03T19:08:38","guid":{"rendered":"https:\/\/flytechltd.com\/?post_type=product&#038;p=5021"},"modified":"2022-10-14T15:40:36","modified_gmt":"2022-10-14T15:40:36","slug":"ttec-powerslim-s-10-000mah-tasinabilir-sarj-aleti-powerbank","status":"publish","type":"product","link":"https:\/\/flytechltd.com\/en\/p\/ttec-powerslim-s-10-000mah-tasinabilir-sarj-aleti-powerbank\/","title":{"rendered":"Ttec PowerSlim S 10.000mAh Ta\u015f\u0131nabilir \u015earj Aleti \/ Powerbank"},"content":{"rendered":"<p>10.000mAh y\u00fcksek kapasite batarya<br \/>\n2 adet USB \u00e7\u0131k\u0131\u015f\u0131<br \/>\n2A\/10W \u00e7\u0131k\u0131\u015f ile h\u0131zl\u0131 \u015farj<br \/>\nLED pil g\u00f6stergesi<br \/>\nG\u00fcvenli \u015farj i\u00e7in ak\u0131m korumal\u0131<br \/>\nAk\u0131ll\u0131 telefonlar ve daha fazlas\u0131 i\u00e7in<\/p>\n","protected":false},"excerpt":{"rendered":"<p>ttec PowerSlim S 10.000mAh Ta\u015f\u0131nabilir \u015earj Aleti Powerbank Display Box 2BB135B<\/p>\n","protected":false},"featured_media":5042,"comment_status":"open","ping_status":"closed","template":"","meta":[],"product_brand":[],"product_cat":[318],"product_tag":[],"class_list":{"0":"post-5021","1":"product","2":"type-product","3":"status-publish","4":"has-post-thumbnail","6":"product_cat-seyahat-sarj-cihazi","8":"first","9":"instock","10":"shipping-taxable","11":"purchasable","12":"product-type-simple"},"aioseo_notices":[],"_links":{"self":[{"href":"https:\/\/flytechltd.com\/en\/wp-json\/wp\/v2\/product\/5021","targetHints":{"allow":["GET"]}}],"collection":[{"href":"https:\/\/flytechltd.com\/en\/wp-json\/wp\/v2\/product"}],"about":[{"href":"https:\/\/flytechltd.com\/en\/wp-json\/wp\/v2\/types\/product"}],"replies":[{"embeddable":true,"href":"https:\/\/flytechltd.com\/en\/wp-json\/wp\/v2\/comments?post=5021"}],"version-history":[{"count":0,"href":"https:\/\/flytechltd.com\/en\/wp-json\/wp\/v2\/product\/5021\/revisions"}],"wp:featuredmedia":[{"embeddable":true,"href":"https:\/\/flytechltd.com\/en\/wp-json\/wp\/v2\/media\/5042"}],"wp:attachment":[{"href":"https:\/\/flytechltd.com\/en\/wp-json\/wp\/v2\/media?parent=5021"}],"wp:term":[{"taxonomy":"product_brand","embeddable":true,"href":"https:\/\/flytechltd.com\/en\/wp-json\/wp\/v2\/product_brand?post=5021"},{"taxonomy":"product_cat","embeddable":true,"href":"https:\/\/flytechltd.com\/en\/wp-json\/wp\/v2\/product_cat?post=5021"},{"taxonomy":"product_tag","embeddable":true,"href":"https:\/\/flytechltd.com\/en\/wp-json\/wp\/v2\/product_tag?post=5021"}],"curies":[{"name":"wp","href":"https:\/\/api.w.org\/{rel}","templated":true}]}}