{"id":5050,"date":"2022-10-03T19:24:16","date_gmt":"2022-10-03T19:24:16","guid":{"rendered":"https:\/\/flytechltd.com\/?post_type=product&#038;p=5050"},"modified":"2023-12-24T20:33:28","modified_gmt":"2023-12-24T20:33:28","slug":"awei-p51k-tasinabilir-sarj-aleti-powerbank-10000mah","status":"publish","type":"product","link":"https:\/\/flytechltd.com\/en\/p\/awei-p51k-tasinabilir-sarj-aleti-powerbank-10000mah\/","title":{"rendered":"Awei P51K Ta\u015f\u0131nabilir \u015earj Aleti \/ Powerbank 10000Mah"},"content":{"rendered":"<p>Awei P51K Power Bank 10000Mah Built in 3 in 1 Usb Cable<\/p>\n","protected":false},"excerpt":{"rendered":"<p>Awei P51K Ta\u015f\u0131nabilir \u015earj Aleti \/ Powerbank 10000Mah<\/p>\n","protected":false},"featured_media":5073,"comment_status":"open","ping_status":"closed","template":"","meta":[],"product_brand":[],"product_cat":[318],"product_tag":[],"class_list":{"0":"post-5050","1":"product","2":"type-product","3":"status-publish","4":"has-post-thumbnail","6":"product_cat-seyahat-sarj-cihazi","8":"first","9":"outofstock","10":"shipping-taxable","11":"purchasable","12":"product-type-simple"},"aioseo_notices":[],"_links":{"self":[{"href":"https:\/\/flytechltd.com\/en\/wp-json\/wp\/v2\/product\/5050","targetHints":{"allow":["GET"]}}],"collection":[{"href":"https:\/\/flytechltd.com\/en\/wp-json\/wp\/v2\/product"}],"about":[{"href":"https:\/\/flytechltd.com\/en\/wp-json\/wp\/v2\/types\/product"}],"replies":[{"embeddable":true,"href":"https:\/\/flytechltd.com\/en\/wp-json\/wp\/v2\/comments?post=5050"}],"version-history":[{"count":0,"href":"https:\/\/flytechltd.com\/en\/wp-json\/wp\/v2\/product\/5050\/revisions"}],"wp:featuredmedia":[{"embeddable":true,"href":"https:\/\/flytechltd.com\/en\/wp-json\/wp\/v2\/media\/5073"}],"wp:attachment":[{"href":"https:\/\/flytechltd.com\/en\/wp-json\/wp\/v2\/media?parent=5050"}],"wp:term":[{"taxonomy":"product_brand","embeddable":true,"href":"https:\/\/flytechltd.com\/en\/wp-json\/wp\/v2\/product_brand?post=5050"},{"taxonomy":"product_cat","embeddable":true,"href":"https:\/\/flytechltd.com\/en\/wp-json\/wp\/v2\/product_cat?post=5050"},{"taxonomy":"product_tag","embeddable":true,"href":"https:\/\/flytechltd.com\/en\/wp-json\/wp\/v2\/product_tag?post=5050"}],"curies":[{"name":"wp","href":"https:\/\/api.w.org\/{rel}","templated":true}]}}