{"id":5116,"date":"2022-10-03T19:32:55","date_gmt":"2022-10-03T19:32:55","guid":{"rendered":"https:\/\/flytechltd.com\/?post_type=product&#038;p=5116"},"modified":"2023-12-24T20:32:01","modified_gmt":"2023-12-24T20:32:01","slug":"awei-p61k-tasinabilir-sarj-aleti-powerbank-7800mah","status":"publish","type":"product","link":"https:\/\/flytechltd.com\/en\/p\/awei-p61k-tasinabilir-sarj-aleti-powerbank-7800mah\/","title":{"rendered":"Awei P61K Ta\u015f\u0131nabilir \u015earj Aleti \/ Powerbank 7800Mah"},"content":{"rendered":"<p>Awei P61K Power Bank 7800Mah<\/p>\n","protected":false},"excerpt":{"rendered":"<p>Awei P61K Ta\u015f\u0131nabilir \u015earj Aleti \/ Powerbank 7800Mah<\/p>\n","protected":false},"featured_media":5117,"comment_status":"open","ping_status":"closed","template":"","meta":[],"product_brand":[],"product_cat":[318],"product_tag":[],"class_list":{"0":"post-5116","1":"product","2":"type-product","3":"status-publish","4":"has-post-thumbnail","6":"product_cat-seyahat-sarj-cihazi","8":"first","9":"outofstock","10":"shipping-taxable","11":"purchasable","12":"product-type-simple"},"aioseo_notices":[],"_links":{"self":[{"href":"https:\/\/flytechltd.com\/en\/wp-json\/wp\/v2\/product\/5116","targetHints":{"allow":["GET"]}}],"collection":[{"href":"https:\/\/flytechltd.com\/en\/wp-json\/wp\/v2\/product"}],"about":[{"href":"https:\/\/flytechltd.com\/en\/wp-json\/wp\/v2\/types\/product"}],"replies":[{"embeddable":true,"href":"https:\/\/flytechltd.com\/en\/wp-json\/wp\/v2\/comments?post=5116"}],"version-history":[{"count":0,"href":"https:\/\/flytechltd.com\/en\/wp-json\/wp\/v2\/product\/5116\/revisions"}],"wp:featuredmedia":[{"embeddable":true,"href":"https:\/\/flytechltd.com\/en\/wp-json\/wp\/v2\/media\/5117"}],"wp:attachment":[{"href":"https:\/\/flytechltd.com\/en\/wp-json\/wp\/v2\/media?parent=5116"}],"wp:term":[{"taxonomy":"product_brand","embeddable":true,"href":"https:\/\/flytechltd.com\/en\/wp-json\/wp\/v2\/product_brand?post=5116"},{"taxonomy":"product_cat","embeddable":true,"href":"https:\/\/flytechltd.com\/en\/wp-json\/wp\/v2\/product_cat?post=5116"},{"taxonomy":"product_tag","embeddable":true,"href":"https:\/\/flytechltd.com\/en\/wp-json\/wp\/v2\/product_tag?post=5116"}],"curies":[{"name":"wp","href":"https:\/\/api.w.org\/{rel}","templated":true}]}}