{"id":5122,"date":"2022-10-03T19:36:30","date_gmt":"2022-10-03T19:36:30","guid":{"rendered":"https:\/\/flytechltd.com\/?post_type=product&#038;p=5122"},"modified":"2022-10-10T17:03:42","modified_gmt":"2022-10-10T17:03:42","slug":"awei-p67k-tasinabilir-sarj-aleti-powerbank-10000mah-led","status":"publish","type":"product","link":"https:\/\/flytechltd.com\/en\/p\/awei-p67k-tasinabilir-sarj-aleti-powerbank-10000mah-led\/","title":{"rendered":"Awei P67K Ta\u015f\u0131nabilir \u015earj Aleti \/ Powerbank 10000Mah Led"},"content":{"rendered":"<p>Awei P67K Power Bank 10000Mah + Led Indicator<\/p>\n","protected":false},"excerpt":{"rendered":"<p>Awei P67K Ta\u015f\u0131nabilir \u015earj Aleti \/ Powerbank 10000Mah Led<\/p>\n","protected":false},"featured_media":5123,"comment_status":"open","ping_status":"closed","template":"","meta":[],"product_brand":[],"product_cat":[318],"product_tag":[],"class_list":{"0":"post-5122","1":"product","2":"type-product","3":"status-publish","4":"has-post-thumbnail","6":"product_cat-seyahat-sarj-cihazi","8":"first","9":"instock","10":"shipping-taxable","11":"purchasable","12":"product-type-simple"},"aioseo_notices":[],"_links":{"self":[{"href":"https:\/\/flytechltd.com\/en\/wp-json\/wp\/v2\/product\/5122","targetHints":{"allow":["GET"]}}],"collection":[{"href":"https:\/\/flytechltd.com\/en\/wp-json\/wp\/v2\/product"}],"about":[{"href":"https:\/\/flytechltd.com\/en\/wp-json\/wp\/v2\/types\/product"}],"replies":[{"embeddable":true,"href":"https:\/\/flytechltd.com\/en\/wp-json\/wp\/v2\/comments?post=5122"}],"version-history":[{"count":0,"href":"https:\/\/flytechltd.com\/en\/wp-json\/wp\/v2\/product\/5122\/revisions"}],"wp:featuredmedia":[{"embeddable":true,"href":"https:\/\/flytechltd.com\/en\/wp-json\/wp\/v2\/media\/5123"}],"wp:attachment":[{"href":"https:\/\/flytechltd.com\/en\/wp-json\/wp\/v2\/media?parent=5122"}],"wp:term":[{"taxonomy":"product_brand","embeddable":true,"href":"https:\/\/flytechltd.com\/en\/wp-json\/wp\/v2\/product_brand?post=5122"},{"taxonomy":"product_cat","embeddable":true,"href":"https:\/\/flytechltd.com\/en\/wp-json\/wp\/v2\/product_cat?post=5122"},{"taxonomy":"product_tag","embeddable":true,"href":"https:\/\/flytechltd.com\/en\/wp-json\/wp\/v2\/product_tag?post=5122"}],"curies":[{"name":"wp","href":"https:\/\/api.w.org\/{rel}","templated":true}]}}