{"id":5128,"date":"2022-10-03T19:38:23","date_gmt":"2022-10-03T19:38:23","guid":{"rendered":"https:\/\/flytechltd.com\/?post_type=product&#038;p=5128"},"modified":"2022-10-03T19:38:24","modified_gmt":"2022-10-03T19:38:24","slug":"awei-p76k-tasinabilir-sarj-aleti-powerbank-10000mah-led","status":"publish","type":"product","link":"https:\/\/flytechltd.com\/en\/p\/awei-p76k-tasinabilir-sarj-aleti-powerbank-10000mah-led\/","title":{"rendered":"Awei P76K Ta\u015f\u0131nabilir \u015earj Aleti \/ Powerbank 10000Mah Led"},"content":{"rendered":"<p>Awei P76K Power Bank 10000Mah + Led Indicator<\/p>\n","protected":false},"excerpt":{"rendered":"<p>Awei P76K Ta\u015f\u0131nabilir \u015earj Aleti \/ Powerbank 10000Mah Led<\/p>\n","protected":false},"featured_media":5129,"comment_status":"open","ping_status":"closed","template":"","meta":[],"product_brand":[],"product_cat":[318],"product_tag":[],"class_list":{"0":"post-5128","1":"product","2":"type-product","3":"status-publish","4":"has-post-thumbnail","6":"product_cat-seyahat-sarj-cihazi","8":"first","9":"instock","10":"shipping-taxable","11":"purchasable","12":"product-type-simple"},"aioseo_notices":[],"_links":{"self":[{"href":"https:\/\/flytechltd.com\/en\/wp-json\/wp\/v2\/product\/5128","targetHints":{"allow":["GET"]}}],"collection":[{"href":"https:\/\/flytechltd.com\/en\/wp-json\/wp\/v2\/product"}],"about":[{"href":"https:\/\/flytechltd.com\/en\/wp-json\/wp\/v2\/types\/product"}],"replies":[{"embeddable":true,"href":"https:\/\/flytechltd.com\/en\/wp-json\/wp\/v2\/comments?post=5128"}],"version-history":[{"count":0,"href":"https:\/\/flytechltd.com\/en\/wp-json\/wp\/v2\/product\/5128\/revisions"}],"wp:featuredmedia":[{"embeddable":true,"href":"https:\/\/flytechltd.com\/en\/wp-json\/wp\/v2\/media\/5129"}],"wp:attachment":[{"href":"https:\/\/flytechltd.com\/en\/wp-json\/wp\/v2\/media?parent=5128"}],"wp:term":[{"taxonomy":"product_brand","embeddable":true,"href":"https:\/\/flytechltd.com\/en\/wp-json\/wp\/v2\/product_brand?post=5128"},{"taxonomy":"product_cat","embeddable":true,"href":"https:\/\/flytechltd.com\/en\/wp-json\/wp\/v2\/product_cat?post=5128"},{"taxonomy":"product_tag","embeddable":true,"href":"https:\/\/flytechltd.com\/en\/wp-json\/wp\/v2\/product_tag?post=5128"}],"curies":[{"name":"wp","href":"https:\/\/api.w.org\/{rel}","templated":true}]}}