{"id":5285,"date":"2022-10-03T20:15:25","date_gmt":"2022-10-03T20:15:25","guid":{"rendered":"https:\/\/flytechltd.com\/?post_type=product&#038;p=5285"},"modified":"2022-10-03T20:15:25","modified_gmt":"2022-10-03T20:15:25","slug":"aqua-di-polo-1987-sirt-cantasi-laptop-spor","status":"publish","type":"product","link":"https:\/\/flytechltd.com\/en\/p\/aqua-di-polo-1987-sirt-cantasi-laptop-spor\/","title":{"rendered":"Aqua Di Polo 1987 S\u0131rt \u00c7antas\u0131 Laptop Spor"},"content":{"rendered":"<p>Aqua Di Polo 1987 S\u0131rt \u00c7antas\u0131 Laptop Spor<\/p>\n<p>Aqua Di Polo 1987 S\u0131rt \u00c7antas\u0131 Laptop Spor<br \/>\n\u00c7anta fermuar g\u00f6zl\u00fc 1 \u00f6n cepten ve 2 i\u00e7 b\u00f6lmeden olu\u015fmaktad\u0131r. Laptop koymak i\u00e7in b\u00f6lme mevcuttur. Geni\u015flik<br \/>\n30&#215;35 cm Uzunluk<br \/>\n40-45 cm<\/p>\n","protected":false},"excerpt":{"rendered":"<p>Aqua Di Polo 1987 S\u0131rt \u00c7antas\u0131 Laptop Spor<\/p>\n","protected":false},"featured_media":5291,"comment_status":"open","ping_status":"closed","template":"","meta":[],"product_brand":[],"product_cat":[343],"product_tag":[],"class_list":{"0":"post-5285","1":"product","2":"type-product","3":"status-publish","4":"has-post-thumbnail","6":"product_cat-leptop-cantasi","8":"first","9":"instock","10":"shipping-taxable","11":"purchasable","12":"product-type-simple"},"aioseo_notices":[],"_links":{"self":[{"href":"https:\/\/flytechltd.com\/en\/wp-json\/wp\/v2\/product\/5285","targetHints":{"allow":["GET"]}}],"collection":[{"href":"https:\/\/flytechltd.com\/en\/wp-json\/wp\/v2\/product"}],"about":[{"href":"https:\/\/flytechltd.com\/en\/wp-json\/wp\/v2\/types\/product"}],"replies":[{"embeddable":true,"href":"https:\/\/flytechltd.com\/en\/wp-json\/wp\/v2\/comments?post=5285"}],"version-history":[{"count":0,"href":"https:\/\/flytechltd.com\/en\/wp-json\/wp\/v2\/product\/5285\/revisions"}],"wp:featuredmedia":[{"embeddable":true,"href":"https:\/\/flytechltd.com\/en\/wp-json\/wp\/v2\/media\/5291"}],"wp:attachment":[{"href":"https:\/\/flytechltd.com\/en\/wp-json\/wp\/v2\/media?parent=5285"}],"wp:term":[{"taxonomy":"product_brand","embeddable":true,"href":"https:\/\/flytechltd.com\/en\/wp-json\/wp\/v2\/product_brand?post=5285"},{"taxonomy":"product_cat","embeddable":true,"href":"https:\/\/flytechltd.com\/en\/wp-json\/wp\/v2\/product_cat?post=5285"},{"taxonomy":"product_tag","embeddable":true,"href":"https:\/\/flytechltd.com\/en\/wp-json\/wp\/v2\/product_tag?post=5285"}],"curies":[{"name":"wp","href":"https:\/\/api.w.org\/{rel}","templated":true}]}}