{"id":5446,"date":"2022-10-03T21:29:39","date_gmt":"2022-10-03T21:29:39","guid":{"rendered":"https:\/\/flytechltd.com\/?post_type=product&#038;p=5446"},"modified":"2024-05-29T19:03:59","modified_gmt":"2024-05-29T19:03:59","slug":"calisma-masasi-bilgisayar-masasi-ofis-ders-antrasit-60x120-cm-4-rafli","status":"publish","type":"product","link":"https:\/\/flytechltd.com\/en\/p\/calisma-masasi-bilgisayar-masasi-ofis-ders-antrasit-60x120-cm-4-rafli\/","title":{"rendered":"\u00c7al\u0131\u015fma Masas\u0131 Bilgisayar Masas\u0131 Ofis Ders Antrasit 60\u00d7120 Cm 4 Rafl\u0131"},"content":{"rendered":"<h1 class=\"product_title entry-title wd-entities-title\">\u00c7al\u0131\u015fma Masas\u0131 Bilgisayar Masas\u0131 Ofis Ders Antrasit 60\u00d7120 Cm 4 Rafl\u0131<\/h1>\n","protected":false},"excerpt":{"rendered":"<p>\u00c7al\u0131\u015fma Masas\u0131 Bilgisayar Masas\u0131 Ofis Ders Antrasit 60\u00d7120 Cm 4 Rafl\u0131<\/p>\n","protected":false},"featured_media":9241,"comment_status":"open","ping_status":"closed","template":"","meta":[],"product_brand":[],"product_cat":[356],"product_tag":[],"class_list":{"0":"post-5446","1":"product","2":"type-product","3":"status-publish","4":"has-post-thumbnail","6":"product_cat-calisma-masasi","8":"first","9":"instock","10":"sale","11":"shipping-taxable","12":"purchasable","13":"product-type-simple"},"aioseo_notices":[],"_links":{"self":[{"href":"https:\/\/flytechltd.com\/en\/wp-json\/wp\/v2\/product\/5446","targetHints":{"allow":["GET"]}}],"collection":[{"href":"https:\/\/flytechltd.com\/en\/wp-json\/wp\/v2\/product"}],"about":[{"href":"https:\/\/flytechltd.com\/en\/wp-json\/wp\/v2\/types\/product"}],"replies":[{"embeddable":true,"href":"https:\/\/flytechltd.com\/en\/wp-json\/wp\/v2\/comments?post=5446"}],"version-history":[{"count":0,"href":"https:\/\/flytechltd.com\/en\/wp-json\/wp\/v2\/product\/5446\/revisions"}],"wp:featuredmedia":[{"embeddable":true,"href":"https:\/\/flytechltd.com\/en\/wp-json\/wp\/v2\/media\/9241"}],"wp:attachment":[{"href":"https:\/\/flytechltd.com\/en\/wp-json\/wp\/v2\/media?parent=5446"}],"wp:term":[{"taxonomy":"product_brand","embeddable":true,"href":"https:\/\/flytechltd.com\/en\/wp-json\/wp\/v2\/product_brand?post=5446"},{"taxonomy":"product_cat","embeddable":true,"href":"https:\/\/flytechltd.com\/en\/wp-json\/wp\/v2\/product_cat?post=5446"},{"taxonomy":"product_tag","embeddable":true,"href":"https:\/\/flytechltd.com\/en\/wp-json\/wp\/v2\/product_tag?post=5446"}],"curies":[{"name":"wp","href":"https:\/\/api.w.org\/{rel}","templated":true}]}}