{"id":5493,"date":"2022-10-03T20:52:17","date_gmt":"2022-10-03T20:52:17","guid":{"rendered":"https:\/\/flytechltd.com\/?post_type=product&#038;p=5493"},"modified":"2022-10-03T20:52:17","modified_gmt":"2022-10-03T20:52:17","slug":"ttec-type-c-sarj-kablosu-8","status":"publish","type":"product","link":"https:\/\/flytechltd.com\/en\/p\/ttec-type-c-sarj-kablosu-8\/","title":{"rendered":"Ttec Type-C \u015earj Kablosu"},"content":{"rendered":"<p>120 cm Micro USB &#8211; USB kablo<br \/>\n\u015earj ve veri senkronizasyonu<br \/>\nBirinci s\u0131n\u0131f al\u00fcminyum kaplama<br \/>\n\u00d6rg\u00fc kablo<br \/>\nKoruma k\u0131l\u0131flar\u0131 ile kullanabilen ince u\u00e7<\/p>\n","protected":false},"excerpt":{"rendered":"<div class=\"elementor-element elementor-element-6e3faf01 wd-single-title text-left elementor-widget elementor-widget-wd_single_product_title\" data-id=\"6e3faf01\" data-element_type=\"widget\" data-widget_type=\"wd_single_product_title.default\">\n<div class=\"elementor-widget-container\">\n<div class=\"elementor-element elementor-element-6e3faf01 wd-single-title text-left elementor-widget elementor-widget-wd_single_product_title\" data-id=\"6e3faf01\" data-element_type=\"widget\" data-widget_type=\"wd_single_product_title.default\">\n<div class=\"elementor-widget-container\">\n<p class=\"product_title entry-title wd-entities-title\">Ttec Type-C \u015earj Kablosu 2DK12TZ<\/p>\n<\/div>\n<\/div>\n<\/div>\n<\/div>\n<div class=\"elementor-element elementor-element-51fef232 wd-single-short-desc text-left elementor-widget elementor-widget-wd_single_product_short_description\" data-id=\"51fef232\" data-element_type=\"widget\" data-widget_type=\"wd_single_product_short_description.default\">\n<div class=\"elementor-widget-container\">\n<div class=\"woocommerce-product-details__short-description\"><\/div>\n<\/div>\n<\/div>\n","protected":false},"featured_media":5516,"comment_status":"open","ping_status":"closed","template":"","meta":[],"product_brand":[],"product_cat":[321],"product_tag":[],"class_list":{"0":"post-5493","1":"product","2":"type-product","3":"status-publish","4":"has-post-thumbnail","6":"product_cat-kablolar","8":"first","9":"instock","10":"shipping-taxable","11":"purchasable","12":"product-type-simple"},"aioseo_notices":[],"_links":{"self":[{"href":"https:\/\/flytechltd.com\/en\/wp-json\/wp\/v2\/product\/5493","targetHints":{"allow":["GET"]}}],"collection":[{"href":"https:\/\/flytechltd.com\/en\/wp-json\/wp\/v2\/product"}],"about":[{"href":"https:\/\/flytechltd.com\/en\/wp-json\/wp\/v2\/types\/product"}],"replies":[{"embeddable":true,"href":"https:\/\/flytechltd.com\/en\/wp-json\/wp\/v2\/comments?post=5493"}],"version-history":[{"count":0,"href":"https:\/\/flytechltd.com\/en\/wp-json\/wp\/v2\/product\/5493\/revisions"}],"wp:featuredmedia":[{"embeddable":true,"href":"https:\/\/flytechltd.com\/en\/wp-json\/wp\/v2\/media\/5516"}],"wp:attachment":[{"href":"https:\/\/flytechltd.com\/en\/wp-json\/wp\/v2\/media?parent=5493"}],"wp:term":[{"taxonomy":"product_brand","embeddable":true,"href":"https:\/\/flytechltd.com\/en\/wp-json\/wp\/v2\/product_brand?post=5493"},{"taxonomy":"product_cat","embeddable":true,"href":"https:\/\/flytechltd.com\/en\/wp-json\/wp\/v2\/product_cat?post=5493"},{"taxonomy":"product_tag","embeddable":true,"href":"https:\/\/flytechltd.com\/en\/wp-json\/wp\/v2\/product_tag?post=5493"}],"curies":[{"name":"wp","href":"https:\/\/api.w.org\/{rel}","templated":true}]}}