{"id":5870,"date":"2022-10-03T21:29:50","date_gmt":"2022-10-03T21:29:50","guid":{"rendered":"https:\/\/flytechltd.com\/?post_type=product&#038;p=5870"},"modified":"2022-10-03T21:29:50","modified_gmt":"2022-10-03T21:29:50","slug":"ttec-alumicable-iphone-sarj-kablosu-7","status":"publish","type":"product","link":"https:\/\/flytechltd.com\/en\/p\/ttec-alumicable-iphone-sarj-kablosu-7\/","title":{"rendered":"Ttec AlumiCable iPhone \u015earj Kablosu"},"content":{"rendered":"<p>120 cm Lightning -USB kablo<br \/>\n\u015earj ve veri senkronizasyonu<br \/>\nBirinci s\u0131n\u0131f al\u00fcminyum kaplama<br \/>\n\u00d6rg\u00fc kablo<br \/>\nKoruma k\u0131l\u0131flar\u0131 ile kullanabilen ince u\u00e7<br \/>\nLightning giri\u015fli cihazlar<\/p>\n","protected":false},"excerpt":{"rendered":"<p>Ttec AlumiCable iPhone \u015earj Kablosu 2DK16S<\/p>\n","protected":false},"featured_media":5887,"comment_status":"open","ping_status":"closed","template":"","meta":[],"product_brand":[],"product_cat":[321],"product_tag":[],"class_list":{"0":"post-5870","1":"product","2":"type-product","3":"status-publish","4":"has-post-thumbnail","6":"product_cat-kablolar","8":"first","9":"instock","10":"shipping-taxable","11":"purchasable","12":"product-type-simple"},"aioseo_notices":[],"_links":{"self":[{"href":"https:\/\/flytechltd.com\/en\/wp-json\/wp\/v2\/product\/5870","targetHints":{"allow":["GET"]}}],"collection":[{"href":"https:\/\/flytechltd.com\/en\/wp-json\/wp\/v2\/product"}],"about":[{"href":"https:\/\/flytechltd.com\/en\/wp-json\/wp\/v2\/types\/product"}],"replies":[{"embeddable":true,"href":"https:\/\/flytechltd.com\/en\/wp-json\/wp\/v2\/comments?post=5870"}],"version-history":[{"count":0,"href":"https:\/\/flytechltd.com\/en\/wp-json\/wp\/v2\/product\/5870\/revisions"}],"wp:featuredmedia":[{"embeddable":true,"href":"https:\/\/flytechltd.com\/en\/wp-json\/wp\/v2\/media\/5887"}],"wp:attachment":[{"href":"https:\/\/flytechltd.com\/en\/wp-json\/wp\/v2\/media?parent=5870"}],"wp:term":[{"taxonomy":"product_brand","embeddable":true,"href":"https:\/\/flytechltd.com\/en\/wp-json\/wp\/v2\/product_brand?post=5870"},{"taxonomy":"product_cat","embeddable":true,"href":"https:\/\/flytechltd.com\/en\/wp-json\/wp\/v2\/product_cat?post=5870"},{"taxonomy":"product_tag","embeddable":true,"href":"https:\/\/flytechltd.com\/en\/wp-json\/wp\/v2\/product_tag?post=5870"}],"curies":[{"name":"wp","href":"https:\/\/api.w.org\/{rel}","templated":true}]}}