{"id":6067,"date":"2022-10-03T22:10:36","date_gmt":"2022-10-03T22:10:36","guid":{"rendered":"https:\/\/flytechltd.com\/?post_type=product&#038;p=6067"},"modified":"2022-11-25T21:14:49","modified_gmt":"2022-11-25T21:14:49","slug":"isikli-kablosuz-sarjli-mini-klavye-mouse-smart-tv-tablet-xbox","status":"publish","type":"product","link":"https:\/\/flytechltd.com\/en\/p\/isikli-kablosuz-sarjli-mini-klavye-mouse-smart-tv-tablet-xbox\/","title":{"rendered":"I\u015f\u0131kl\u0131 Kablosuz \u015earjl\u0131 Mini Klavye Mouse Smart Tv-Tablet-XBox"},"content":{"rendered":"<p>3 Renk olarak klavye \u0131\u015f\u0131kl\u0131d\u0131r. I\u015f\u0131\u011f\u0131n\u0131 a\u00e7mak i\u00e7in FN + F2 tu\u015funa basarak renkler aras\u0131nda ge\u00e7i\u015f yapabilirsiniz. Bilgisayar\u0131n\u0131za, ak\u0131ll\u0131 telefonunuza, tabletinize, televizyonunuza ba\u011flan\u0131r. Mini boyutu ile yan\u0131n\u0131zda her yere ta\u015f\u0131yabilirsiniz. Kullan\u0131m\u0131 kolayd\u0131r, kaliteli plastikten \u00fcretilmi\u015ftir. 2.4 GHz kablosuz ba\u011flant\u0131 ile 10 metreye kadar kullan\u0131labilir. \u00dcr\u00fcn \u015earjl\u0131d\u0131r. USb \u015earj Kablosu kutu i\u00e7eri\u011finde vard\u0131r. Windows, Android, Mac, Linux, PS3, XBOX360 destekler Paket \u0130\u00e7eri\u011fi: 1 adet Mini klavye 1 Adet Kullan\u0131m Klavuzu 1 Adet Usb \u015earj Kablosu 1 Adet \u015earj Edilebilir Pil<\/p>\n","protected":false},"excerpt":{"rendered":"<p>I\u015f\u0131kl\u0131 Kablosuz \u015earjl\u0131 Mini Klavye Mouse Smart Tv-Tablet-XBox<\/p>\n","protected":false},"featured_media":6068,"comment_status":"open","ping_status":"closed","template":"","meta":[],"product_brand":[],"product_cat":[305],"product_tag":[],"class_list":{"0":"post-6067","1":"product","2":"type-product","3":"status-publish","4":"has-post-thumbnail","6":"product_cat-tus-takimi","8":"first","9":"instock","10":"shipping-taxable","11":"purchasable","12":"product-type-simple"},"aioseo_notices":[],"_links":{"self":[{"href":"https:\/\/flytechltd.com\/en\/wp-json\/wp\/v2\/product\/6067","targetHints":{"allow":["GET"]}}],"collection":[{"href":"https:\/\/flytechltd.com\/en\/wp-json\/wp\/v2\/product"}],"about":[{"href":"https:\/\/flytechltd.com\/en\/wp-json\/wp\/v2\/types\/product"}],"replies":[{"embeddable":true,"href":"https:\/\/flytechltd.com\/en\/wp-json\/wp\/v2\/comments?post=6067"}],"version-history":[{"count":0,"href":"https:\/\/flytechltd.com\/en\/wp-json\/wp\/v2\/product\/6067\/revisions"}],"wp:featuredmedia":[{"embeddable":true,"href":"https:\/\/flytechltd.com\/en\/wp-json\/wp\/v2\/media\/6068"}],"wp:attachment":[{"href":"https:\/\/flytechltd.com\/en\/wp-json\/wp\/v2\/media?parent=6067"}],"wp:term":[{"taxonomy":"product_brand","embeddable":true,"href":"https:\/\/flytechltd.com\/en\/wp-json\/wp\/v2\/product_brand?post=6067"},{"taxonomy":"product_cat","embeddable":true,"href":"https:\/\/flytechltd.com\/en\/wp-json\/wp\/v2\/product_cat?post=6067"},{"taxonomy":"product_tag","embeddable":true,"href":"https:\/\/flytechltd.com\/en\/wp-json\/wp\/v2\/product_tag?post=6067"}],"curies":[{"name":"wp","href":"https:\/\/api.w.org\/{rel}","templated":true}]}}