{"id":6173,"date":"2022-10-03T22:19:51","date_gmt":"2022-10-03T22:19:51","guid":{"rendered":"https:\/\/flytechltd.com\/?post_type=product&#038;p=6173"},"modified":"2022-10-14T14:13:52","modified_gmt":"2022-10-14T14:13:52","slug":"ttec-alumicable-type-c-sarj-kablosu-7","status":"publish","type":"product","link":"https:\/\/flytechltd.com\/en\/p\/ttec-alumicable-type-c-sarj-kablosu-7\/","title":{"rendered":"Ttec AlumiCable Type-C \u015earj Kablosu"},"content":{"rendered":"<p>120 cm Type-C ve USB kablo<\/p>\n<p>\u015earj ve veri senkronizasyonu<\/p>\n<p>Birinci s\u0131n\u0131f al\u00fcminyum kaplama<\/p>\n<p>Ekstra dayan\u0131kl\u0131 \u00f6rg\u00fc kablo<\/p>\n<p>Type-C \u015earj ve Data Kablosu<\/p>\n","protected":false},"excerpt":{"rendered":"<p>Ttec AlumiCable Type-C \u015earj Kablosu 2DK18RA<\/p>\n","protected":false},"featured_media":6193,"comment_status":"open","ping_status":"closed","template":"","meta":[],"product_brand":[],"product_cat":[321],"product_tag":[],"class_list":{"0":"post-6173","1":"product","2":"type-product","3":"status-publish","4":"has-post-thumbnail","6":"product_cat-kablolar","8":"first","9":"instock","10":"shipping-taxable","11":"purchasable","12":"product-type-simple"},"aioseo_notices":[],"_links":{"self":[{"href":"https:\/\/flytechltd.com\/en\/wp-json\/wp\/v2\/product\/6173","targetHints":{"allow":["GET"]}}],"collection":[{"href":"https:\/\/flytechltd.com\/en\/wp-json\/wp\/v2\/product"}],"about":[{"href":"https:\/\/flytechltd.com\/en\/wp-json\/wp\/v2\/types\/product"}],"replies":[{"embeddable":true,"href":"https:\/\/flytechltd.com\/en\/wp-json\/wp\/v2\/comments?post=6173"}],"version-history":[{"count":0,"href":"https:\/\/flytechltd.com\/en\/wp-json\/wp\/v2\/product\/6173\/revisions"}],"wp:featuredmedia":[{"embeddable":true,"href":"https:\/\/flytechltd.com\/en\/wp-json\/wp\/v2\/media\/6193"}],"wp:attachment":[{"href":"https:\/\/flytechltd.com\/en\/wp-json\/wp\/v2\/media?parent=6173"}],"wp:term":[{"taxonomy":"product_brand","embeddable":true,"href":"https:\/\/flytechltd.com\/en\/wp-json\/wp\/v2\/product_brand?post=6173"},{"taxonomy":"product_cat","embeddable":true,"href":"https:\/\/flytechltd.com\/en\/wp-json\/wp\/v2\/product_cat?post=6173"},{"taxonomy":"product_tag","embeddable":true,"href":"https:\/\/flytechltd.com\/en\/wp-json\/wp\/v2\/product_tag?post=6173"}],"curies":[{"name":"wp","href":"https:\/\/api.w.org\/{rel}","templated":true}]}}