{"id":6493,"date":"2022-10-03T23:17:39","date_gmt":"2022-10-03T23:17:39","guid":{"rendered":"https:\/\/flytechltd.com\/?post_type=product&#038;p=6493"},"modified":"2022-10-05T11:38:26","modified_gmt":"2022-10-05T11:38:26","slug":"ttec-micro-usb-kablosu-4","status":"publish","type":"product","link":"https:\/\/flytechltd.com\/en\/p\/ttec-micro-usb-kablosu-4\/","title":{"rendered":"Ttec Micro Usb Kablosu"},"content":{"rendered":"<p>120 cm Micro USB &#8211; USB-A kablosu<br \/>\n2A h\u0131zl\u0131 \u015farj\u0131 destekler<br \/>\n480 Mbps veri transfer h\u0131z\u0131<\/p>\n","protected":false},"excerpt":{"rendered":"<p>Ttec Micro Usb Kablosu 2DK7530MR<\/p>\n","protected":false},"featured_media":9979,"comment_status":"open","ping_status":"closed","template":"","meta":[],"product_brand":[],"product_cat":[321],"product_tag":[],"class_list":{"0":"post-6493","1":"product","2":"type-product","3":"status-publish","4":"has-post-thumbnail","6":"product_cat-kablolar","8":"first","9":"instock","10":"shipping-taxable","11":"purchasable","12":"product-type-simple"},"aioseo_notices":[],"_links":{"self":[{"href":"https:\/\/flytechltd.com\/en\/wp-json\/wp\/v2\/product\/6493","targetHints":{"allow":["GET"]}}],"collection":[{"href":"https:\/\/flytechltd.com\/en\/wp-json\/wp\/v2\/product"}],"about":[{"href":"https:\/\/flytechltd.com\/en\/wp-json\/wp\/v2\/types\/product"}],"replies":[{"embeddable":true,"href":"https:\/\/flytechltd.com\/en\/wp-json\/wp\/v2\/comments?post=6493"}],"version-history":[{"count":0,"href":"https:\/\/flytechltd.com\/en\/wp-json\/wp\/v2\/product\/6493\/revisions"}],"wp:featuredmedia":[{"embeddable":true,"href":"https:\/\/flytechltd.com\/en\/wp-json\/wp\/v2\/media\/9979"}],"wp:attachment":[{"href":"https:\/\/flytechltd.com\/en\/wp-json\/wp\/v2\/media?parent=6493"}],"wp:term":[{"taxonomy":"product_brand","embeddable":true,"href":"https:\/\/flytechltd.com\/en\/wp-json\/wp\/v2\/product_brand?post=6493"},{"taxonomy":"product_cat","embeddable":true,"href":"https:\/\/flytechltd.com\/en\/wp-json\/wp\/v2\/product_cat?post=6493"},{"taxonomy":"product_tag","embeddable":true,"href":"https:\/\/flytechltd.com\/en\/wp-json\/wp\/v2\/product_tag?post=6493"}],"curies":[{"name":"wp","href":"https:\/\/api.w.org\/{rel}","templated":true}]}}