{"id":9284,"date":"2022-10-04T17:48:33","date_gmt":"2022-10-04T17:48:33","guid":{"rendered":"https:\/\/flytechltd.com\/?post_type=product&#038;p=9284"},"modified":"2023-10-06T13:05:44","modified_gmt":"2023-10-06T13:05:44","slug":"awei-h6-akilli-saat-1-69-inc","status":"publish","type":"product","link":"https:\/\/flytechltd.com\/en\/p\/awei-h6-akilli-saat-1-69-inc\/","title":{"rendered":"Awei H6 Ak\u0131ll\u0131 Saat 1.69 Inc"},"content":{"rendered":"<p>Awei H6 Smart Watch 1.69 Inch Fitness Build In Blood Pressure Health Care Analysis Sport and Sleep Data Fast Magnetic Charging<\/p>\n<p>\u00dcr\u00fcn Bilgisi:<\/p>\n<p>1\ufe0f\u20e3 Ekran boyutu: 1.69 in\u00e7 (IPS dokunmatik ekran)<br \/>\n2\ufe0f\u20e3 \u00c7\u00f6z\u00fcn\u00fcrl\u00fck: 240*280<br \/>\n3\ufe0f\u20e3 Polimer Li-ion pil 180mAh<br \/>\n4\ufe0f\u20e3 Pil \u00f6mr\u00fc: 7 g\u00fcn, bekleme s\u00fcresi: 30 g\u00fcn<br \/>\n5\ufe0f\u20e3 Bluetooth:5.0<br \/>\n6\ufe0f\u20e3 Su ge\u00e7irmez oran\u0131: IP67<br \/>\n7\ufe0f\u20e3 Kullan\u0131c\u0131 tan\u0131ml\u0131 arama<br \/>\n8\ufe0f\u20e3 Uyumlu sistem: Android4.4 veya \u00fcst\u00fc, IOS9.0 veya \u00fcst\u00fc<br \/>\n9\ufe0f\u20e3 Sa\u011fl\u0131k hat\u0131rlatma: kalp h\u0131z\u0131, uyku, Sedentariness, kan bas\u0131nc\u0131, kan oksijen izleme;<br \/>\nHava tahmini, ad\u0131m sayma, kilometre, kalori;<br \/>\n\ud83d\udd1f Arama, Bluetooth, itme mesaj\u0131 vb. Gibi \u00e7ok fonksiyonlu uygulamalar.<\/p>\n<p>\u00d6zellikler:<\/p>\n<p>1. Ekran boyutu: 1.69 in\u00e7 IPS dokunmatik ekran. Kullan\u0131c\u0131 tan\u0131ml\u0131 arama<br \/>\n2. Nab\u0131z monit\u00f6r\u00fc ing: geli\u015fmi\u015f PPG sens\u00f6r\u00fc ile t\u00fcm g\u00fcn ak\u0131ll\u0131 nab\u0131z monit\u00f6r\u00fc.<br \/>\n3. Kan bas\u0131nc\u0131 izleme: sa\u011fl\u0131k referans\u0131 i\u00e7in APP \u00fczerinde kan bas\u0131nc\u0131 tespit i\u00e7in ki\u015fisel modelinizi ayarlay\u0131n. Uyku monit\u00f6r\u00fc, uyku kalitenizi tan\u0131man\u0131za ve geli\u015ftirmenize yard\u0131mc\u0131 olabilir.<br \/>\n4. Etkinlik takibi: ad\u0131mlar\u0131n\u0131z\u0131, yak\u0131lan kalorileri ve mesafeyi do\u011fru bir \u015fekilde saymak i\u00e7in g\u00fcnl\u00fck aktivite takibi i\u00e7in dahili pedometre.<br \/>\n5. Uyku izleme: her g\u00fcn uyku kalitesini do\u011fru bir \u015fekilde izleyin, derin uyku ve hafif uykunun zaman uzunlu\u011funu hesaplay\u0131n.<br \/>\n6. IP67 su ge\u00e7irmez: IP67 su ge\u00e7irmez, ellerinizi y\u0131karken ve ya\u011fmurda yakalan\u0131rken izleyiciyi takabilirsiniz. Her yerde ve her zaman bir fitness izleyicisinin t\u00fcm \u00f6zelliklerinin tad\u0131n\u0131 \u00e7\u0131kar\u0131n.<br \/>\n7. Ek fonksiyon kalori, mesafe, ad\u0131m say\u0131s\u0131, kronometre, bilgi hat\u0131rlatma, \u00e7a\u011fr\u0131 hat\u0131rlatma, Alarm, uzaktan kamera, sosyal payla\u015f\u0131m (wechat, QQ, Facebook, twitter) vb.<br \/>\n8. App dili: T\u00fcrk\u00e7e,rus\u00e7a, almanca, \u0130talyanca, \u00e7ek\u00e7e, japonca, frans\u0131zca, tay dili<\/p>\n","protected":false},"excerpt":{"rendered":"<p>Awei H6 Ak\u0131ll\u0131 Saat 1.69 Inc<\/p>\n","protected":false},"featured_media":13437,"comment_status":"open","ping_status":"closed","template":"","meta":[],"product_brand":[],"product_cat":[345,316],"product_tag":[],"class_list":{"0":"post-9284","1":"product","2":"type-product","3":"status-publish","4":"has-post-thumbnail","6":"product_cat-saatler","7":"product_cat-telefon-aksesuarlar","9":"first","10":"instock","11":"sale","12":"shipping-taxable","13":"purchasable","14":"product-type-simple"},"aioseo_notices":[],"_links":{"self":[{"href":"https:\/\/flytechltd.com\/en\/wp-json\/wp\/v2\/product\/9284","targetHints":{"allow":["GET"]}}],"collection":[{"href":"https:\/\/flytechltd.com\/en\/wp-json\/wp\/v2\/product"}],"about":[{"href":"https:\/\/flytechltd.com\/en\/wp-json\/wp\/v2\/types\/product"}],"replies":[{"embeddable":true,"href":"https:\/\/flytechltd.com\/en\/wp-json\/wp\/v2\/comments?post=9284"}],"version-history":[{"count":0,"href":"https:\/\/flytechltd.com\/en\/wp-json\/wp\/v2\/product\/9284\/revisions"}],"wp:featuredmedia":[{"embeddable":true,"href":"https:\/\/flytechltd.com\/en\/wp-json\/wp\/v2\/media\/13437"}],"wp:attachment":[{"href":"https:\/\/flytechltd.com\/en\/wp-json\/wp\/v2\/media?parent=9284"}],"wp:term":[{"taxonomy":"product_brand","embeddable":true,"href":"https:\/\/flytechltd.com\/en\/wp-json\/wp\/v2\/product_brand?post=9284"},{"taxonomy":"product_cat","embeddable":true,"href":"https:\/\/flytechltd.com\/en\/wp-json\/wp\/v2\/product_cat?post=9284"},{"taxonomy":"product_tag","embeddable":true,"href":"https:\/\/flytechltd.com\/en\/wp-json\/wp\/v2\/product_tag?post=9284"}],"curies":[{"name":"wp","href":"https:\/\/api.w.org\/{rel}","templated":true}]}}