{"id":9294,"date":"2022-10-04T17:54:34","date_gmt":"2022-10-04T17:54:34","guid":{"rendered":"https:\/\/flytechltd.com\/?post_type=product&#038;p=9294"},"modified":"2025-10-01T11:32:49","modified_gmt":"2025-10-01T11:32:49","slug":"sac-sekillendirici-hb-19","status":"publish","type":"product","link":"https:\/\/flytechltd.com\/en\/p\/sac-sekillendirici-hb-19\/","title":{"rendered":"Sa\u00e7 \u015eekillendirici HB-19"},"content":{"rendered":"<p>Hausberg HB-19 Sa\u00e7 \u015eekillendirici<\/p>\n<p>0-1-2 \u0131s\u0131 ayar\u0131<br \/>\nSa\u00e7 stili i\u00e7in 6 aparat<br \/>\n360 derece d\u00f6nebilen kordon, VDE fi\u015fi<br \/>\nAs\u0131labilir<br \/>\nG\u00fc\u00e7: 220V-240V, 800-1000W<\/p>\n","protected":false},"excerpt":{"rendered":"<p>Sa\u00e7 \u015eekillendirici HB-19<\/p>\n","protected":false},"featured_media":9295,"comment_status":"open","ping_status":"closed","template":"","meta":[],"product_brand":[],"product_cat":[326],"product_tag":[],"class_list":{"0":"post-9294","1":"product","2":"type-product","3":"status-publish","4":"has-post-thumbnail","6":"product_cat-kisisel-bakim","8":"first","9":"instock","10":"shipping-taxable","11":"purchasable","12":"product-type-simple"},"aioseo_notices":[],"_links":{"self":[{"href":"https:\/\/flytechltd.com\/en\/wp-json\/wp\/v2\/product\/9294","targetHints":{"allow":["GET"]}}],"collection":[{"href":"https:\/\/flytechltd.com\/en\/wp-json\/wp\/v2\/product"}],"about":[{"href":"https:\/\/flytechltd.com\/en\/wp-json\/wp\/v2\/types\/product"}],"replies":[{"embeddable":true,"href":"https:\/\/flytechltd.com\/en\/wp-json\/wp\/v2\/comments?post=9294"}],"version-history":[{"count":0,"href":"https:\/\/flytechltd.com\/en\/wp-json\/wp\/v2\/product\/9294\/revisions"}],"wp:featuredmedia":[{"embeddable":true,"href":"https:\/\/flytechltd.com\/en\/wp-json\/wp\/v2\/media\/9295"}],"wp:attachment":[{"href":"https:\/\/flytechltd.com\/en\/wp-json\/wp\/v2\/media?parent=9294"}],"wp:term":[{"taxonomy":"product_brand","embeddable":true,"href":"https:\/\/flytechltd.com\/en\/wp-json\/wp\/v2\/product_brand?post=9294"},{"taxonomy":"product_cat","embeddable":true,"href":"https:\/\/flytechltd.com\/en\/wp-json\/wp\/v2\/product_cat?post=9294"},{"taxonomy":"product_tag","embeddable":true,"href":"https:\/\/flytechltd.com\/en\/wp-json\/wp\/v2\/product_tag?post=9294"}],"curies":[{"name":"wp","href":"https:\/\/api.w.org\/{rel}","templated":true}]}}