{"id":9342,"date":"2022-10-04T18:15:00","date_gmt":"2022-10-04T18:15:00","guid":{"rendered":"https:\/\/flytechltd.com\/?post_type=product&#038;p=9342"},"modified":"2022-10-14T09:52:29","modified_gmt":"2022-10-14T09:52:29","slug":"bakim-tiras-seti-hb-65","status":"publish","type":"product","link":"https:\/\/flytechltd.com\/en\/p\/bakim-tiras-seti-hb-65\/","title":{"rendered":"Bak\u0131m T\u0131ra\u015f Seti HB-65"},"content":{"rendered":"<p>Hausberg HB-65 Bak\u0131m T\u0131ra\u015f Seti<\/p>\n<p>5&#8217;i 1 arada bak\u0131m seti \u015funlar\u0131 i\u00e7erir: sa\u00e7 kesme makinesi, sakal d\u00fczeltici, hassas d\u00fczeltici, burun d\u00fczeltici, t\u0131ra\u015f makinesi<br \/>\nA\u00e7ma\/kapatma d\u00fc\u011fmesi<br \/>\n2 pil i\u00e7inde<br \/>\nCE standard\u0131<br \/>\nKablo uzunlu\u011fu: 1.8m, adapt\u00f6r ile, VDE fi\u015f<br \/>\nMotor boyutu\uff1a21.1*.31.4mm<br \/>\nG\u00fc\u00e7: 3W, 220V-240V<\/p>\n","protected":false},"excerpt":{"rendered":"<p>Bak\u0131m T\u0131ra\u015f Seti HB-65<\/p>\n","protected":false},"featured_media":9344,"comment_status":"open","ping_status":"closed","template":"","meta":[],"product_brand":[],"product_cat":[326],"product_tag":[],"class_list":{"0":"post-9342","1":"product","2":"type-product","3":"status-publish","4":"has-post-thumbnail","6":"product_cat-kisisel-bakim","8":"first","9":"instock","10":"shipping-taxable","11":"purchasable","12":"product-type-simple"},"aioseo_notices":[],"_links":{"self":[{"href":"https:\/\/flytechltd.com\/en\/wp-json\/wp\/v2\/product\/9342","targetHints":{"allow":["GET"]}}],"collection":[{"href":"https:\/\/flytechltd.com\/en\/wp-json\/wp\/v2\/product"}],"about":[{"href":"https:\/\/flytechltd.com\/en\/wp-json\/wp\/v2\/types\/product"}],"replies":[{"embeddable":true,"href":"https:\/\/flytechltd.com\/en\/wp-json\/wp\/v2\/comments?post=9342"}],"version-history":[{"count":0,"href":"https:\/\/flytechltd.com\/en\/wp-json\/wp\/v2\/product\/9342\/revisions"}],"wp:featuredmedia":[{"embeddable":true,"href":"https:\/\/flytechltd.com\/en\/wp-json\/wp\/v2\/media\/9344"}],"wp:attachment":[{"href":"https:\/\/flytechltd.com\/en\/wp-json\/wp\/v2\/media?parent=9342"}],"wp:term":[{"taxonomy":"product_brand","embeddable":true,"href":"https:\/\/flytechltd.com\/en\/wp-json\/wp\/v2\/product_brand?post=9342"},{"taxonomy":"product_cat","embeddable":true,"href":"https:\/\/flytechltd.com\/en\/wp-json\/wp\/v2\/product_cat?post=9342"},{"taxonomy":"product_tag","embeddable":true,"href":"https:\/\/flytechltd.com\/en\/wp-json\/wp\/v2\/product_tag?post=9342"}],"curies":[{"name":"wp","href":"https:\/\/api.w.org\/{rel}","templated":true}]}}