{"id":9370,"date":"2022-10-04T18:40:17","date_gmt":"2022-10-04T18:40:17","guid":{"rendered":"https:\/\/flytechltd.com\/?post_type=product&#038;p=9370"},"modified":"2024-04-28T12:30:58","modified_gmt":"2024-04-28T12:30:58","slug":"sac-kurutma-makinesi-hb-26","status":"publish","type":"product","link":"https:\/\/flytechltd.com\/en\/p\/sac-kurutma-makinesi-hb-26\/","title":{"rendered":"Sa\u00e7 Kurutma Makinesi HB-26"},"content":{"rendered":"<p><strong>Hausberg HB-26 Sa\u00e7 Kurutma Makinesi\u00a0<\/strong><\/p>\n<p>3 S\u0131cakl\u0131k ayar\u0131<br \/>\n2 H\u0131z ayar\u0131<br \/>\nSo\u011fuk \u00fcfleme<br \/>\nProfesyonel parmak dif\u00fcz\u00f6r\u00fc ve \u015fekillendirme ba\u015fl\u0131\u011f\u0131<br \/>\nHava giri\u015f filtresi<br \/>\nAsma halkas\u0131<br \/>\nG\u00fc\u00e7 kayna\u011f\u0131: 220-240 V, 50-60 Hz, 1600-2000W<\/p>\n","protected":false},"excerpt":{"rendered":"<p>Sa\u00e7 Kurutma Makinesi HB-26<\/p>\n","protected":false},"featured_media":9371,"comment_status":"open","ping_status":"closed","template":"","meta":[],"product_brand":[],"product_cat":[326],"product_tag":[],"class_list":{"0":"post-9370","1":"product","2":"type-product","3":"status-publish","4":"has-post-thumbnail","6":"product_cat-kisisel-bakim","8":"first","9":"instock","10":"sale","11":"shipping-taxable","12":"purchasable","13":"product-type-simple"},"aioseo_notices":[],"_links":{"self":[{"href":"https:\/\/flytechltd.com\/en\/wp-json\/wp\/v2\/product\/9370","targetHints":{"allow":["GET"]}}],"collection":[{"href":"https:\/\/flytechltd.com\/en\/wp-json\/wp\/v2\/product"}],"about":[{"href":"https:\/\/flytechltd.com\/en\/wp-json\/wp\/v2\/types\/product"}],"replies":[{"embeddable":true,"href":"https:\/\/flytechltd.com\/en\/wp-json\/wp\/v2\/comments?post=9370"}],"version-history":[{"count":0,"href":"https:\/\/flytechltd.com\/en\/wp-json\/wp\/v2\/product\/9370\/revisions"}],"wp:featuredmedia":[{"embeddable":true,"href":"https:\/\/flytechltd.com\/en\/wp-json\/wp\/v2\/media\/9371"}],"wp:attachment":[{"href":"https:\/\/flytechltd.com\/en\/wp-json\/wp\/v2\/media?parent=9370"}],"wp:term":[{"taxonomy":"product_brand","embeddable":true,"href":"https:\/\/flytechltd.com\/en\/wp-json\/wp\/v2\/product_brand?post=9370"},{"taxonomy":"product_cat","embeddable":true,"href":"https:\/\/flytechltd.com\/en\/wp-json\/wp\/v2\/product_cat?post=9370"},{"taxonomy":"product_tag","embeddable":true,"href":"https:\/\/flytechltd.com\/en\/wp-json\/wp\/v2\/product_tag?post=9370"}],"curies":[{"name":"wp","href":"https:\/\/api.w.org\/{rel}","templated":true}]}}