{"id":9392,"date":"2022-10-04T18:47:38","date_gmt":"2022-10-04T18:47:38","guid":{"rendered":"https:\/\/flytechltd.com\/?post_type=product&#038;p=9392"},"modified":"2022-10-14T09:45:39","modified_gmt":"2022-10-14T09:45:39","slug":"rondo-hb-4504","status":"publish","type":"product","link":"https:\/\/flytechltd.com\/en\/p\/rondo-hb-4504\/","title":{"rendered":"Rondo HB-4504"},"content":{"rendered":"<p>Hausberg HB-4504 Rondo<\/p>\n<p>Buhar\/\u00e7al\u0131\u015fma bas\u0131nc\u0131 3,5 bar<br \/>\n2 ayar: espresso, kapu\u00e7ino<br \/>\n4 fincan kapasiteli<br \/>\nBuhar t\u00fcp\u00fc ve k\u00f6p\u00fcrtme yard\u0131mc\u0131s\u0131<br \/>\n\u00c7\u0131kar\u0131labilir damlama tepsisi<br \/>\nA\u00e7\u0131k\/kapal\u0131 g\u00f6sterge \u0131\u015f\u0131\u011f\u0131<br \/>\nKablo saklama<br \/>\nKaymay\u0131 \u00f6nleyen lastik ayaklar<br \/>\nPaslanmaz \u00e7elik panel<br \/>\nG\u00fc\u00e7: 230V, 50 Hz, 650W<\/p>\n","protected":false},"excerpt":{"rendered":"<p>Rondo HB-4504<\/p>\n","protected":false},"featured_media":9393,"comment_status":"open","ping_status":"closed","template":"","meta":[],"product_brand":[],"product_cat":[332],"product_tag":[],"class_list":{"0":"post-9392","1":"product","2":"type-product","3":"status-publish","4":"has-post-thumbnail","6":"product_cat-karistirici","8":"first","9":"instock","10":"shipping-taxable","11":"purchasable","12":"product-type-simple"},"aioseo_notices":[],"_links":{"self":[{"href":"https:\/\/flytechltd.com\/en\/wp-json\/wp\/v2\/product\/9392","targetHints":{"allow":["GET"]}}],"collection":[{"href":"https:\/\/flytechltd.com\/en\/wp-json\/wp\/v2\/product"}],"about":[{"href":"https:\/\/flytechltd.com\/en\/wp-json\/wp\/v2\/types\/product"}],"replies":[{"embeddable":true,"href":"https:\/\/flytechltd.com\/en\/wp-json\/wp\/v2\/comments?post=9392"}],"version-history":[{"count":0,"href":"https:\/\/flytechltd.com\/en\/wp-json\/wp\/v2\/product\/9392\/revisions"}],"wp:featuredmedia":[{"embeddable":true,"href":"https:\/\/flytechltd.com\/en\/wp-json\/wp\/v2\/media\/9393"}],"wp:attachment":[{"href":"https:\/\/flytechltd.com\/en\/wp-json\/wp\/v2\/media?parent=9392"}],"wp:term":[{"taxonomy":"product_brand","embeddable":true,"href":"https:\/\/flytechltd.com\/en\/wp-json\/wp\/v2\/product_brand?post=9392"},{"taxonomy":"product_cat","embeddable":true,"href":"https:\/\/flytechltd.com\/en\/wp-json\/wp\/v2\/product_cat?post=9392"},{"taxonomy":"product_tag","embeddable":true,"href":"https:\/\/flytechltd.com\/en\/wp-json\/wp\/v2\/product_tag?post=9392"}],"curies":[{"name":"wp","href":"https:\/\/api.w.org\/{rel}","templated":true}]}}