{"id":9400,"date":"2022-10-04T18:56:11","date_gmt":"2022-10-04T18:56:11","guid":{"rendered":"https:\/\/flytechltd.com\/?post_type=product&#038;p=9400"},"modified":"2022-10-14T09:44:34","modified_gmt":"2022-10-14T09:44:34","slug":"ogutucu-tuz-karabiber-hb-7600","status":"publish","type":"product","link":"https:\/\/flytechltd.com\/en\/p\/ogutucu-tuz-karabiber-hb-7600\/","title":{"rendered":"\u00d6\u011f\u00fct\u00fcc\u00fc Tuz Karabiber HB-7600"},"content":{"rendered":"<p><strong>Hausberg HB-7600 \u00d6\u011f\u00fct\u00fcc\u00fc Tuz Karabiber\u00a0<\/strong><\/p>\n<p>A\u00e7\u0131klama<br \/>\nManuel tuz ve karabiber de\u011firmeni<br \/>\nUzunluk: 65x220mm<br \/>\nTek tu\u015fla par\u00e7alama<br \/>\nAyarlanabilir kabal\u0131k<br \/>\nPaslanmaz \u00e7elik g\u00f6vde, akrilik hazne, seramik \u00f6\u011f\u00fct\u00fcc\u00fc<\/p>\n","protected":false},"excerpt":{"rendered":"<p>\u00d6\u011f\u00fct\u00fcc\u00fc Tuz Karabiber HB-7600<\/p>\n","protected":false},"featured_media":9411,"comment_status":"open","ping_status":"closed","template":"","meta":[],"product_brand":[],"product_cat":[332],"product_tag":[],"class_list":{"0":"post-9400","1":"product","2":"type-product","3":"status-publish","4":"has-post-thumbnail","6":"product_cat-karistirici","8":"first","9":"instock","10":"shipping-taxable","11":"purchasable","12":"product-type-simple"},"aioseo_notices":[],"_links":{"self":[{"href":"https:\/\/flytechltd.com\/en\/wp-json\/wp\/v2\/product\/9400","targetHints":{"allow":["GET"]}}],"collection":[{"href":"https:\/\/flytechltd.com\/en\/wp-json\/wp\/v2\/product"}],"about":[{"href":"https:\/\/flytechltd.com\/en\/wp-json\/wp\/v2\/types\/product"}],"replies":[{"embeddable":true,"href":"https:\/\/flytechltd.com\/en\/wp-json\/wp\/v2\/comments?post=9400"}],"version-history":[{"count":0,"href":"https:\/\/flytechltd.com\/en\/wp-json\/wp\/v2\/product\/9400\/revisions"}],"wp:featuredmedia":[{"embeddable":true,"href":"https:\/\/flytechltd.com\/en\/wp-json\/wp\/v2\/media\/9411"}],"wp:attachment":[{"href":"https:\/\/flytechltd.com\/en\/wp-json\/wp\/v2\/media?parent=9400"}],"wp:term":[{"taxonomy":"product_brand","embeddable":true,"href":"https:\/\/flytechltd.com\/en\/wp-json\/wp\/v2\/product_brand?post=9400"},{"taxonomy":"product_cat","embeddable":true,"href":"https:\/\/flytechltd.com\/en\/wp-json\/wp\/v2\/product_cat?post=9400"},{"taxonomy":"product_tag","embeddable":true,"href":"https:\/\/flytechltd.com\/en\/wp-json\/wp\/v2\/product_tag?post=9400"}],"curies":[{"name":"wp","href":"https:\/\/api.w.org\/{rel}","templated":true}]}}