{"id":9501,"date":"2022-10-04T20:13:00","date_gmt":"2022-10-04T20:13:00","guid":{"rendered":"https:\/\/flytechltd.com\/?post_type=product&#038;p=9501"},"modified":"2022-10-14T09:35:46","modified_gmt":"2022-10-14T09:35:46","slug":"waffle-makinesi-hb-3561","status":"publish","type":"product","link":"https:\/\/flytechltd.com\/en\/p\/waffle-makinesi-hb-3561\/","title":{"rendered":"Waffle Makinesi HB-3561"},"content":{"rendered":"<p><strong>Hausberg HB-3561Waffle Makinesi<\/strong><\/p>\n<p>A\u00e7\u0131klama<\/p>\n<p>4 waffle i\u00e7in<\/p>\n<p>Yap\u0131\u015fmaz plakalar<\/p>\n<p>Is\u0131ya dayan\u0131kl\u0131 kasa<\/p>\n<p>Temizlemesi kolay<\/p>\n<p>A\u00e7ma ve \u0131s\u0131tma i\u00e7in \u0131\u015f\u0131k g\u00f6stergeleri<\/p>\n<p>A\u015f\u0131r\u0131 \u0131s\u0131nmaya kar\u015f\u0131 koruma<\/p>\n<p>Kaymaz ayaklar<\/p>\n<p>G\u00fc\u00e7: 220-240V, 50\/60Hz, 1100-1300W<\/p>\n","protected":false},"excerpt":{"rendered":"<p>Waffle Makinesi HB-3561<\/p>\n","protected":false},"featured_media":9502,"comment_status":"open","ping_status":"closed","template":"","meta":[],"product_brand":[],"product_cat":[331],"product_tag":[],"class_list":{"0":"post-9501","1":"product","2":"type-product","3":"status-publish","4":"has-post-thumbnail","6":"product_cat-tost-makinesi-izgara","8":"first","9":"instock","10":"shipping-taxable","11":"purchasable","12":"product-type-simple"},"aioseo_notices":[],"_links":{"self":[{"href":"https:\/\/flytechltd.com\/en\/wp-json\/wp\/v2\/product\/9501","targetHints":{"allow":["GET"]}}],"collection":[{"href":"https:\/\/flytechltd.com\/en\/wp-json\/wp\/v2\/product"}],"about":[{"href":"https:\/\/flytechltd.com\/en\/wp-json\/wp\/v2\/types\/product"}],"replies":[{"embeddable":true,"href":"https:\/\/flytechltd.com\/en\/wp-json\/wp\/v2\/comments?post=9501"}],"version-history":[{"count":0,"href":"https:\/\/flytechltd.com\/en\/wp-json\/wp\/v2\/product\/9501\/revisions"}],"wp:featuredmedia":[{"embeddable":true,"href":"https:\/\/flytechltd.com\/en\/wp-json\/wp\/v2\/media\/9502"}],"wp:attachment":[{"href":"https:\/\/flytechltd.com\/en\/wp-json\/wp\/v2\/media?parent=9501"}],"wp:term":[{"taxonomy":"product_brand","embeddable":true,"href":"https:\/\/flytechltd.com\/en\/wp-json\/wp\/v2\/product_brand?post=9501"},{"taxonomy":"product_cat","embeddable":true,"href":"https:\/\/flytechltd.com\/en\/wp-json\/wp\/v2\/product_cat?post=9501"},{"taxonomy":"product_tag","embeddable":true,"href":"https:\/\/flytechltd.com\/en\/wp-json\/wp\/v2\/product_tag?post=9501"}],"curies":[{"name":"wp","href":"https:\/\/api.w.org\/{rel}","templated":true}]}}