{"id":9507,"date":"2022-10-04T20:17:31","date_gmt":"2022-10-04T20:17:31","guid":{"rendered":"https:\/\/flytechltd.com\/?post_type=product&#038;p=9507"},"modified":"2024-10-15T15:12:49","modified_gmt":"2024-10-15T15:12:49","slug":"utu-hb-7850","status":"publish","type":"product","link":"https:\/\/flytechltd.com\/en\/p\/utu-hb-7850\/","title":{"rendered":"\u00dct\u00fc HB-7850"},"content":{"rendered":"<p>Hausberg HB-7850 \u00dct\u00fc<\/p>\n<p>Seramik kaplama taban<br \/>\nDikey buhar 0,5g\/zaman<br \/>\nGer\u00e7ek buhar 10g\/dk<br \/>\nKendi kendini temizleme i\u015flevi<br \/>\nSprey fonksiyonu<br \/>\nKuru \u00fct\u00fcleme<br \/>\nS\u0131cakl\u0131k kontrol\u00fc<br \/>\n160ml su deposu<br \/>\nG\u00fc\u00e7: 220-240V, 50\/60Hz, 2000W<\/p>\n","protected":false},"excerpt":{"rendered":"<p>\u00dct\u00fc HB-7850<\/p>\n","protected":false},"featured_media":9508,"comment_status":"open","ping_status":"closed","template":"","meta":[],"product_brand":[],"product_cat":[336],"product_tag":[],"class_list":{"0":"post-9507","1":"product","2":"type-product","3":"status-publish","4":"has-post-thumbnail","6":"product_cat-utuler","8":"first","9":"instock","10":"shipping-taxable","11":"purchasable","12":"product-type-simple"},"aioseo_notices":[],"_links":{"self":[{"href":"https:\/\/flytechltd.com\/en\/wp-json\/wp\/v2\/product\/9507","targetHints":{"allow":["GET"]}}],"collection":[{"href":"https:\/\/flytechltd.com\/en\/wp-json\/wp\/v2\/product"}],"about":[{"href":"https:\/\/flytechltd.com\/en\/wp-json\/wp\/v2\/types\/product"}],"replies":[{"embeddable":true,"href":"https:\/\/flytechltd.com\/en\/wp-json\/wp\/v2\/comments?post=9507"}],"version-history":[{"count":0,"href":"https:\/\/flytechltd.com\/en\/wp-json\/wp\/v2\/product\/9507\/revisions"}],"wp:featuredmedia":[{"embeddable":true,"href":"https:\/\/flytechltd.com\/en\/wp-json\/wp\/v2\/media\/9508"}],"wp:attachment":[{"href":"https:\/\/flytechltd.com\/en\/wp-json\/wp\/v2\/media?parent=9507"}],"wp:term":[{"taxonomy":"product_brand","embeddable":true,"href":"https:\/\/flytechltd.com\/en\/wp-json\/wp\/v2\/product_brand?post=9507"},{"taxonomy":"product_cat","embeddable":true,"href":"https:\/\/flytechltd.com\/en\/wp-json\/wp\/v2\/product_cat?post=9507"},{"taxonomy":"product_tag","embeddable":true,"href":"https:\/\/flytechltd.com\/en\/wp-json\/wp\/v2\/product_tag?post=9507"}],"curies":[{"name":"wp","href":"https:\/\/api.w.org\/{rel}","templated":true}]}}