{"id":9512,"date":"2022-10-04T20:26:46","date_gmt":"2022-10-04T20:26:46","guid":{"rendered":"https:\/\/flytechltd.com\/?post_type=product&#038;p=9512"},"modified":"2022-11-12T19:58:06","modified_gmt":"2022-11-12T19:58:06","slug":"kahve-makinesi-hb-3800","status":"publish","type":"product","link":"https:\/\/flytechltd.com\/en\/p\/kahve-makinesi-hb-3800\/","title":{"rendered":"Kahve Makinesi HB-3800"},"content":{"rendered":"<p>Hausberg HB-3800 Kahve Makinesi<\/p>\n<p>A\u00e7\u0131klama<br \/>\nKapasite: 250ml<br \/>\nDokunmatik kontrol anahtar\u0131<br \/>\nGizli paslanmaz \u00e7elik \u0131s\u0131tma eleman\u0131<br \/>\nKuru kaynatma ve a\u015f\u0131r\u0131 \u0131s\u0131nma korumalar\u0131<br \/>\nBir seferde 4 fincan kahve yap\u0131n<br \/>\nAk\u0131ll\u0131 alg\u0131lama sens\u00f6r\u00fc ta\u015fmay\u0131 \u00f6nler<br \/>\nI\u015f\u0131kl\u0131 ve sesli uyar\u0131 sistemi<br \/>\nSa\u011f ve sol el kullan\u0131m\u0131na uygun \u00e7ift ak\u0131\u015fl\u0131 cezve<br \/>\nDamlama \u00f6nleyici cezve<br \/>\nK\u00f6p\u00fck alg\u0131lama sistemi<br \/>\nKahve \u00f6l\u00e7\u00fc ka\u015f\u0131\u011f\u0131 aparat\u0131<br \/>\nG\u00fc\u00e7: AC220-240V, 50\/60 Hz, 400W<\/p>\n","protected":false},"excerpt":{"rendered":"<p>Kahve Makinesi HB-3800<\/p>\n","protected":false},"featured_media":9513,"comment_status":"open","ping_status":"closed","template":"","meta":[],"product_brand":[],"product_cat":[329],"product_tag":[],"class_list":{"0":"post-9512","1":"product","2":"type-product","3":"status-publish","4":"has-post-thumbnail","6":"product_cat-kahve-makinesi","8":"first","9":"instock","10":"shipping-taxable","11":"purchasable","12":"product-type-simple"},"aioseo_notices":[],"_links":{"self":[{"href":"https:\/\/flytechltd.com\/en\/wp-json\/wp\/v2\/product\/9512","targetHints":{"allow":["GET"]}}],"collection":[{"href":"https:\/\/flytechltd.com\/en\/wp-json\/wp\/v2\/product"}],"about":[{"href":"https:\/\/flytechltd.com\/en\/wp-json\/wp\/v2\/types\/product"}],"replies":[{"embeddable":true,"href":"https:\/\/flytechltd.com\/en\/wp-json\/wp\/v2\/comments?post=9512"}],"version-history":[{"count":0,"href":"https:\/\/flytechltd.com\/en\/wp-json\/wp\/v2\/product\/9512\/revisions"}],"wp:featuredmedia":[{"embeddable":true,"href":"https:\/\/flytechltd.com\/en\/wp-json\/wp\/v2\/media\/9513"}],"wp:attachment":[{"href":"https:\/\/flytechltd.com\/en\/wp-json\/wp\/v2\/media?parent=9512"}],"wp:term":[{"taxonomy":"product_brand","embeddable":true,"href":"https:\/\/flytechltd.com\/en\/wp-json\/wp\/v2\/product_brand?post=9512"},{"taxonomy":"product_cat","embeddable":true,"href":"https:\/\/flytechltd.com\/en\/wp-json\/wp\/v2\/product_cat?post=9512"},{"taxonomy":"product_tag","embeddable":true,"href":"https:\/\/flytechltd.com\/en\/wp-json\/wp\/v2\/product_tag?post=9512"}],"curies":[{"name":"wp","href":"https:\/\/api.w.org\/{rel}","templated":true}]}}